{"id":2520,"date":"2024-11-03T21:51:57","date_gmt":"2024-11-03T21:51:57","guid":{"rendered":"https:\/\/paunkovic.com\/?post_type=product&#038;p=2520"},"modified":"2024-11-08T13:31:38","modified_gmt":"2024-11-08T13:31:38","slug":"no-5","status":"publish","type":"product","link":"https:\/\/paunkovic.com\/de\/product\/no-5\/","title":{"rendered":"Nr. 5"},"content":{"rendered":"<p><strong>L &#8211; Digital print on canvas\/paper, size: 61 x 73,93cm ( 24.015 x 29.10 in)<\/strong><\/p>\n<p>Fine Art Limited Edition Druck wird auf 100%% Baumwolle, s\u00e4urefreies Canon 320 g\/m2 Papier oder auf Canon Leinwand 320 g\/m2 gedruckt, unter Verwendung originaler Canon Archiv-LUCIA PRO Pigmenttinte, die f\u00fcr herausragende Farbbrillanz und tiefe Schwarzt\u00f6ne sorgt und sich f\u00fcr beeindruckende Grafik- und Kunstdrucke eignet. Jeder Druck wird mit seinem eigenen Echtheitszertifikat mit Seriennummer und der Unterschrift des K\u00fcnstlers geliefert.<\/p>\n<p>Der Druck wird sorgf\u00e4ltig in einem Pappr\u00f6hrchen gerollt versendet. Die angegebene Gr\u00f6\u00dfe bezieht sich auf die Gr\u00f6\u00dfe des Papiers oder der Leinwand.<\/p>\n<p><strong>M \u2013 Digital print on canvas\/paper, size: 61 x 50,5 cm (24.015 x 19.88 in)<\/strong><\/p>\n<p>Fine Art Limited Edition Druck wird auf 100%% Baumwolle, s\u00e4urefreies Canon 320 g\/m2 Papier oder auf Canon Leinwand 320 g\/m2 gedruckt, unter Verwendung originaler Canon Archiv-LUCIA PRO Pigmenttinte, die f\u00fcr herausragende Farbbrillanz und tiefe Schwarzt\u00f6ne sorgt und sich f\u00fcr beeindruckende Grafik- und Kunstdrucke eignet. Jeder Druck wird mit seinem eigenen Echtheitszertifikat mit Seriennummer und der Unterschrift des K\u00fcnstlers geliefert.<\/p>\n<p>Der Druck wird sorgf\u00e4ltig in einem Pappr\u00f6hrchen gerollt versendet. Die angegebene Gr\u00f6\u00dfe bezieht sich auf die Gr\u00f6\u00dfe des Papiers oder der Leinwand.<\/p>\n<p><strong>S \u2013 Digital print canvas\/paper, size: 50,5 x 41.97cm (19.88 x 16.52 in)<\/strong><\/p>\n<p>GESCHENKEDITION \u2013 Diese Drucke unterscheiden sich in der Qualit\u00e4t nicht von der limitierten Auflage, aber ihre Serie ist nicht limitiert, sie sind kleiner im Format und enthalten die Signatur des K\u00fcnstlers. Au\u00dferdem erhielten sie kein Echtheitszertifikat.<\/p>\n<p>&nbsp;<\/p>\n<p>J&amp;A Paunkovic Kunstdrucke sind<strong> verpackt in stabilen Pappr\u00f6hren.<\/strong><\/p>\n<p>Kunstdrucke von J&amp;A Paunkovic werden versandt <strong>via FedEx<\/strong> , mit dem wir<strong> haben einen Vertrag.<\/strong><\/p>\n<p>Das <strong>Abgabetermin<\/strong> zur Lieferung <strong>Zwischen 3 und 10 Werktagen<\/strong> <strong>Tage<\/strong> ab dem Bestelldatum.<\/p>\n<p>Sobald Ihre Bestellung versandt wurde, erhalten Sie eine<strong> Best\u00e4tigungs-E-Mail<\/strong> und du kannst <strong>Verfolgen Sie Ihre Bestellung auf der FedEx-Website<\/strong>.<\/p>\n<p>Um sicherzustellen, dass Ihr Paket <strong>ordnungsgem\u00e4\u00df geliefert<\/strong> und Sie erhalten die Lieferung innerhalb des von uns angegebenen Zeitrahmens, stellen Sie bitte sicher, dass Ihre Adresse <strong>vollst\u00e4ndig eingegeben und korrekt<\/strong>. Wir tun <strong>nicht nehmen<\/strong> Verantwortung f\u00fcr <strong>falsche Informationen<\/strong>. Wenn Ihr Paket <strong>uns zur\u00fcckgegeben<\/strong> wegen<strong> Falsche Adresse<\/strong> Informationen, Sie werden <strong>aufgeladen<\/strong> die R\u00fccksendegeb\u00fchr, falls Sie Ihren Artikel dennoch erhalten m\u00f6chten.<\/p>\n<p>&nbsp;<\/p>\n<p><strong>R\u00fcckgabe &amp; R\u00fcckerstattung<\/strong><\/p>\n<p>Aufgrund der kollektiven Natur von Kunst und Kunstprodukten akzeptieren wir keine R\u00fcckerstattungen, R\u00fcckgaben oder Umtausch, es sei denn, der Artikel, den Sie erhalten haben, ist besch\u00e4digt.<\/p>\n<p>Sollten Sie einen defekten Artikel erhalten, kontaktieren Sie uns bitte innerhalb von 72 Stunden mit einem Foto, das den Schaden klar zeigt, und wir senden Ihnen kostenlos einen neuen zu.<\/p>\n<p>Nach vollst\u00e4ndiger Pr\u00fcfung Ihres Anspruchs werden wir Sie dar\u00fcber informieren, ob Sie aufgrund der Besch\u00e4digung Anspruch auf eine R\u00fcckerstattung oder einen Ersatz haben. Wenn Sie Anspruch auf einen Ersatz oder eine R\u00fcckerstattung haben, werden wir das Produkt ersetzen oder den Kaufpreis unter Verwendung der urspr\u00fcnglichen Zahlungsmethode zur\u00fcckerstatten.<\/p>\n<p>Abh\u00e4ngig von dem Land, aus dem Sie bestellen, k\u00f6nnen bestimmte Steuern und Z\u00f6lle anfallen, die nicht im Preis inbegriffen sind und au\u00dferhalb der Kontrolle von J&amp;A Paunkovic art studio liegen.<\/p>\n<p>Sollte das Paket nicht innerhalb der angegebenen Zeit eintreffen, senden Sie bitte eine E-Mail an paunkovicart@gmail.com und wir werden unser Bestes tun, um herauszufinden, warum es zu einer Verz\u00f6gerung gekommen ist, oder wir senden Ihnen kostenlos ein neues Paket.<\/p>","protected":false},"excerpt":{"rendered":"<p><strong>KOSTENLOSER VERSAND<\/strong><\/p>\n<p>Lieferzeit: <strong>3 bis 10 Werktage<\/strong><\/p>\n<p>Dies <strong>Limitierte Druckauflage<\/strong> wird vom Einzigartigen reproduziert,<strong> einzigartiges Gem\u00e4lde<\/strong> erstellt im J&amp;A Paunkovic Kunststudio. Die <strong>Prozess der Erstellung<\/strong> das Originalgem\u00e4lde nimmt auf <strong>3 bis 7 Monate.<\/strong><\/p>\n<ul>\n<li><strong>Hohe Qualit\u00e4t<\/strong> Fine Art Print, vom K\u00fcnstler signiert<\/li>\n<li>Jeder Druck ist signiert <strong>Echtheitszertifikat<\/strong><\/li>\n<li><strong>Premium-Tinten<\/strong> f\u00fcr kr\u00e4ftige und leuchtende Farben<\/li>\n<li>Ma\u00dfgeschneidert mit <strong>wei\u00dfer Rand<\/strong> zum Einrahmen<\/li>\n<li>Erh\u00e4ltlich in 3 Gr\u00f6\u00dfen:<strong> L , M , S (Papier\/Leinwand)<\/strong><\/li>\n<\/ul>","protected":false},"featured_media":2528,"comment_status":"closed","ping_status":"closed","template":"","meta":{"site-sidebar-layout":"default","site-content-layout":"","ast-site-content-layout":"default","site-content-style":"default","site-sidebar-style":"default","ast-global-header-display":"","ast-banner-title-visibility":"","ast-main-header-display":"","ast-hfb-above-header-display":"","ast-hfb-below-header-display":"","ast-hfb-mobile-header-display":"","site-post-title":"","ast-breadcrumbs-content":"","ast-featured-img":"","footer-sml-layout":"","ast-disable-related-posts":"","theme-transparent-header-meta":"default","adv-header-id-meta":"","stick-header-meta":"default","header-above-stick-meta":"","header-main-stick-meta":"","header-below-stick-meta":"","astra-migrate-meta-layouts":"set","ast-page-background-enabled":"default","ast-page-background-meta":{"desktop":{"background-color":"","background-image":"","background-repeat":"repeat","background-position":"center center","background-size":"auto","background-attachment":"scroll","background-type":"","background-media":"","overlay-type":"","overlay-color":"","overlay-opacity":"","overlay-gradient":""},"tablet":{"background-color":"","background-image":"","background-repeat":"repeat","background-position":"center center","background-size":"auto","background-attachment":"scroll","background-type":"","background-media":"","overlay-type":"","overlay-color":"","overlay-opacity":"","overlay-gradient":""},"mobile":{"background-color":"","background-image":"","background-repeat":"repeat","background-position":"center center","background-size":"auto","background-attachment":"scroll","background-type":"","background-media":"","overlay-type":"","overlay-color":"","overlay-opacity":"","overlay-gradient":""}},"ast-content-background-meta":{"desktop":{"background-color":"var(--ast-global-color-5)","background-image":"","background-repeat":"repeat","background-position":"center center","background-size":"auto","background-attachment":"scroll","background-type":"","background-media":"","overlay-type":"","overlay-color":"","overlay-opacity":"","overlay-gradient":""},"tablet":{"background-color":"var(--ast-global-color-5)","background-image":"","background-repeat":"repeat","background-position":"center center","background-size":"auto","background-attachment":"scroll","background-type":"","background-media":"","overlay-type":"","overlay-color":"","overlay-opacity":"","overlay-gradient":""},"mobile":{"background-color":"var(--ast-global-color-5)","background-image":"","background-repeat":"repeat","background-position":"center center","background-size":"auto","background-attachment":"scroll","background-type":"","background-media":"","overlay-type":"","overlay-color":"","overlay-opacity":"","overlay-gradient":""}}},"product_brand":[],"product_cat":[32],"product_tag":[40,41,42],"class_list":{"0":"post-2520","1":"product","2":"type-product","3":"status-publish","4":"has-post-thumbnail","6":"product_cat-prints-limited-edition","7":"product_tag-art-prints","8":"product_tag-limited-edition","9":"product_tag-museum-quality","10":"pa_size-l","11":"pa_size-m","12":"pa_size-s","13":"desktop-align-center","14":"tablet-align-center","15":"mobile-align-center","16":"ast-product-gallery-layout-horizontal","17":"ast-product-single-variable","18":"ast-product-tabs-layout-accordion","19":"ast-qv-on-image","21":"first","22":"instock","23":"shipping-taxable","24":"purchasable","25":"product-type-variable"},"yoast_head":"<!-- This site is optimized with the Yoast SEO plugin v27.4 - https:\/\/yoast.com\/product\/yoast-seo-wordpress\/ -->\n<title>NO.5 - JA Paunkovic<\/title>\n<meta name=\"robots\" content=\"index, follow, max-snippet:-1, max-image-preview:large, max-video-preview:-1\" \/>\n<link rel=\"canonical\" href=\"https:\/\/paunkovic.com\/de\/product\/no-5\/\" \/>\n<meta property=\"og:locale\" content=\"de_DE\" \/>\n<meta property=\"og:type\" content=\"article\" \/>\n<meta property=\"og:title\" content=\"NO.5 - JA Paunkovic\" \/>\n<meta property=\"og:description\" content=\"FREE SHIPPING  Delivery time: 3 to 10 working days  This Limited edition print is reproduced from the unique, one-of-a-kind painting created in J&amp;A Paunkovic art studio. The process of creating the original painting takes from 3 to 7 months.   High quality fine art print signed by artist  Each print has a signed Certificate of authenticity  Premium inks for bold and vibrant colours  Custom trimmed with white border for framing  Available in 3 sizes: L , M , S (paper\/canvas)\" \/>\n<meta property=\"og:url\" content=\"https:\/\/paunkovic.com\/de\/product\/no-5\/\" \/>\n<meta property=\"og:site_name\" content=\"JA Paunkovic\" \/>\n<meta property=\"article:publisher\" content=\"https:\/\/www.facebook.com\/people\/JA-Paunkovic-art-studio\/100035498963663\/\" \/>\n<meta property=\"article:modified_time\" content=\"2024-11-08T13:31:38+00:00\" \/>\n<meta property=\"og:image\" content=\"https:\/\/paunkovic.com\/wp-content\/uploads\/2024\/11\/final.jpg\" \/>\n\t<meta property=\"og:image:width\" content=\"2000\" \/>\n\t<meta property=\"og:image:height\" content=\"2000\" \/>\n\t<meta property=\"og:image:type\" content=\"image\/jpeg\" \/>\n<meta name=\"twitter:card\" content=\"summary_large_image\" \/>\n<meta name=\"twitter:label1\" content=\"Gesch\u00e4tzte Lesezeit\" \/>\n\t<meta name=\"twitter:data1\" content=\"3\u00a0Minuten\" \/>\n<script type=\"application\/ld+json\" class=\"yoast-schema-graph\">{\"@context\":\"https:\\\/\\\/schema.org\",\"@graph\":[{\"@type\":\"WebPage\",\"@id\":\"https:\\\/\\\/paunkovic.com\\\/product\\\/no-5\\\/\",\"url\":\"https:\\\/\\\/paunkovic.com\\\/product\\\/no-5\\\/\",\"name\":\"NO.5 - JA Paunkovic\",\"isPartOf\":{\"@id\":\"https:\\\/\\\/paunkovic.com\\\/#website\"},\"primaryImageOfPage\":{\"@id\":\"https:\\\/\\\/paunkovic.com\\\/product\\\/no-5\\\/#primaryimage\"},\"image\":{\"@id\":\"https:\\\/\\\/paunkovic.com\\\/product\\\/no-5\\\/#primaryimage\"},\"thumbnailUrl\":\"https:\\\/\\\/paunkovic.com\\\/wp-content\\\/uploads\\\/2024\\\/11\\\/final.jpg\",\"datePublished\":\"2024-11-03T21:51:57+00:00\",\"dateModified\":\"2024-11-08T13:31:38+00:00\",\"breadcrumb\":{\"@id\":\"https:\\\/\\\/paunkovic.com\\\/product\\\/no-5\\\/#breadcrumb\"},\"inLanguage\":\"de\",\"potentialAction\":[{\"@type\":\"ReadAction\",\"target\":[\"https:\\\/\\\/paunkovic.com\\\/product\\\/no-5\\\/\"]}]},{\"@type\":\"ImageObject\",\"inLanguage\":\"de\",\"@id\":\"https:\\\/\\\/paunkovic.com\\\/product\\\/no-5\\\/#primaryimage\",\"url\":\"https:\\\/\\\/paunkovic.com\\\/wp-content\\\/uploads\\\/2024\\\/11\\\/final.jpg\",\"contentUrl\":\"https:\\\/\\\/paunkovic.com\\\/wp-content\\\/uploads\\\/2024\\\/11\\\/final.jpg\",\"width\":2000,\"height\":2000},{\"@type\":\"BreadcrumbList\",\"@id\":\"https:\\\/\\\/paunkovic.com\\\/product\\\/no-5\\\/#breadcrumb\",\"itemListElement\":[{\"@type\":\"ListItem\",\"position\":1,\"name\":\"Home\",\"item\":\"https:\\\/\\\/paunkovic.com\\\/\"},{\"@type\":\"ListItem\",\"position\":2,\"name\":\"Shop\",\"item\":\"https:\\\/\\\/paunkovic.com\\\/shop\\\/\"},{\"@type\":\"ListItem\",\"position\":3,\"name\":\"NO.5\"}]},{\"@type\":\"WebSite\",\"@id\":\"https:\\\/\\\/paunkovic.com\\\/#website\",\"url\":\"https:\\\/\\\/paunkovic.com\\\/\",\"name\":\"JA Paunkovic\",\"description\":\"art inspired by nature\",\"publisher\":{\"@id\":\"https:\\\/\\\/paunkovic.com\\\/#organization\"},\"potentialAction\":[{\"@type\":\"SearchAction\",\"target\":{\"@type\":\"EntryPoint\",\"urlTemplate\":\"https:\\\/\\\/paunkovic.com\\\/?s={search_term_string}\"},\"query-input\":{\"@type\":\"PropertyValueSpecification\",\"valueRequired\":true,\"valueName\":\"search_term_string\"}}],\"inLanguage\":\"de\"},{\"@type\":\"Organization\",\"@id\":\"https:\\\/\\\/paunkovic.com\\\/#organization\",\"name\":\"JA Paunkovic art studio\",\"url\":\"https:\\\/\\\/paunkovic.com\\\/\",\"logo\":{\"@type\":\"ImageObject\",\"inLanguage\":\"de\",\"@id\":\"https:\\\/\\\/paunkovic.com\\\/#\\\/schema\\\/logo\\\/image\\\/\",\"url\":\"https:\\\/\\\/paunkovic.com\\\/wp-content\\\/uploads\\\/2024\\\/10\\\/cropped-favicon.png\",\"contentUrl\":\"https:\\\/\\\/paunkovic.com\\\/wp-content\\\/uploads\\\/2024\\\/10\\\/cropped-favicon.png\",\"width\":512,\"height\":512,\"caption\":\"JA Paunkovic art studio\"},\"image\":{\"@id\":\"https:\\\/\\\/paunkovic.com\\\/#\\\/schema\\\/logo\\\/image\\\/\"},\"sameAs\":[\"https:\\\/\\\/www.facebook.com\\\/people\\\/JA-Paunkovic-art-studio\\\/100035498963663\\\/\",\"https:\\\/\\\/www.instagram.com\\\/paunkovicart\\\/\",\"https:\\\/\\\/www.youtube.com\\\/channel\\\/UCU-Blld6rytSCTWTQzW6Unw\"]}]}<\/script>\n<!-- \/ Yoast SEO plugin. -->","yoast_head_json":{"title":"NO.5 - JA Paunkovic","robots":{"index":"index","follow":"follow","max-snippet":"max-snippet:-1","max-image-preview":"max-image-preview:large","max-video-preview":"max-video-preview:-1"},"canonical":"https:\/\/paunkovic.com\/de\/product\/no-5\/","og_locale":"de_DE","og_type":"article","og_title":"NO.5 - JA Paunkovic","og_description":"FREE SHIPPING  Delivery time: 3 to 10 working days  This Limited edition print is reproduced from the unique, one-of-a-kind painting created in J&amp;A Paunkovic art studio. The process of creating the original painting takes from 3 to 7 months.   High quality fine art print signed by artist  Each print has a signed Certificate of authenticity  Premium inks for bold and vibrant colours  Custom trimmed with white border for framing  Available in 3 sizes: L , M , S (paper\/canvas)","og_url":"https:\/\/paunkovic.com\/de\/product\/no-5\/","og_site_name":"JA Paunkovic","article_publisher":"https:\/\/www.facebook.com\/people\/JA-Paunkovic-art-studio\/100035498963663\/","article_modified_time":"2024-11-08T13:31:38+00:00","og_image":[{"width":2000,"height":2000,"url":"https:\/\/paunkovic.com\/wp-content\/uploads\/2024\/11\/final.jpg","type":"image\/jpeg"}],"twitter_card":"summary_large_image","twitter_misc":{"Gesch\u00e4tzte Lesezeit":"3\u00a0Minuten"},"schema":{"@context":"https:\/\/schema.org","@graph":[{"@type":"WebPage","@id":"https:\/\/paunkovic.com\/product\/no-5\/","url":"https:\/\/paunkovic.com\/product\/no-5\/","name":"NO.5 - JA Paunkovic","isPartOf":{"@id":"https:\/\/paunkovic.com\/#website"},"primaryImageOfPage":{"@id":"https:\/\/paunkovic.com\/product\/no-5\/#primaryimage"},"image":{"@id":"https:\/\/paunkovic.com\/product\/no-5\/#primaryimage"},"thumbnailUrl":"https:\/\/paunkovic.com\/wp-content\/uploads\/2024\/11\/final.jpg","datePublished":"2024-11-03T21:51:57+00:00","dateModified":"2024-11-08T13:31:38+00:00","breadcrumb":{"@id":"https:\/\/paunkovic.com\/product\/no-5\/#breadcrumb"},"inLanguage":"de","potentialAction":[{"@type":"ReadAction","target":["https:\/\/paunkovic.com\/product\/no-5\/"]}]},{"@type":"ImageObject","inLanguage":"de","@id":"https:\/\/paunkovic.com\/product\/no-5\/#primaryimage","url":"https:\/\/paunkovic.com\/wp-content\/uploads\/2024\/11\/final.jpg","contentUrl":"https:\/\/paunkovic.com\/wp-content\/uploads\/2024\/11\/final.jpg","width":2000,"height":2000},{"@type":"BreadcrumbList","@id":"https:\/\/paunkovic.com\/product\/no-5\/#breadcrumb","itemListElement":[{"@type":"ListItem","position":1,"name":"Home","item":"https:\/\/paunkovic.com\/"},{"@type":"ListItem","position":2,"name":"Shop","item":"https:\/\/paunkovic.com\/shop\/"},{"@type":"ListItem","position":3,"name":"NO.5"}]},{"@type":"WebSite","@id":"https:\/\/paunkovic.com\/#website","url":"https:\/\/paunkovic.com\/","name":"JA Paunkovic","description":"kunst inspiriert von der natur","publisher":{"@id":"https:\/\/paunkovic.com\/#organization"},"potentialAction":[{"@type":"SearchAction","target":{"@type":"EntryPoint","urlTemplate":"https:\/\/paunkovic.com\/?s={search_term_string}"},"query-input":{"@type":"PropertyValueSpecification","valueRequired":true,"valueName":"search_term_string"}}],"inLanguage":"de"},{"@type":"Organization","@id":"https:\/\/paunkovic.com\/#organization","name":"JA Paunkovic Kunststudio","url":"https:\/\/paunkovic.com\/","logo":{"@type":"ImageObject","inLanguage":"de","@id":"https:\/\/paunkovic.com\/#\/schema\/logo\/image\/","url":"https:\/\/paunkovic.com\/wp-content\/uploads\/2024\/10\/cropped-favicon.png","contentUrl":"https:\/\/paunkovic.com\/wp-content\/uploads\/2024\/10\/cropped-favicon.png","width":512,"height":512,"caption":"JA Paunkovic art studio"},"image":{"@id":"https:\/\/paunkovic.com\/#\/schema\/logo\/image\/"},"sameAs":["https:\/\/www.facebook.com\/people\/JA-Paunkovic-art-studio\/100035498963663\/","https:\/\/www.instagram.com\/paunkovicart\/","https:\/\/www.youtube.com\/channel\/UCU-Blld6rytSCTWTQzW6Unw"]}]}},"_links":{"self":[{"href":"https:\/\/paunkovic.com\/de\/wp-json\/wp\/v2\/product\/2520","targetHints":{"allow":["GET"]}}],"collection":[{"href":"https:\/\/paunkovic.com\/de\/wp-json\/wp\/v2\/product"}],"about":[{"href":"https:\/\/paunkovic.com\/de\/wp-json\/wp\/v2\/types\/product"}],"replies":[{"embeddable":true,"href":"https:\/\/paunkovic.com\/de\/wp-json\/wp\/v2\/comments?post=2520"}],"wp:featuredmedia":[{"embeddable":true,"href":"https:\/\/paunkovic.com\/de\/wp-json\/wp\/v2\/media\/2528"}],"wp:attachment":[{"href":"https:\/\/paunkovic.com\/de\/wp-json\/wp\/v2\/media?parent=2520"}],"wp:term":[{"taxonomy":"product_brand","embeddable":true,"href":"https:\/\/paunkovic.com\/de\/wp-json\/wp\/v2\/product_brand?post=2520"},{"taxonomy":"product_cat","embeddable":true,"href":"https:\/\/paunkovic.com\/de\/wp-json\/wp\/v2\/product_cat?post=2520"},{"taxonomy":"product_tag","embeddable":true,"href":"https:\/\/paunkovic.com\/de\/wp-json\/wp\/v2\/product_tag?post=2520"}],"curies":[{"name":"wp","href":"https:\/\/api.w.org\/{rel}","templated":true}]}}