{"id":3461,"date":"2026-03-03T15:59:28","date_gmt":"2026-03-03T15:59:28","guid":{"rendered":"https:\/\/paunkovic.com\/?post_type=product&#038;p=3461"},"modified":"2026-03-05T18:50:53","modified_gmt":"2026-03-05T18:50:53","slug":"zichorienolmalerei-10x10cm","status":"publish","type":"product","link":"https:\/\/paunkovic.com\/de\/product\/chicory-oil-painting-10x10cm\/","title":{"rendered":"Chicor\u00e9e 10x10cm, \u00d6lgem\u00e4lde"},"content":{"rendered":"<p data-start=\"205\" data-end=\"267\">Zichorie \u2013 <span class=\"hero__primary-text\" data-testid=\"hero__primary-text\">Der Garten der Theotokos <\/span><\/p>\n<p data-start=\"269\" data-end=\"445\">Dieses Chicor\u00e9e-\u00d6lgem\u00e4lde 10x10cm ist Teil von <span class=\"hero__primary-text\" data-testid=\"hero__primary-text\">Der Garten der Theotokos <\/span> Art Series \u2013 eine sich entwickelnde Sammlung kleiner floraler Werke, inspiriert von der Symbolik heiliger G\u00e4rten.<\/p>\n<p data-start=\"447\" data-end=\"652\">Zarte blaue Zichorienbl\u00fcten tauchen in geschichteten \u00d6ltexturen \u00fcber die Leinwand auf und dr\u00fccken sowohl Einfachheit als auch stille Eleganz aus. Das kleine Format verst\u00e4rkt die Intimit\u00e4t und l\u00e4dt zu nahem und kontemplativem Betrachten ein.<\/p>","protected":false},"excerpt":{"rendered":"<div class=\"wpforms-container \" id=\"wpforms-1448\">\n<form id=\"wpforms-form-1448\" class=\"wpforms-validate wpforms-form\" data-formid=\"1448\" method=\"post\" enctype=\"multipart\/form-data\" action=\"\/de\/wp-json\/wp\/v2\/product\/3461\" data-token=\"0e4a1f11dca05477877b701c65d20f4e\" data-token-time=\"1778601049\"><noscript class=\"wpforms-error-noscript\">Bitte aktiviere JavaScript in deinem Browser, um dieses Formular fertigzustellen.<\/noscript><\/p>\n<div class=\"wpforms-field-container\">\n<div id=\"wpforms-1448-field_0-container\" class=\"wpforms-field wpforms-field-name\" data-field-id=\"0\"><label class=\"wpforms-field-label wpforms-label-hide\" for=\"wpforms-1448-field_0\">Your Name  <span class=\"wpforms-required-label\">*<\/span><\/label><input type=\"text\" id=\"wpforms-1448-field_0\" class=\"wpforms-field-large wpforms-field-required\" name=\"wpforms[fields][0]\" placeholder=\"Name\" required><\/div>\n<div id=\"wpforms-1448-field_1-container\" class=\"wpforms-field wpforms-field-email\" data-field-id=\"1\"><label class=\"wpforms-field-label wpforms-label-hide\" for=\"wpforms-1448-field_1\">Email <span class=\"wpforms-required-label\">*<\/span><\/label><input type=\"email\" id=\"wpforms-1448-field_1\" class=\"wpforms-field-large wpforms-field-required\" name=\"wpforms[fields][1]\" placeholder=\"Email\" spellcheck=\"false\" required><\/div>\n<div id=\"wpforms-1448-field_4-container\" class=\"wpforms-field wpforms-field-text\" data-field-id=\"4\"><label class=\"wpforms-field-label wpforms-label-hide\" for=\"wpforms-1448-field_4\">Subject <span class=\"wpforms-required-label\">*<\/span><\/label><input type=\"text\" id=\"wpforms-1448-field_4\" class=\"wpforms-field-large wpforms-field-required\" name=\"wpforms[fields][4]\" placeholder=\"Subject\" required><\/div>\n<div id=\"wpforms-1448-field_2-container\" class=\"wpforms-field wpforms-field-textarea\" data-field-id=\"2\"><label class=\"wpforms-field-label wpforms-label-hide\" for=\"wpforms-1448-field_2\">Your Message <span class=\"wpforms-required-label\">*<\/span><\/label><textarea id=\"wpforms-1448-field_2\" class=\"wpforms-field-medium wpforms-field-required\" name=\"wpforms[fields][2]\" placeholder=\"Message\" required><\/textarea><\/div>\n<\/div>\n<p><!-- .wpforms-field-container --><\/p>\n<div class=\"wpforms-field wpforms-field-hp\"><label for=\"wpforms-1448-field-hp\" class=\"wpforms-field-label\">Name<\/label><input type=\"text\" name=\"wpforms[hp]\" id=\"wpforms-1448-field-hp\" class=\"wpforms-field-medium\"><\/div>\n<div class=\"wpforms-submit-container\" ><input type=\"hidden\" name=\"wpforms[id]\" value=\"1448\"><input type=\"hidden\" name=\"page_title\" value=\"\"><input type=\"hidden\" name=\"page_url\" value=\"https:\/\/paunkovic.com\/de\/wp-json\/wp\/v2\/product\/3461\"><input type=\"hidden\" name=\"url_referer\" value=\"\"><button type=\"submit\" name=\"wpforms[submit]\" id=\"wpforms-submit-1448\" class=\"wpforms-submit\" data-alt-text=\"Sending...\" data-submit-text=\"Send Message\" aria-live=\"assertive\" value=\"wpforms-submit\">Send Message<\/button><\/div>\n<\/form>\n<\/div>\n<p>  <!-- .wpforms-container --><\/p>\n","protected":false},"featured_media":3456,"comment_status":"closed","ping_status":"closed","template":"","meta":{"site-sidebar-layout":"default","site-content-layout":"","ast-site-content-layout":"default","site-content-style":"default","site-sidebar-style":"default","ast-global-header-display":"","ast-banner-title-visibility":"","ast-main-header-display":"","ast-hfb-above-header-display":"","ast-hfb-below-header-display":"","ast-hfb-mobile-header-display":"","site-post-title":"","ast-breadcrumbs-content":"","ast-featured-img":"","footer-sml-layout":"","ast-disable-related-posts":"","theme-transparent-header-meta":"default","adv-header-id-meta":"","stick-header-meta":"default","header-above-stick-meta":"","header-main-stick-meta":"","header-below-stick-meta":"","astra-migrate-meta-layouts":"set","ast-page-background-enabled":"default","ast-page-background-meta":{"desktop":{"background-color":"","background-image":"","background-repeat":"repeat","background-position":"center center","background-size":"auto","background-attachment":"scroll","background-type":"","background-media":"","overlay-type":"","overlay-color":"","overlay-opacity":"","overlay-gradient":""},"tablet":{"background-color":"","background-image":"","background-repeat":"repeat","background-position":"center center","background-size":"auto","background-attachment":"scroll","background-type":"","background-media":"","overlay-type":"","overlay-color":"","overlay-opacity":"","overlay-gradient":""},"mobile":{"background-color":"","background-image":"","background-repeat":"repeat","background-position":"center center","background-size":"auto","background-attachment":"scroll","background-type":"","background-media":"","overlay-type":"","overlay-color":"","overlay-opacity":"","overlay-gradient":""}},"ast-content-background-meta":{"desktop":{"background-color":"var(--ast-global-color-5)","background-image":"","background-repeat":"repeat","background-position":"center center","background-size":"auto","background-attachment":"scroll","background-type":"","background-media":"","overlay-type":"","overlay-color":"","overlay-opacity":"","overlay-gradient":""},"tablet":{"background-color":"var(--ast-global-color-5)","background-image":"","background-repeat":"repeat","background-position":"center center","background-size":"auto","background-attachment":"scroll","background-type":"","background-media":"","overlay-type":"","overlay-color":"","overlay-opacity":"","overlay-gradient":""},"mobile":{"background-color":"var(--ast-global-color-5)","background-image":"","background-repeat":"repeat","background-position":"center center","background-size":"auto","background-attachment":"scroll","background-type":"","background-media":"","overlay-type":"","overlay-color":"","overlay-opacity":"","overlay-gradient":""}}},"product_brand":[],"product_cat":[46],"product_tag":[],"class_list":{"0":"post-3461","1":"product","2":"type-product","3":"status-publish","4":"has-post-thumbnail","6":"product_cat-garden-of-the-theotokos-art-series","7":"desktop-align-center","8":"tablet-align-center","9":"mobile-align-center","10":"ast-product-gallery-layout-horizontal","11":"ast-product-tabs-layout-accordion","12":"ast-qv-on-image","14":"first","15":"instock","16":"sold-individually","17":"shipping-taxable","18":"purchasable","19":"product-type-simple"},"yoast_head":"<!-- This site is optimized with the Yoast SEO plugin v27.5 - https:\/\/yoast.com\/product\/yoast-seo-wordpress\/ -->\n<title>Chicory Oil Painting 10x10cm<\/title>\n<meta name=\"description\" content=\"Original chicory oil painting 10x10cm from the Garden of the Theotokos Art Series from Paunkovic art studio. Small framed floral artwork.\" \/>\n<meta name=\"robots\" content=\"index, follow, max-snippet:-1, max-image-preview:large, max-video-preview:-1\" \/>\n<link rel=\"canonical\" href=\"https:\/\/paunkovic.com\/de\/product\/zichorienolmalerei-10x10cm\/\" \/>\n<meta property=\"og:locale\" content=\"de_DE\" \/>\n<meta property=\"og:type\" content=\"article\" \/>\n<meta property=\"og:title\" content=\"Chicory Oil Painting 10x10cm\" \/>\n<meta property=\"og:description\" content=\"Original chicory oil painting 10x10cm from the Garden of the Theotokos Art Series from Paunkovic art studio. Small framed floral artwork.\" \/>\n<meta property=\"og:url\" content=\"https:\/\/paunkovic.com\/de\/product\/zichorienolmalerei-10x10cm\/\" \/>\n<meta property=\"og:site_name\" content=\"JA Paunkovic\" \/>\n<meta property=\"article:publisher\" content=\"https:\/\/www.facebook.com\/people\/JA-Paunkovic-art-studio\/100035498963663\/\" \/>\n<meta property=\"article:modified_time\" content=\"2026-03-05T18:50:53+00:00\" \/>\n<meta property=\"og:image\" content=\"https:\/\/paunkovic.com\/wp-content\/uploads\/2026\/03\/3down-scaled.jpg\" \/>\n\t<meta property=\"og:image:width\" content=\"2560\" \/>\n\t<meta property=\"og:image:height\" content=\"2560\" \/>\n\t<meta property=\"og:image:type\" content=\"image\/jpeg\" \/>\n<meta name=\"twitter:card\" content=\"summary_large_image\" \/>\n<meta name=\"twitter:label1\" content=\"Gesch\u00e4tzte Lesezeit\" \/>\n\t<meta name=\"twitter:data1\" content=\"1\u00a0Minute\" \/>\n<script type=\"application\/ld+json\" class=\"yoast-schema-graph\">{\"@context\":\"https:\\\/\\\/schema.org\",\"@graph\":[{\"@type\":\"WebPage\",\"@id\":\"https:\\\/\\\/paunkovic.com\\\/product\\\/chicory-oil-painting-10x10cm\\\/\",\"url\":\"https:\\\/\\\/paunkovic.com\\\/product\\\/chicory-oil-painting-10x10cm\\\/\",\"name\":\"Chicory Oil Painting 10x10cm\",\"isPartOf\":{\"@id\":\"https:\\\/\\\/paunkovic.com\\\/#website\"},\"primaryImageOfPage\":{\"@id\":\"https:\\\/\\\/paunkovic.com\\\/product\\\/chicory-oil-painting-10x10cm\\\/#primaryimage\"},\"image\":{\"@id\":\"https:\\\/\\\/paunkovic.com\\\/product\\\/chicory-oil-painting-10x10cm\\\/#primaryimage\"},\"thumbnailUrl\":\"https:\\\/\\\/paunkovic.com\\\/wp-content\\\/uploads\\\/2026\\\/03\\\/3down-scaled.jpg\",\"datePublished\":\"2026-03-03T15:59:28+00:00\",\"dateModified\":\"2026-03-05T18:50:53+00:00\",\"description\":\"Original chicory oil painting 10x10cm from the Garden of the Theotokos Art Series from Paunkovic art studio. Small framed floral artwork.\",\"breadcrumb\":{\"@id\":\"https:\\\/\\\/paunkovic.com\\\/product\\\/chicory-oil-painting-10x10cm\\\/#breadcrumb\"},\"inLanguage\":\"de\",\"potentialAction\":[{\"@type\":\"ReadAction\",\"target\":[\"https:\\\/\\\/paunkovic.com\\\/product\\\/chicory-oil-painting-10x10cm\\\/\"]}]},{\"@type\":\"ImageObject\",\"inLanguage\":\"de\",\"@id\":\"https:\\\/\\\/paunkovic.com\\\/product\\\/chicory-oil-painting-10x10cm\\\/#primaryimage\",\"url\":\"https:\\\/\\\/paunkovic.com\\\/wp-content\\\/uploads\\\/2026\\\/03\\\/3down-scaled.jpg\",\"contentUrl\":\"https:\\\/\\\/paunkovic.com\\\/wp-content\\\/uploads\\\/2026\\\/03\\\/3down-scaled.jpg\",\"width\":2560,\"height\":2560,\"caption\":\"Chicory 10x10cm oil painting from the Garden of the Theotokos Art Series by Paunkovic, small framed blue floral artwork\"},{\"@type\":\"BreadcrumbList\",\"@id\":\"https:\\\/\\\/paunkovic.com\\\/product\\\/chicory-oil-painting-10x10cm\\\/#breadcrumb\",\"itemListElement\":[{\"@type\":\"ListItem\",\"position\":1,\"name\":\"Home\",\"item\":\"https:\\\/\\\/paunkovic.com\\\/\"},{\"@type\":\"ListItem\",\"position\":2,\"name\":\"Shop\",\"item\":\"https:\\\/\\\/paunkovic.com\\\/shop\\\/\"},{\"@type\":\"ListItem\",\"position\":3,\"name\":\"Chicory 10x10cm, Oil Painting\"}]},{\"@type\":\"WebSite\",\"@id\":\"https:\\\/\\\/paunkovic.com\\\/#website\",\"url\":\"https:\\\/\\\/paunkovic.com\\\/\",\"name\":\"JA Paunkovic\",\"description\":\"art inspired by nature\",\"publisher\":{\"@id\":\"https:\\\/\\\/paunkovic.com\\\/#organization\"},\"potentialAction\":[{\"@type\":\"SearchAction\",\"target\":{\"@type\":\"EntryPoint\",\"urlTemplate\":\"https:\\\/\\\/paunkovic.com\\\/?s={search_term_string}\"},\"query-input\":{\"@type\":\"PropertyValueSpecification\",\"valueRequired\":true,\"valueName\":\"search_term_string\"}}],\"inLanguage\":\"de\"},{\"@type\":\"Organization\",\"@id\":\"https:\\\/\\\/paunkovic.com\\\/#organization\",\"name\":\"JA Paunkovic art studio\",\"url\":\"https:\\\/\\\/paunkovic.com\\\/\",\"logo\":{\"@type\":\"ImageObject\",\"inLanguage\":\"de\",\"@id\":\"https:\\\/\\\/paunkovic.com\\\/#\\\/schema\\\/logo\\\/image\\\/\",\"url\":\"https:\\\/\\\/paunkovic.com\\\/wp-content\\\/uploads\\\/2024\\\/10\\\/cropped-favicon.png\",\"contentUrl\":\"https:\\\/\\\/paunkovic.com\\\/wp-content\\\/uploads\\\/2024\\\/10\\\/cropped-favicon.png\",\"width\":512,\"height\":512,\"caption\":\"JA Paunkovic art studio\"},\"image\":{\"@id\":\"https:\\\/\\\/paunkovic.com\\\/#\\\/schema\\\/logo\\\/image\\\/\"},\"sameAs\":[\"https:\\\/\\\/www.facebook.com\\\/people\\\/JA-Paunkovic-art-studio\\\/100035498963663\\\/\",\"https:\\\/\\\/www.instagram.com\\\/paunkovicart\\\/\",\"https:\\\/\\\/www.youtube.com\\\/channel\\\/UCU-Blld6rytSCTWTQzW6Unw\"]}]}<\/script>\n<!-- \/ Yoast SEO plugin. -->","yoast_head_json":{"title":"Zichorien-\u00d6lgem\u00e4lde 10x10cm","description":"Original Chicor\u00e9e-\u00d6lgem\u00e4lde 10x10cm aus der Theotokos-Gartenserie des Paunkovic Art Studios. Kleines, gerahmtes Blumenkunstwerk.","robots":{"index":"index","follow":"follow","max-snippet":"max-snippet:-1","max-image-preview":"max-image-preview:large","max-video-preview":"max-video-preview:-1"},"canonical":"https:\/\/paunkovic.com\/de\/product\/zichorienolmalerei-10x10cm\/","og_locale":"de_DE","og_type":"article","og_title":"Chicory Oil Painting 10x10cm","og_description":"Original chicory oil painting 10x10cm from the Garden of the Theotokos Art Series from Paunkovic art studio. Small framed floral artwork.","og_url":"https:\/\/paunkovic.com\/de\/product\/zichorienolmalerei-10x10cm\/","og_site_name":"JA Paunkovic","article_publisher":"https:\/\/www.facebook.com\/people\/JA-Paunkovic-art-studio\/100035498963663\/","article_modified_time":"2026-03-05T18:50:53+00:00","og_image":[{"width":2560,"height":2560,"url":"https:\/\/paunkovic.com\/wp-content\/uploads\/2026\/03\/3down-scaled.jpg","type":"image\/jpeg"}],"twitter_card":"summary_large_image","twitter_misc":{"Gesch\u00e4tzte Lesezeit":"1\u00a0Minute"},"schema":{"@context":"https:\/\/schema.org","@graph":[{"@type":"WebPage","@id":"https:\/\/paunkovic.com\/product\/chicory-oil-painting-10x10cm\/","url":"https:\/\/paunkovic.com\/product\/chicory-oil-painting-10x10cm\/","name":"Zichorien-\u00d6lgem\u00e4lde 10x10cm","isPartOf":{"@id":"https:\/\/paunkovic.com\/#website"},"primaryImageOfPage":{"@id":"https:\/\/paunkovic.com\/product\/chicory-oil-painting-10x10cm\/#primaryimage"},"image":{"@id":"https:\/\/paunkovic.com\/product\/chicory-oil-painting-10x10cm\/#primaryimage"},"thumbnailUrl":"https:\/\/paunkovic.com\/wp-content\/uploads\/2026\/03\/3down-scaled.jpg","datePublished":"2026-03-03T15:59:28+00:00","dateModified":"2026-03-05T18:50:53+00:00","description":"Original Chicor\u00e9e-\u00d6lgem\u00e4lde 10x10cm aus der Theotokos-Gartenserie des Paunkovic Art Studios. Kleines, gerahmtes Blumenkunstwerk.","breadcrumb":{"@id":"https:\/\/paunkovic.com\/product\/chicory-oil-painting-10x10cm\/#breadcrumb"},"inLanguage":"de","potentialAction":[{"@type":"ReadAction","target":["https:\/\/paunkovic.com\/product\/chicory-oil-painting-10x10cm\/"]}]},{"@type":"ImageObject","inLanguage":"de","@id":"https:\/\/paunkovic.com\/product\/chicory-oil-painting-10x10cm\/#primaryimage","url":"https:\/\/paunkovic.com\/wp-content\/uploads\/2026\/03\/3down-scaled.jpg","contentUrl":"https:\/\/paunkovic.com\/wp-content\/uploads\/2026\/03\/3down-scaled.jpg","width":2560,"height":2560,"caption":"Chicory 10x10cm oil painting from the Garden of the Theotokos Art Series by Paunkovic, small framed blue floral artwork"},{"@type":"BreadcrumbList","@id":"https:\/\/paunkovic.com\/product\/chicory-oil-painting-10x10cm\/#breadcrumb","itemListElement":[{"@type":"ListItem","position":1,"name":"Home","item":"https:\/\/paunkovic.com\/"},{"@type":"ListItem","position":2,"name":"Shop","item":"https:\/\/paunkovic.com\/shop\/"},{"@type":"ListItem","position":3,"name":"Chicory 10x10cm, Oil Painting"}]},{"@type":"WebSite","@id":"https:\/\/paunkovic.com\/#website","url":"https:\/\/paunkovic.com\/","name":"JA Paunkovic","description":"kunst inspiriert von der natur","publisher":{"@id":"https:\/\/paunkovic.com\/#organization"},"potentialAction":[{"@type":"SearchAction","target":{"@type":"EntryPoint","urlTemplate":"https:\/\/paunkovic.com\/?s={search_term_string}"},"query-input":{"@type":"PropertyValueSpecification","valueRequired":true,"valueName":"search_term_string"}}],"inLanguage":"de"},{"@type":"Organization","@id":"https:\/\/paunkovic.com\/#organization","name":"JA Paunkovic Kunststudio","url":"https:\/\/paunkovic.com\/","logo":{"@type":"ImageObject","inLanguage":"de","@id":"https:\/\/paunkovic.com\/#\/schema\/logo\/image\/","url":"https:\/\/paunkovic.com\/wp-content\/uploads\/2024\/10\/cropped-favicon.png","contentUrl":"https:\/\/paunkovic.com\/wp-content\/uploads\/2024\/10\/cropped-favicon.png","width":512,"height":512,"caption":"JA Paunkovic art studio"},"image":{"@id":"https:\/\/paunkovic.com\/#\/schema\/logo\/image\/"},"sameAs":["https:\/\/www.facebook.com\/people\/JA-Paunkovic-art-studio\/100035498963663\/","https:\/\/www.instagram.com\/paunkovicart\/","https:\/\/www.youtube.com\/channel\/UCU-Blld6rytSCTWTQzW6Unw"]}]}},"_links":{"self":[{"href":"https:\/\/paunkovic.com\/de\/wp-json\/wp\/v2\/product\/3461","targetHints":{"allow":["GET"]}}],"collection":[{"href":"https:\/\/paunkovic.com\/de\/wp-json\/wp\/v2\/product"}],"about":[{"href":"https:\/\/paunkovic.com\/de\/wp-json\/wp\/v2\/types\/product"}],"replies":[{"embeddable":true,"href":"https:\/\/paunkovic.com\/de\/wp-json\/wp\/v2\/comments?post=3461"}],"wp:featuredmedia":[{"embeddable":true,"href":"https:\/\/paunkovic.com\/de\/wp-json\/wp\/v2\/media\/3456"}],"wp:attachment":[{"href":"https:\/\/paunkovic.com\/de\/wp-json\/wp\/v2\/media?parent=3461"}],"wp:term":[{"taxonomy":"product_brand","embeddable":true,"href":"https:\/\/paunkovic.com\/de\/wp-json\/wp\/v2\/product_brand?post=3461"},{"taxonomy":"product_cat","embeddable":true,"href":"https:\/\/paunkovic.com\/de\/wp-json\/wp\/v2\/product_cat?post=3461"},{"taxonomy":"product_tag","embeddable":true,"href":"https:\/\/paunkovic.com\/de\/wp-json\/wp\/v2\/product_tag?post=3461"}],"curies":[{"name":"wp","href":"https:\/\/api.w.org\/{rel}","templated":true}]}}