{"id":1852,"date":"2024-10-28T21:46:27","date_gmt":"2024-10-28T21:46:27","guid":{"rendered":"https:\/\/paunkovic.com\/?post_type=product&#038;p=1852"},"modified":"2025-10-20T11:40:02","modified_gmt":"2025-10-20T11:40:02","slug":"no-32","status":"publish","type":"product","link":"https:\/\/paunkovic.com\/es\/product\/no-32\/","title":{"rendered":"N.\u00ba 32"},"content":{"rendered":"<p><strong>L &#8211; Digital print on canvas\/paper, size: 61 x 103,28 cm (24.01 x 40.66 in)<\/strong><\/p>\n<p>Impresi\u00f3n de edici\u00f3n limitada de Bellas Artes realizada en papel de algod\u00f3n 100%, libre de \u00e1cido, Canon de 320 g\/m2 o en lienzo Canon de 320 g\/m2, utilizando tinta pigmentada original Canon de archivo LUCIA PRO que produce una vibraci\u00f3n de color excepcional y negros profundos, para una impresi\u00f3n gr\u00e1fica y de bellas artes impactante. Cada impresi\u00f3n tiene su propio certificado de autenticidad con n\u00famero de serie y la firma del artista.<\/p>\n<p>La impresi\u00f3n viene cuidadosamente enrollada en un tubo de cart\u00f3n. El tama\u00f1o indicado se refiere al tama\u00f1o del papel o lienzo.<\/p>\n<p><strong>M \u2013 Digital print on canvas\/paper, size: 45 x 75,2 cm (17.71 x 29.6 in)<\/strong><\/p>\n<p>Impresi\u00f3n de edici\u00f3n limitada de Bellas Artes realizada en papel de algod\u00f3n 100%, libre de \u00e1cido, Canon de 320 g\/m2 o en lienzo Canon de 320 g\/m2, utilizando tinta pigmentada original Canon de archivo LUCIA PRO que produce una vibraci\u00f3n de color excepcional y negros profundos, para una impresi\u00f3n gr\u00e1fica y de bellas artes impactante. Cada impresi\u00f3n tiene su propio certificado de autenticidad con n\u00famero de serie y la firma del artista.<\/p>\n<p>La impresi\u00f3n viene cuidadosamente enrollada en un tubo de cart\u00f3n. El tama\u00f1o indicado se refiere al tama\u00f1o del papel o lienzo.<\/p>\n<p><strong>S \u2013 Digital print canvas\/paper, size: 35 x 57,65 cm (13.77 x 22.69 in)<\/strong><\/p>\n<p><strong><em>GIFT EDITION<\/em><\/strong> &#8211; These prints do not differ in quality from the limited edition, but their series is not limited, they are smaller in format, and contain the signature of the artist. Also, they did not receive a certificate of authenticity<\/p>\n<p>La impresi\u00f3n viene cuidadosamente enrollada en un tubo de cart\u00f3n. El tama\u00f1o indicado se refiere al tama\u00f1o del papel o lienzo.<\/p>\n<p>&nbsp;<\/p>\n<p>Las impresiones art\u00edsticas de J&amp;A Paunkovic son<strong> embalado en tubos de cart\u00f3n r\u00edgido.<\/strong><\/p>\n<p>Las impresiones art\u00edsticas de J&amp;A Paunkovic se env\u00edan <strong>por FedEx<\/strong> , con quien nosotros<strong> tengo un contrato.<\/strong><\/p>\n<p>La <strong>fecha l\u00edmite<\/strong> para entrega <strong>entre 3 y 10 d\u00edas laborables<\/strong> <strong>d\u00edas<\/strong> a partir de la fecha del pedido.<\/p>\n<p>Cuando se haya enviado tu pedido, recibir\u00e1s una<strong> correo de confirmaci\u00f3n<\/strong> y t\u00fa puedes <strong>rastrea tu pedido en el sitio web de FedEx<\/strong>.<\/p>\n<p>Para asegurar que tu paquete <strong>entregado correctamente<\/strong> y usted recibe el env\u00edo dentro del plazo que anunciamos, aseg\u00farese de que su direcci\u00f3n sea <strong>completamente introducido y correcto<\/strong>. Nosotros hacemos <strong>no tomar<\/strong> responsabilidad por <strong>informaci\u00f3n incorrecta<\/strong>. Si tu paquete <strong>regres\u00f3 a nosotros<\/strong> debido a<strong> direcci\u00f3n incorrecta<\/strong> informaci\u00f3n, usted ser\u00e1 <strong>cargado<\/strong> la tarifa de reenv\u00edo si a\u00fan desea recibir su art\u00edculo.<\/p>\n<p>&nbsp;<\/p>\n<p><strong>Devoluciones y reembolsos<\/strong><\/p>\n<p>Debido a la naturaleza colectiva del arte y los productos art\u00edsticos, no aceptamos devoluciones, reembolsos ni cambios a menos que el art\u00edculo que haya recibido est\u00e9 da\u00f1ado.<\/p>\n<p>Si recibe un art\u00edculo defectuoso, por favor cont\u00e1ctenos dentro de las 72 horas con una fotograf\u00eda que muestre claramente el da\u00f1o y le enviaremos uno nuevo a nuestro cargo.<\/p>\n<p>Tras examinar por completo su reclamaci\u00f3n, le notificaremos si tiene derecho a un reembolso o a un reemplazo como resultado del da\u00f1o. Si tiene derecho a un reemplazo o reembolso, reemplazaremos el producto o reembolsaremos el precio de compra, utilizando el m\u00e9todo de pago original.<\/p>\n<p>Dependiendo del pa\u00eds desde el que realice su pedido, es posible que se le cobren ciertos impuestos y aranceles que no est\u00e1n incluidos en el precio y que escapan al control del estudio de arte J&amp;A Paunkovic.<\/p>\n<p>Si el paquete no llega dentro del plazo establecido, por favor env\u00ede un correo electr\u00f3nico a paunkovicart@gmail.com y haremos todo lo posible para averiguar por qu\u00e9 ha habido un retraso o le enviaremos otro paquete a nuestra costa.<\/p>","protected":false},"excerpt":{"rendered":"<p><strong>ENV\u00cdO GRATIS<\/strong><\/p>\n<p>Tiempo de entrega: <strong>3 a 10 d\u00edas h\u00e1biles<\/strong><\/p>\n<p>Esto <strong>Edici\u00f3n limitada de impresi\u00f3n<\/strong> se reproduce de lo \u00fanico,<strong> pintura \u00fanica<\/strong> creado en el estudio de arte J&amp;A Paunkovic. El <strong>proceso de creaci\u00f3n<\/strong> el cuadro original toma de <strong>3 a 7 meses.<\/strong><\/p>\n<ul>\n<li><strong>Alta calidad<\/strong> impresi\u00f3n de bellas artes firmada por el artista<\/li>\n<li>Cada impresi\u00f3n tiene una firma <strong>Certificado de autenticidad<\/strong><\/li>\n<li><strong>Tintas premium<\/strong> para colores audaces y vibrantes<\/li>\n<li>Recorte personalizado con <strong>borde blanco<\/strong> para enmarcar<\/li>\n<li>Disponible en 3 tama\u00f1os:<strong> L, M, S (papel\/lienzo)<\/strong><\/li>\n<\/ul>","protected":false},"featured_media":2331,"comment_status":"closed","ping_status":"closed","template":"","meta":{"site-sidebar-layout":"default","site-content-layout":"","ast-site-content-layout":"default","site-content-style":"default","site-sidebar-style":"default","ast-global-header-display":"","ast-banner-title-visibility":"","ast-main-header-display":"","ast-hfb-above-header-display":"","ast-hfb-below-header-display":"","ast-hfb-mobile-header-display":"","site-post-title":"","ast-breadcrumbs-content":"","ast-featured-img":"","footer-sml-layout":"","ast-disable-related-posts":"","theme-transparent-header-meta":"default","adv-header-id-meta":"","stick-header-meta":"default","header-above-stick-meta":"","header-main-stick-meta":"","header-below-stick-meta":"","astra-migrate-meta-layouts":"set","ast-page-background-enabled":"default","ast-page-background-meta":{"desktop":{"background-color":"","background-image":"","background-repeat":"repeat","background-position":"center center","background-size":"auto","background-attachment":"scroll","background-type":"","background-media":"","overlay-type":"","overlay-color":"","overlay-opacity":"","overlay-gradient":""},"tablet":{"background-color":"","background-image":"","background-repeat":"repeat","background-position":"center center","background-size":"auto","background-attachment":"scroll","background-type":"","background-media":"","overlay-type":"","overlay-color":"","overlay-opacity":"","overlay-gradient":""},"mobile":{"background-color":"","background-image":"","background-repeat":"repeat","background-position":"center center","background-size":"auto","background-attachment":"scroll","background-type":"","background-media":"","overlay-type":"","overlay-color":"","overlay-opacity":"","overlay-gradient":""}},"ast-content-background-meta":{"desktop":{"background-color":"var(--ast-global-color-5)","background-image":"","background-repeat":"repeat","background-position":"center center","background-size":"auto","background-attachment":"scroll","background-type":"","background-media":"","overlay-type":"","overlay-color":"","overlay-opacity":"","overlay-gradient":""},"tablet":{"background-color":"var(--ast-global-color-5)","background-image":"","background-repeat":"repeat","background-position":"center center","background-size":"auto","background-attachment":"scroll","background-type":"","background-media":"","overlay-type":"","overlay-color":"","overlay-opacity":"","overlay-gradient":""},"mobile":{"background-color":"var(--ast-global-color-5)","background-image":"","background-repeat":"repeat","background-position":"center center","background-size":"auto","background-attachment":"scroll","background-type":"","background-media":"","overlay-type":"","overlay-color":"","overlay-opacity":"","overlay-gradient":""}}},"product_brand":[],"product_cat":[32],"product_tag":[40,41,42],"class_list":{"0":"post-1852","1":"product","2":"type-product","3":"status-publish","4":"has-post-thumbnail","6":"product_cat-prints-limited-edition","7":"product_tag-art-prints","8":"product_tag-limited-edition","9":"product_tag-museum-quality","10":"pa_size-l","11":"pa_size-m","12":"pa_size-s","13":"desktop-align-center","14":"tablet-align-center","15":"mobile-align-center","16":"ast-product-gallery-layout-horizontal","17":"ast-product-single-variable","18":"ast-product-tabs-layout-accordion","19":"ast-qv-on-image","21":"first","22":"instock","23":"shipping-taxable","24":"purchasable","25":"product-type-variable"},"yoast_head":"<!-- This site is optimized with the Yoast SEO plugin v27.4 - https:\/\/yoast.com\/product\/yoast-seo-wordpress\/ -->\n<title>NO.32 - JA Paunkovic<\/title>\n<meta name=\"robots\" content=\"index, follow, max-snippet:-1, max-image-preview:large, max-video-preview:-1\" \/>\n<link rel=\"canonical\" href=\"https:\/\/paunkovic.com\/es\/product\/no-32\/\" \/>\n<meta property=\"og:locale\" content=\"es_ES\" \/>\n<meta property=\"og:type\" content=\"article\" \/>\n<meta property=\"og:title\" content=\"NO.32 - JA Paunkovic\" \/>\n<meta property=\"og:description\" content=\"FREE SHIPPING  Delivery time: 3 to 10 working days  This Limited edition print is reproduced from the unique, one-of-a-kind painting created in J&amp;A Paunkovic art studio. The process of creating the original painting takes from 3 to 7 months.   High quality fine art print signed by artist  Each print has a signed Certificate of authenticity  Premium inks for bold and vibrant colours  Custom trimmed with white border for framing  Available in 3 sizes: L , M , S (paper\/canvas)\" \/>\n<meta property=\"og:url\" content=\"https:\/\/paunkovic.com\/es\/product\/no-32\/\" \/>\n<meta property=\"og:site_name\" content=\"JA Paunkovic\" \/>\n<meta property=\"article:publisher\" content=\"https:\/\/www.facebook.com\/people\/JA-Paunkovic-art-studio\/100035498963663\/\" \/>\n<meta property=\"article:modified_time\" content=\"2025-10-20T11:40:02+00:00\" \/>\n<meta property=\"og:image\" content=\"https:\/\/paunkovic.com\/wp-content\/uploads\/2024\/10\/L-No.32-61x10328-cm-1.jpg\" \/>\n\t<meta property=\"og:image:width\" content=\"2000\" \/>\n\t<meta property=\"og:image:height\" content=\"1988\" \/>\n\t<meta property=\"og:image:type\" content=\"image\/jpeg\" \/>\n<meta name=\"twitter:card\" content=\"summary_large_image\" \/>\n<meta name=\"twitter:label1\" content=\"Tiempo de lectura\" \/>\n\t<meta name=\"twitter:data1\" content=\"3 minutos\" \/>\n<script type=\"application\/ld+json\" class=\"yoast-schema-graph\">{\"@context\":\"https:\\\/\\\/schema.org\",\"@graph\":[{\"@type\":\"WebPage\",\"@id\":\"https:\\\/\\\/paunkovic.com\\\/product\\\/no-32\\\/\",\"url\":\"https:\\\/\\\/paunkovic.com\\\/product\\\/no-32\\\/\",\"name\":\"NO.32 - JA Paunkovic\",\"isPartOf\":{\"@id\":\"https:\\\/\\\/paunkovic.com\\\/#website\"},\"primaryImageOfPage\":{\"@id\":\"https:\\\/\\\/paunkovic.com\\\/product\\\/no-32\\\/#primaryimage\"},\"image\":{\"@id\":\"https:\\\/\\\/paunkovic.com\\\/product\\\/no-32\\\/#primaryimage\"},\"thumbnailUrl\":\"https:\\\/\\\/paunkovic.com\\\/wp-content\\\/uploads\\\/2024\\\/10\\\/L-No.32-61x10328-cm-1.jpg\",\"datePublished\":\"2024-10-28T21:46:27+00:00\",\"dateModified\":\"2025-10-20T11:40:02+00:00\",\"breadcrumb\":{\"@id\":\"https:\\\/\\\/paunkovic.com\\\/product\\\/no-32\\\/#breadcrumb\"},\"inLanguage\":\"es\",\"potentialAction\":[{\"@type\":\"ReadAction\",\"target\":[\"https:\\\/\\\/paunkovic.com\\\/product\\\/no-32\\\/\"]}]},{\"@type\":\"ImageObject\",\"inLanguage\":\"es\",\"@id\":\"https:\\\/\\\/paunkovic.com\\\/product\\\/no-32\\\/#primaryimage\",\"url\":\"https:\\\/\\\/paunkovic.com\\\/wp-content\\\/uploads\\\/2024\\\/10\\\/L-No.32-61x10328-cm-1.jpg\",\"contentUrl\":\"https:\\\/\\\/paunkovic.com\\\/wp-content\\\/uploads\\\/2024\\\/10\\\/L-No.32-61x10328-cm-1.jpg\",\"width\":2000,\"height\":1988},{\"@type\":\"BreadcrumbList\",\"@id\":\"https:\\\/\\\/paunkovic.com\\\/product\\\/no-32\\\/#breadcrumb\",\"itemListElement\":[{\"@type\":\"ListItem\",\"position\":1,\"name\":\"Home\",\"item\":\"https:\\\/\\\/paunkovic.com\\\/\"},{\"@type\":\"ListItem\",\"position\":2,\"name\":\"Shop\",\"item\":\"https:\\\/\\\/paunkovic.com\\\/shop\\\/\"},{\"@type\":\"ListItem\",\"position\":3,\"name\":\"NO.32\"}]},{\"@type\":\"WebSite\",\"@id\":\"https:\\\/\\\/paunkovic.com\\\/#website\",\"url\":\"https:\\\/\\\/paunkovic.com\\\/\",\"name\":\"JA Paunkovic\",\"description\":\"art inspired by nature\",\"publisher\":{\"@id\":\"https:\\\/\\\/paunkovic.com\\\/#organization\"},\"potentialAction\":[{\"@type\":\"SearchAction\",\"target\":{\"@type\":\"EntryPoint\",\"urlTemplate\":\"https:\\\/\\\/paunkovic.com\\\/?s={search_term_string}\"},\"query-input\":{\"@type\":\"PropertyValueSpecification\",\"valueRequired\":true,\"valueName\":\"search_term_string\"}}],\"inLanguage\":\"es\"},{\"@type\":\"Organization\",\"@id\":\"https:\\\/\\\/paunkovic.com\\\/#organization\",\"name\":\"JA Paunkovic art studio\",\"url\":\"https:\\\/\\\/paunkovic.com\\\/\",\"logo\":{\"@type\":\"ImageObject\",\"inLanguage\":\"es\",\"@id\":\"https:\\\/\\\/paunkovic.com\\\/#\\\/schema\\\/logo\\\/image\\\/\",\"url\":\"https:\\\/\\\/paunkovic.com\\\/wp-content\\\/uploads\\\/2024\\\/10\\\/cropped-favicon.png\",\"contentUrl\":\"https:\\\/\\\/paunkovic.com\\\/wp-content\\\/uploads\\\/2024\\\/10\\\/cropped-favicon.png\",\"width\":512,\"height\":512,\"caption\":\"JA Paunkovic art studio\"},\"image\":{\"@id\":\"https:\\\/\\\/paunkovic.com\\\/#\\\/schema\\\/logo\\\/image\\\/\"},\"sameAs\":[\"https:\\\/\\\/www.facebook.com\\\/people\\\/JA-Paunkovic-art-studio\\\/100035498963663\\\/\",\"https:\\\/\\\/www.instagram.com\\\/paunkovicart\\\/\",\"https:\\\/\\\/www.youtube.com\\\/channel\\\/UCU-Blld6rytSCTWTQzW6Unw\"]}]}<\/script>\n<!-- \/ Yoast SEO plugin. -->","yoast_head_json":{"title":"NO.32 - JA Paunkovic","robots":{"index":"index","follow":"follow","max-snippet":"max-snippet:-1","max-image-preview":"max-image-preview:large","max-video-preview":"max-video-preview:-1"},"canonical":"https:\/\/paunkovic.com\/es\/product\/no-32\/","og_locale":"es_ES","og_type":"article","og_title":"NO.32 - JA Paunkovic","og_description":"FREE SHIPPING  Delivery time: 3 to 10 working days  This Limited edition print is reproduced from the unique, one-of-a-kind painting created in J&amp;A Paunkovic art studio. The process of creating the original painting takes from 3 to 7 months.   High quality fine art print signed by artist  Each print has a signed Certificate of authenticity  Premium inks for bold and vibrant colours  Custom trimmed with white border for framing  Available in 3 sizes: L , M , S (paper\/canvas)","og_url":"https:\/\/paunkovic.com\/es\/product\/no-32\/","og_site_name":"JA Paunkovic","article_publisher":"https:\/\/www.facebook.com\/people\/JA-Paunkovic-art-studio\/100035498963663\/","article_modified_time":"2025-10-20T11:40:02+00:00","og_image":[{"width":2000,"height":1988,"url":"https:\/\/paunkovic.com\/wp-content\/uploads\/2024\/10\/L-No.32-61x10328-cm-1.jpg","type":"image\/jpeg"}],"twitter_card":"summary_large_image","twitter_misc":{"Tiempo de lectura":"3 minutos"},"schema":{"@context":"https:\/\/schema.org","@graph":[{"@type":"WebPage","@id":"https:\/\/paunkovic.com\/product\/no-32\/","url":"https:\/\/paunkovic.com\/product\/no-32\/","name":"NO.32 - JA Paunkovic","isPartOf":{"@id":"https:\/\/paunkovic.com\/#website"},"primaryImageOfPage":{"@id":"https:\/\/paunkovic.com\/product\/no-32\/#primaryimage"},"image":{"@id":"https:\/\/paunkovic.com\/product\/no-32\/#primaryimage"},"thumbnailUrl":"https:\/\/paunkovic.com\/wp-content\/uploads\/2024\/10\/L-No.32-61x10328-cm-1.jpg","datePublished":"2024-10-28T21:46:27+00:00","dateModified":"2025-10-20T11:40:02+00:00","breadcrumb":{"@id":"https:\/\/paunkovic.com\/product\/no-32\/#breadcrumb"},"inLanguage":"es","potentialAction":[{"@type":"ReadAction","target":["https:\/\/paunkovic.com\/product\/no-32\/"]}]},{"@type":"ImageObject","inLanguage":"es","@id":"https:\/\/paunkovic.com\/product\/no-32\/#primaryimage","url":"https:\/\/paunkovic.com\/wp-content\/uploads\/2024\/10\/L-No.32-61x10328-cm-1.jpg","contentUrl":"https:\/\/paunkovic.com\/wp-content\/uploads\/2024\/10\/L-No.32-61x10328-cm-1.jpg","width":2000,"height":1988},{"@type":"BreadcrumbList","@id":"https:\/\/paunkovic.com\/product\/no-32\/#breadcrumb","itemListElement":[{"@type":"ListItem","position":1,"name":"Home","item":"https:\/\/paunkovic.com\/"},{"@type":"ListItem","position":2,"name":"Shop","item":"https:\/\/paunkovic.com\/shop\/"},{"@type":"ListItem","position":3,"name":"NO.32"}]},{"@type":"WebSite","@id":"https:\/\/paunkovic.com\/#website","url":"https:\/\/paunkovic.com\/","name":"JA Paunkovic","description":"arte inspirado en la naturaleza","publisher":{"@id":"https:\/\/paunkovic.com\/#organization"},"potentialAction":[{"@type":"SearchAction","target":{"@type":"EntryPoint","urlTemplate":"https:\/\/paunkovic.com\/?s={search_term_string}"},"query-input":{"@type":"PropertyValueSpecification","valueRequired":true,"valueName":"search_term_string"}}],"inLanguage":"es"},{"@type":"Organization","@id":"https:\/\/paunkovic.com\/#organization","name":"Estudio de arte JA Paunkovic","url":"https:\/\/paunkovic.com\/","logo":{"@type":"ImageObject","inLanguage":"es","@id":"https:\/\/paunkovic.com\/#\/schema\/logo\/image\/","url":"https:\/\/paunkovic.com\/wp-content\/uploads\/2024\/10\/cropped-favicon.png","contentUrl":"https:\/\/paunkovic.com\/wp-content\/uploads\/2024\/10\/cropped-favicon.png","width":512,"height":512,"caption":"JA Paunkovic art studio"},"image":{"@id":"https:\/\/paunkovic.com\/#\/schema\/logo\/image\/"},"sameAs":["https:\/\/www.facebook.com\/people\/JA-Paunkovic-art-studio\/100035498963663\/","https:\/\/www.instagram.com\/paunkovicart\/","https:\/\/www.youtube.com\/channel\/UCU-Blld6rytSCTWTQzW6Unw"]}]}},"_links":{"self":[{"href":"https:\/\/paunkovic.com\/es\/wp-json\/wp\/v2\/product\/1852","targetHints":{"allow":["GET"]}}],"collection":[{"href":"https:\/\/paunkovic.com\/es\/wp-json\/wp\/v2\/product"}],"about":[{"href":"https:\/\/paunkovic.com\/es\/wp-json\/wp\/v2\/types\/product"}],"replies":[{"embeddable":true,"href":"https:\/\/paunkovic.com\/es\/wp-json\/wp\/v2\/comments?post=1852"}],"wp:featuredmedia":[{"embeddable":true,"href":"https:\/\/paunkovic.com\/es\/wp-json\/wp\/v2\/media\/2331"}],"wp:attachment":[{"href":"https:\/\/paunkovic.com\/es\/wp-json\/wp\/v2\/media?parent=1852"}],"wp:term":[{"taxonomy":"product_brand","embeddable":true,"href":"https:\/\/paunkovic.com\/es\/wp-json\/wp\/v2\/product_brand?post=1852"},{"taxonomy":"product_cat","embeddable":true,"href":"https:\/\/paunkovic.com\/es\/wp-json\/wp\/v2\/product_cat?post=1852"},{"taxonomy":"product_tag","embeddable":true,"href":"https:\/\/paunkovic.com\/es\/wp-json\/wp\/v2\/product_tag?post=1852"}],"curies":[{"name":"wp","href":"https:\/\/api.w.org\/{rel}","templated":true}]}}