{"id":3602,"date":"2026-04-04T14:46:31","date_gmt":"2026-04-04T14:46:31","guid":{"rendered":"https:\/\/paunkovic.com\/?post_type=product&#038;p=3602"},"modified":"2026-04-04T14:49:38","modified_gmt":"2026-04-04T14:49:38","slug":"pintura-al-oleo-de-flor-de-cerezo-japones-de-10x10-cm","status":"publish","type":"product","link":"https:\/\/paunkovic.com\/es\/product\/japanese-cherry-blossom-oil-painting-10x10cm\/","title":{"rendered":"Flor de cerezo japon\u00e9s 10x10cm, Pintura al \u00f3leo"},"content":{"rendered":"<p data-start=\"235\" data-end=\"341\"><strong data-start=\"262\" data-end=\"302\">Pintura al \u00f3leo de cerezo japon\u00e9s<\/strong> \u2013 La Serie del Jard\u00edn de la Theotokos<\/p>\n<p data-start=\"343\" data-end=\"711\">Esto original <strong data-start=\"357\" data-end=\"405\">Pintura al \u00f3leo de cerezo japon\u00e9s de 10x10 cm<\/strong> es parte de <strong data-start=\"417\" data-end=\"455\">La Serie del Jard\u00edn de la Theotokos<\/strong>, una colecci\u00f3n en evoluci\u00f3n de obras florales de peque\u00f1o formato inspiradas en el simbolismo de jardines sagrados. Inspirado por la delicada belleza de <em data-start=\"581\" data-end=\"589\">cerezo<\/em>, las flores se representan en suaves capas de pintura al \u00f3leo, capturando su ligereza, transparencia y presencia fugaz.<\/p>\n<p data-start=\"713\" data-end=\"1060\">Las flores de cerezo japonesas est\u00e1n profundamente asociadas con la fugacidad, la renovaci\u00f3n y el paso silencioso del tiempo. En esta pintura, los p\u00e9talos parecen casi ingr\u00e1vidos, emergiendo suavemente por la superficie con sutiles cambios tonales y una pincelada refinada. La composici\u00f3n enfatiza la atm\u00f3sfera tanto como la forma, creando una sensaci\u00f3n de quietud y contemplaci\u00f3n.<\/p>\n<p data-start=\"1062\" data-end=\"1341\">Cada pintura en <strong data-start=\"1079\" data-end=\"1117\">La Serie del Jard\u00edn de la Theotokos<\/strong>, incluido este Cerezos en flor japon\u00e9s, est\u00e1 enmarcado en un marco blanco hecho a medida. El marco est\u00e1 dise\u00f1ado como una extensi\u00f3n de la obra de arte, permitiendo que la peque\u00f1a composici\u00f3n exista como un espacio visual completo y autocontenido.<\/p>\n<p data-start=\"1343\" data-end=\"1654\">Lo \u00edntimo <strong data-start=\"1356\" data-end=\"1374\">formato 10x10cm<\/strong> invita a una observaci\u00f3n cercana, donde el espectador puede apreciar el finoY acurrucado, las suaves transiciones de color y la delicada estructura de las flores. Esta obra es especialmente adecuada para coleccionistas que valoran composiciones florales m\u00ednimas y refinadas con un car\u00e1cter po\u00e9tico y contemplativo.<\/p>\n<p data-start=\"1656\" data-end=\"2075\">Los coleccionistas pueden explorar otras obras de <strong data-start=\"1696\" data-end=\"1734\">La Serie del Jard\u00edn de la Theotokos<\/strong> <a class=\"decorated-link\" href=\"#\" rel=\"noopener\" data-start=\"1735\" data-end=\"1744\">aqu\u00ed<\/a>, incluyendo Flor de Cerezo \u00c1cido, Achicoria, Membrillo Japon\u00e9s, Cala Blanca, Flor de Melocotonero, Flor de Sa\u00faco, Vinca, Rosa, Flor de Peral, Flor de Manzano Salvaje, Kerria Japonica, Flor de Membrillo, Malva Real Negra, Crisantemo, Jazm\u00edn y Veronica Persica. Juntas, estas obras forman un jard\u00edn tranquilo y coherente de peque\u00f1as pinturas florales.<\/p>\n<p data-start=\"2077\" data-end=\"2244\">La <strong data-start=\"2081\" data-end=\"2121\">Pintura al \u00f3leo de cerezo japon\u00e9s<\/strong> puede exhibirse individualmente o combinarse con otras obras de la serie, creando una colecci\u00f3n armoniosa e \u00edntima.<\/p>","protected":false},"excerpt":{"rendered":"<div class=\"wpforms-container \" id=\"wpforms-1448\">\n<form id=\"wpforms-form-1448\" class=\"wpforms-validate wpforms-form\" data-formid=\"1448\" method=\"post\" enctype=\"multipart\/form-data\" action=\"\/es\/wp-json\/wp\/v2\/product\/3602\" data-token=\"0e4a1f11dca05477877b701c65d20f4e\" data-token-time=\"1778598433\">\n<div class=\"wpforms-head-container\">\n<div class=\"wpforms-title\">Contact Form<\/div>\n<\/div>\n<p><noscript class=\"wpforms-error-noscript\">Por favor, activa JavaScript en tu navegador para completar este formulario.<\/noscript><\/p>\n<div class=\"wpforms-field-container\">\n<div id=\"wpforms-1448-field_0-container\" class=\"wpforms-field wpforms-field-name\" data-field-id=\"0\"><label class=\"wpforms-field-label wpforms-label-hide\" for=\"wpforms-1448-field_0\">Your Name  <span class=\"wpforms-required-label\">*<\/span><\/label><input type=\"text\" id=\"wpforms-1448-field_0\" class=\"wpforms-field-large wpforms-field-required\" name=\"wpforms[fields][0]\" placeholder=\"Name\" required><\/div>\n<div id=\"wpforms-1448-field_1-container\" class=\"wpforms-field wpforms-field-email\" data-field-id=\"1\"><label class=\"wpforms-field-label wpforms-label-hide\" for=\"wpforms-1448-field_1\">Email <span class=\"wpforms-required-label\">*<\/span><\/label><input type=\"email\" id=\"wpforms-1448-field_1\" class=\"wpforms-field-large wpforms-field-required\" name=\"wpforms[fields][1]\" placeholder=\"Email\" spellcheck=\"false\" required><\/div>\n<div id=\"wpforms-1448-field_4-container\" class=\"wpforms-field wpforms-field-text\" data-field-id=\"4\"><label class=\"wpforms-field-label wpforms-label-hide\" for=\"wpforms-1448-field_4\">Subject <span class=\"wpforms-required-label\">*<\/span><\/label><input type=\"text\" id=\"wpforms-1448-field_4\" class=\"wpforms-field-large wpforms-field-required\" name=\"wpforms[fields][4]\" placeholder=\"Subject\" required><\/div>\n<div id=\"wpforms-1448-field_2-container\" class=\"wpforms-field wpforms-field-textarea\" data-field-id=\"2\"><label class=\"wpforms-field-label wpforms-label-hide\" for=\"wpforms-1448-field_2\">Your Message <span class=\"wpforms-required-label\">*<\/span><\/label><textarea id=\"wpforms-1448-field_2\" class=\"wpforms-field-medium wpforms-field-required\" name=\"wpforms[fields][2]\" placeholder=\"Message\" required><\/textarea><\/div>\n<\/div>\n<p><!-- .wpforms-field-container --><\/p>\n<div class=\"wpforms-field wpforms-field-hp\"><label for=\"wpforms-1448-field-hp\" class=\"wpforms-field-label\">Comment<\/label><input type=\"text\" name=\"wpforms[hp]\" id=\"wpforms-1448-field-hp\" class=\"wpforms-field-medium\"><\/div>\n<div class=\"wpforms-submit-container\" ><input type=\"hidden\" name=\"wpforms[id]\" value=\"1448\"><input type=\"hidden\" name=\"page_title\" value=\"\"><input type=\"hidden\" name=\"page_url\" value=\"https:\/\/paunkovic.com\/es\/wp-json\/wp\/v2\/product\/3602\"><input type=\"hidden\" name=\"url_referer\" value=\"\"><button type=\"submit\" name=\"wpforms[submit]\" id=\"wpforms-submit-1448\" class=\"wpforms-submit\" data-alt-text=\"Sending...\" data-submit-text=\"Send Message\" aria-live=\"assertive\" value=\"wpforms-submit\">Send Message<\/button><\/div>\n<\/form>\n<\/div>\n<p>  <!-- .wpforms-container --><\/p>\n","protected":false},"featured_media":3603,"comment_status":"closed","ping_status":"closed","template":"","meta":{"site-sidebar-layout":"default","site-content-layout":"","ast-site-content-layout":"default","site-content-style":"default","site-sidebar-style":"default","ast-global-header-display":"","ast-banner-title-visibility":"","ast-main-header-display":"","ast-hfb-above-header-display":"","ast-hfb-below-header-display":"","ast-hfb-mobile-header-display":"","site-post-title":"","ast-breadcrumbs-content":"","ast-featured-img":"","footer-sml-layout":"","ast-disable-related-posts":"","theme-transparent-header-meta":"default","adv-header-id-meta":"","stick-header-meta":"default","header-above-stick-meta":"","header-main-stick-meta":"","header-below-stick-meta":"","astra-migrate-meta-layouts":"set","ast-page-background-enabled":"default","ast-page-background-meta":{"desktop":{"background-color":"","background-image":"","background-repeat":"repeat","background-position":"center center","background-size":"auto","background-attachment":"scroll","background-type":"","background-media":"","overlay-type":"","overlay-color":"","overlay-opacity":"","overlay-gradient":""},"tablet":{"background-color":"","background-image":"","background-repeat":"repeat","background-position":"center center","background-size":"auto","background-attachment":"scroll","background-type":"","background-media":"","overlay-type":"","overlay-color":"","overlay-opacity":"","overlay-gradient":""},"mobile":{"background-color":"","background-image":"","background-repeat":"repeat","background-position":"center center","background-size":"auto","background-attachment":"scroll","background-type":"","background-media":"","overlay-type":"","overlay-color":"","overlay-opacity":"","overlay-gradient":""}},"ast-content-background-meta":{"desktop":{"background-color":"var(--ast-global-color-5)","background-image":"","background-repeat":"repeat","background-position":"center center","background-size":"auto","background-attachment":"scroll","background-type":"","background-media":"","overlay-type":"","overlay-color":"","overlay-opacity":"","overlay-gradient":""},"tablet":{"background-color":"var(--ast-global-color-5)","background-image":"","background-repeat":"repeat","background-position":"center center","background-size":"auto","background-attachment":"scroll","background-type":"","background-media":"","overlay-type":"","overlay-color":"","overlay-opacity":"","overlay-gradient":""},"mobile":{"background-color":"var(--ast-global-color-5)","background-image":"","background-repeat":"repeat","background-position":"center center","background-size":"auto","background-attachment":"scroll","background-type":"","background-media":"","overlay-type":"","overlay-color":"","overlay-opacity":"","overlay-gradient":""}}},"product_brand":[],"product_cat":[46],"product_tag":[],"class_list":{"0":"post-3602","1":"product","2":"type-product","3":"status-publish","4":"has-post-thumbnail","6":"product_cat-garden-of-the-theotokos-art-series","7":"desktop-align-center","8":"tablet-align-center","9":"mobile-align-center","10":"ast-product-gallery-layout-horizontal","11":"ast-product-tabs-layout-accordion","12":"ast-qv-on-image","14":"first","15":"instock","16":"sold-individually","17":"shipping-taxable","18":"purchasable","19":"product-type-simple"},"yoast_head":"<!-- This site is optimized with the Yoast SEO plugin v27.5 - https:\/\/yoast.com\/product\/yoast-seo-wordpress\/ -->\n<title>Japanese Cherry Blossom Oil Painting 10x10cm<\/title>\n<meta name=\"description\" content=\"Original Japanese Cherry Blossom oil painting 10x10cm from The Garden of the Theotokos Series. Small framed floral artwork inspired by sakura.\" \/>\n<meta name=\"robots\" content=\"index, follow, max-snippet:-1, max-image-preview:large, max-video-preview:-1\" \/>\n<link rel=\"canonical\" href=\"https:\/\/paunkovic.com\/es\/product\/pintura-al-oleo-de-flor-de-cerezo-japones-de-10x10-cm\/\" \/>\n<meta property=\"og:locale\" content=\"es_ES\" \/>\n<meta property=\"og:type\" content=\"article\" \/>\n<meta property=\"og:title\" content=\"Japanese Cherry Blossom Oil Painting 10x10cm\" \/>\n<meta property=\"og:description\" content=\"Original Japanese Cherry Blossom oil painting 10x10cm from The Garden of the Theotokos Series. Small framed floral artwork inspired by sakura.\" \/>\n<meta property=\"og:url\" content=\"https:\/\/paunkovic.com\/es\/product\/pintura-al-oleo-de-flor-de-cerezo-japones-de-10x10-cm\/\" \/>\n<meta property=\"og:site_name\" content=\"JA Paunkovic\" \/>\n<meta property=\"article:publisher\" content=\"https:\/\/www.facebook.com\/people\/JA-Paunkovic-art-studio\/100035498963663\/\" \/>\n<meta property=\"article:modified_time\" content=\"2026-04-04T14:49:38+00:00\" \/>\n<meta property=\"og:image\" content=\"https:\/\/paunkovic.com\/wp-content\/uploads\/2026\/04\/19-scaled.jpg\" \/>\n\t<meta property=\"og:image:width\" content=\"2560\" \/>\n\t<meta property=\"og:image:height\" content=\"2560\" \/>\n\t<meta property=\"og:image:type\" content=\"image\/jpeg\" \/>\n<meta name=\"twitter:card\" content=\"summary_large_image\" \/>\n<meta name=\"twitter:label1\" content=\"Tiempo de lectura\" \/>\n\t<meta name=\"twitter:data1\" content=\"2 minutos\" \/>\n<script type=\"application\/ld+json\" class=\"yoast-schema-graph\">{\"@context\":\"https:\\\/\\\/schema.org\",\"@graph\":[{\"@type\":\"WebPage\",\"@id\":\"https:\\\/\\\/paunkovic.com\\\/product\\\/japanese-cherry-blossom-oil-painting-10x10cm\\\/\",\"url\":\"https:\\\/\\\/paunkovic.com\\\/product\\\/japanese-cherry-blossom-oil-painting-10x10cm\\\/\",\"name\":\"Japanese Cherry Blossom Oil Painting 10x10cm\",\"isPartOf\":{\"@id\":\"https:\\\/\\\/paunkovic.com\\\/#website\"},\"primaryImageOfPage\":{\"@id\":\"https:\\\/\\\/paunkovic.com\\\/product\\\/japanese-cherry-blossom-oil-painting-10x10cm\\\/#primaryimage\"},\"image\":{\"@id\":\"https:\\\/\\\/paunkovic.com\\\/product\\\/japanese-cherry-blossom-oil-painting-10x10cm\\\/#primaryimage\"},\"thumbnailUrl\":\"https:\\\/\\\/paunkovic.com\\\/wp-content\\\/uploads\\\/2026\\\/04\\\/19-scaled.jpg\",\"datePublished\":\"2026-04-04T14:46:31+00:00\",\"dateModified\":\"2026-04-04T14:49:38+00:00\",\"description\":\"Original Japanese Cherry Blossom oil painting 10x10cm from The Garden of the Theotokos Series. Small framed floral artwork inspired by sakura.\",\"breadcrumb\":{\"@id\":\"https:\\\/\\\/paunkovic.com\\\/product\\\/japanese-cherry-blossom-oil-painting-10x10cm\\\/#breadcrumb\"},\"inLanguage\":\"es\",\"potentialAction\":[{\"@type\":\"ReadAction\",\"target\":[\"https:\\\/\\\/paunkovic.com\\\/product\\\/japanese-cherry-blossom-oil-painting-10x10cm\\\/\"]}]},{\"@type\":\"ImageObject\",\"inLanguage\":\"es\",\"@id\":\"https:\\\/\\\/paunkovic.com\\\/product\\\/japanese-cherry-blossom-oil-painting-10x10cm\\\/#primaryimage\",\"url\":\"https:\\\/\\\/paunkovic.com\\\/wp-content\\\/uploads\\\/2026\\\/04\\\/19-scaled.jpg\",\"contentUrl\":\"https:\\\/\\\/paunkovic.com\\\/wp-content\\\/uploads\\\/2026\\\/04\\\/19-scaled.jpg\",\"width\":2560,\"height\":2560,\"caption\":\"Japanese Cherry Blossom 10x10cm oil painting from The Garden of the Theotokos Series by Paunkovic, small framed artwork with delicate pink sakura blossoms.\"},{\"@type\":\"BreadcrumbList\",\"@id\":\"https:\\\/\\\/paunkovic.com\\\/product\\\/japanese-cherry-blossom-oil-painting-10x10cm\\\/#breadcrumb\",\"itemListElement\":[{\"@type\":\"ListItem\",\"position\":1,\"name\":\"Home\",\"item\":\"https:\\\/\\\/paunkovic.com\\\/\"},{\"@type\":\"ListItem\",\"position\":2,\"name\":\"Shop\",\"item\":\"https:\\\/\\\/paunkovic.com\\\/shop\\\/\"},{\"@type\":\"ListItem\",\"position\":3,\"name\":\"Japanese Cherry Blossom 10x10cm, Oil Painting\"}]},{\"@type\":\"WebSite\",\"@id\":\"https:\\\/\\\/paunkovic.com\\\/#website\",\"url\":\"https:\\\/\\\/paunkovic.com\\\/\",\"name\":\"JA Paunkovic\",\"description\":\"art inspired by nature\",\"publisher\":{\"@id\":\"https:\\\/\\\/paunkovic.com\\\/#organization\"},\"potentialAction\":[{\"@type\":\"SearchAction\",\"target\":{\"@type\":\"EntryPoint\",\"urlTemplate\":\"https:\\\/\\\/paunkovic.com\\\/?s={search_term_string}\"},\"query-input\":{\"@type\":\"PropertyValueSpecification\",\"valueRequired\":true,\"valueName\":\"search_term_string\"}}],\"inLanguage\":\"es\"},{\"@type\":\"Organization\",\"@id\":\"https:\\\/\\\/paunkovic.com\\\/#organization\",\"name\":\"JA Paunkovic art studio\",\"url\":\"https:\\\/\\\/paunkovic.com\\\/\",\"logo\":{\"@type\":\"ImageObject\",\"inLanguage\":\"es\",\"@id\":\"https:\\\/\\\/paunkovic.com\\\/#\\\/schema\\\/logo\\\/image\\\/\",\"url\":\"https:\\\/\\\/paunkovic.com\\\/wp-content\\\/uploads\\\/2024\\\/10\\\/cropped-favicon.png\",\"contentUrl\":\"https:\\\/\\\/paunkovic.com\\\/wp-content\\\/uploads\\\/2024\\\/10\\\/cropped-favicon.png\",\"width\":512,\"height\":512,\"caption\":\"JA Paunkovic art studio\"},\"image\":{\"@id\":\"https:\\\/\\\/paunkovic.com\\\/#\\\/schema\\\/logo\\\/image\\\/\"},\"sameAs\":[\"https:\\\/\\\/www.facebook.com\\\/people\\\/JA-Paunkovic-art-studio\\\/100035498963663\\\/\",\"https:\\\/\\\/www.instagram.com\\\/paunkovicart\\\/\",\"https:\\\/\\\/www.youtube.com\\\/channel\\\/UCU-Blld6rytSCTWTQzW6Unw\"]}]}<\/script>\n<!-- \/ Yoast SEO plugin. -->","yoast_head_json":{"title":"Pintura al \u00f3leo de cerezo japon\u00e9s de 10x10 cm","description":"Pintura al \u00f3leo de cerezo japon\u00e9s original de 10x10 cm de la serie \"El Jard\u00edn de la Theotokos\". Peque\u00f1a obra de arte floral enmarcada inspirada en sakura.","robots":{"index":"index","follow":"follow","max-snippet":"max-snippet:-1","max-image-preview":"max-image-preview:large","max-video-preview":"max-video-preview:-1"},"canonical":"https:\/\/paunkovic.com\/es\/product\/pintura-al-oleo-de-flor-de-cerezo-japones-de-10x10-cm\/","og_locale":"es_ES","og_type":"article","og_title":"Japanese Cherry Blossom Oil Painting 10x10cm","og_description":"Original Japanese Cherry Blossom oil painting 10x10cm from The Garden of the Theotokos Series. Small framed floral artwork inspired by sakura.","og_url":"https:\/\/paunkovic.com\/es\/product\/pintura-al-oleo-de-flor-de-cerezo-japones-de-10x10-cm\/","og_site_name":"JA Paunkovic","article_publisher":"https:\/\/www.facebook.com\/people\/JA-Paunkovic-art-studio\/100035498963663\/","article_modified_time":"2026-04-04T14:49:38+00:00","og_image":[{"width":2560,"height":2560,"url":"https:\/\/paunkovic.com\/wp-content\/uploads\/2026\/04\/19-scaled.jpg","type":"image\/jpeg"}],"twitter_card":"summary_large_image","twitter_misc":{"Tiempo de lectura":"2 minutos"},"schema":{"@context":"https:\/\/schema.org","@graph":[{"@type":"WebPage","@id":"https:\/\/paunkovic.com\/product\/japanese-cherry-blossom-oil-painting-10x10cm\/","url":"https:\/\/paunkovic.com\/product\/japanese-cherry-blossom-oil-painting-10x10cm\/","name":"Pintura al \u00f3leo de cerezo japon\u00e9s de 10x10 cm","isPartOf":{"@id":"https:\/\/paunkovic.com\/#website"},"primaryImageOfPage":{"@id":"https:\/\/paunkovic.com\/product\/japanese-cherry-blossom-oil-painting-10x10cm\/#primaryimage"},"image":{"@id":"https:\/\/paunkovic.com\/product\/japanese-cherry-blossom-oil-painting-10x10cm\/#primaryimage"},"thumbnailUrl":"https:\/\/paunkovic.com\/wp-content\/uploads\/2026\/04\/19-scaled.jpg","datePublished":"2026-04-04T14:46:31+00:00","dateModified":"2026-04-04T14:49:38+00:00","description":"Pintura al \u00f3leo de cerezo japon\u00e9s original de 10x10 cm de la serie \"El Jard\u00edn de la Theotokos\". Peque\u00f1a obra de arte floral enmarcada inspirada en sakura.","breadcrumb":{"@id":"https:\/\/paunkovic.com\/product\/japanese-cherry-blossom-oil-painting-10x10cm\/#breadcrumb"},"inLanguage":"es","potentialAction":[{"@type":"ReadAction","target":["https:\/\/paunkovic.com\/product\/japanese-cherry-blossom-oil-painting-10x10cm\/"]}]},{"@type":"ImageObject","inLanguage":"es","@id":"https:\/\/paunkovic.com\/product\/japanese-cherry-blossom-oil-painting-10x10cm\/#primaryimage","url":"https:\/\/paunkovic.com\/wp-content\/uploads\/2026\/04\/19-scaled.jpg","contentUrl":"https:\/\/paunkovic.com\/wp-content\/uploads\/2026\/04\/19-scaled.jpg","width":2560,"height":2560,"caption":"Japanese Cherry Blossom 10x10cm oil painting from The Garden of the Theotokos Series by Paunkovic, small framed artwork with delicate pink sakura blossoms."},{"@type":"BreadcrumbList","@id":"https:\/\/paunkovic.com\/product\/japanese-cherry-blossom-oil-painting-10x10cm\/#breadcrumb","itemListElement":[{"@type":"ListItem","position":1,"name":"Home","item":"https:\/\/paunkovic.com\/"},{"@type":"ListItem","position":2,"name":"Shop","item":"https:\/\/paunkovic.com\/shop\/"},{"@type":"ListItem","position":3,"name":"Japanese Cherry Blossom 10x10cm, Oil Painting"}]},{"@type":"WebSite","@id":"https:\/\/paunkovic.com\/#website","url":"https:\/\/paunkovic.com\/","name":"JA Paunkovic","description":"arte inspirado en la naturaleza","publisher":{"@id":"https:\/\/paunkovic.com\/#organization"},"potentialAction":[{"@type":"SearchAction","target":{"@type":"EntryPoint","urlTemplate":"https:\/\/paunkovic.com\/?s={search_term_string}"},"query-input":{"@type":"PropertyValueSpecification","valueRequired":true,"valueName":"search_term_string"}}],"inLanguage":"es"},{"@type":"Organization","@id":"https:\/\/paunkovic.com\/#organization","name":"Estudio de arte JA Paunkovic","url":"https:\/\/paunkovic.com\/","logo":{"@type":"ImageObject","inLanguage":"es","@id":"https:\/\/paunkovic.com\/#\/schema\/logo\/image\/","url":"https:\/\/paunkovic.com\/wp-content\/uploads\/2024\/10\/cropped-favicon.png","contentUrl":"https:\/\/paunkovic.com\/wp-content\/uploads\/2024\/10\/cropped-favicon.png","width":512,"height":512,"caption":"JA Paunkovic art studio"},"image":{"@id":"https:\/\/paunkovic.com\/#\/schema\/logo\/image\/"},"sameAs":["https:\/\/www.facebook.com\/people\/JA-Paunkovic-art-studio\/100035498963663\/","https:\/\/www.instagram.com\/paunkovicart\/","https:\/\/www.youtube.com\/channel\/UCU-Blld6rytSCTWTQzW6Unw"]}]}},"_links":{"self":[{"href":"https:\/\/paunkovic.com\/es\/wp-json\/wp\/v2\/product\/3602","targetHints":{"allow":["GET"]}}],"collection":[{"href":"https:\/\/paunkovic.com\/es\/wp-json\/wp\/v2\/product"}],"about":[{"href":"https:\/\/paunkovic.com\/es\/wp-json\/wp\/v2\/types\/product"}],"replies":[{"embeddable":true,"href":"https:\/\/paunkovic.com\/es\/wp-json\/wp\/v2\/comments?post=3602"}],"wp:featuredmedia":[{"embeddable":true,"href":"https:\/\/paunkovic.com\/es\/wp-json\/wp\/v2\/media\/3603"}],"wp:attachment":[{"href":"https:\/\/paunkovic.com\/es\/wp-json\/wp\/v2\/media?parent=3602"}],"wp:term":[{"taxonomy":"product_brand","embeddable":true,"href":"https:\/\/paunkovic.com\/es\/wp-json\/wp\/v2\/product_brand?post=3602"},{"taxonomy":"product_cat","embeddable":true,"href":"https:\/\/paunkovic.com\/es\/wp-json\/wp\/v2\/product_cat?post=3602"},{"taxonomy":"product_tag","embeddable":true,"href":"https:\/\/paunkovic.com\/es\/wp-json\/wp\/v2\/product_tag?post=3602"}],"curies":[{"name":"wp","href":"https:\/\/api.w.org\/{rel}","templated":true}]}}