{"id":2445,"date":"2024-11-03T21:01:05","date_gmt":"2024-11-03T21:01:05","guid":{"rendered":"https:\/\/paunkovic.com\/?post_type=product&#038;p=2445"},"modified":"2026-02-20T17:48:03","modified_gmt":"2026-02-20T17:48:03","slug":"no-12","status":"publish","type":"product","link":"https:\/\/paunkovic.com\/fr\/product\/no-12\/","title":{"rendered":"N\u00b0 12"},"content":{"rendered":"<p><strong>Digital print on canvas\/paper, size: R25cm (9.84 in)<\/strong><\/p>\n<p>Fine Art Limited Edition Print is made on 100% cotton, acid free Canon 320 g\/m2 paper or on Canon canvas 320 g\/m2, using original Canon archival LUCIA PRO pigment ink which produces exceptional color vibrancy and deep blacks, for striking graphic and fine art printing.<\/p>\n<p>L'impression est soigneusement roul\u00e9e dans un tube en carton. La taille indiqu\u00e9e fait r\u00e9f\u00e9rence \u00e0 la taille du papier ou de la toile.<\/p>\n<p>&nbsp;<\/p>\n<p>Les tirages d'art J&amp;A Paunkovic sont<strong> emball\u00e9 dans des tubes en carton rigide.<\/strong><\/p>\n<p>Les imprim\u00e9s d'art J&amp;A Paunkovic sont envoy\u00e9s <strong>par FedEx<\/strong> , avec qui nous<strong> avoir un contrat.<\/strong><\/p>\n<p>La <strong>date limite<\/strong> pour la livraison <strong>entre 3 et 10 jours ouvrables<\/strong> <strong>jours<\/strong> \u00e0 compter de la date de commande.<\/p>\n<p>Lorsque votre commande aura \u00e9t\u00e9 exp\u00e9di\u00e9e, vous recevrez un<strong> email de confirmation<\/strong> et vous pouvez <strong>suivez votre commande sur le site web de FedEx<\/strong>.<\/p>\n<p>Pour vous assurer que votre colis est <strong>correctement livr\u00e9<\/strong> et vous recevez votre envoi dans le d\u00e9lai que nous annon\u00e7ons, veuillez vous assurer que votre adresse est <strong>compl\u00e8tement saisi et correct<\/strong>. Nous faisons <strong>ne prend pas<\/strong> responsabilit\u00e9 de <strong>informations incorrectes<\/strong>. Si votre colis est <strong>nous est retourn\u00e9<\/strong> \u00e0 cause de<strong> adresse incorrecte<\/strong> information, vous serez <strong>charg\u00e9<\/strong> les frais de r\u00e9exp\u00e9dition si vous souhaitez toujours recevoir votre article.<\/p>\n<p>&nbsp;<\/p>\n<p><strong>Retour et Remboursement<\/strong><\/p>\n<p>En raison de la nature collective de l'art et des produits artistiques, nous n'acceptons pas les remboursements, les retours ou les \u00e9changes, sauf si l'article que vous avez re\u00e7u est endommag\u00e9.<\/p>\n<p>Si vous recevez un article d\u00e9fectueux, veuillez nous contacter dans les 72 heures avec une photographie montrant clairement les dommages et nous vous en enverrons un nouveau \u00e0 nos frais.<\/p>\n<p>Apr\u00e8s avoir pleinement examin\u00e9 votre r\u00e9clamation, nous vous informerons si vous avez droit \u00e0 un remboursement ou \u00e0 un remplacement suite aux dommages. Si vous avez droit \u00e0 un remplacement ou \u00e0 un remboursement, nous remplacerons le produit ou rembourserons le prix d'achat, en utilisant le mode de paiement d'origine.<\/p>\n<p>Selon le pays d'o\u00f9 vous passez commande, des taxes et droits de douane peuvent vous \u00eatre factur\u00e9s, qui ne sont pas inclus dans le prix et qui sont ind\u00e9pendants de la volont\u00e9 du studio d'art J&amp;A Paunkovic.<\/p>\n<p>Si le colis n'arrive pas dans le d\u00e9lai imparti, veuillez envoyer un e-mail \u00e0 paunkovicart@gmail.com et nous ferons de notre mieux pour d\u00e9couvrir la raison du retard ou nous vous enverrons un autre colis \u00e0 nos frais.<\/p>\n<p>&nbsp;<\/p>","protected":false},"excerpt":{"rendered":"<p><strong>LIVRAISON GRATUITE<\/strong><\/p>\n<p>D\u00e9lai de livraison : <strong>3 \u00e0 10 jours ouvrables<\/strong><\/p>\n<p>Ceci <strong>Tirage en \u00e9dition limit\u00e9e<\/strong> est reproduit de l'unique,<strong> peinture unique<\/strong> cr\u00e9\u00e9 dans l'atelier d'art J&amp;A Paunkovic. Le <strong>le processus de cr\u00e9ation<\/strong> la peinture originale s'inspire de <strong>3 \u00e0 7 mois.<\/strong><\/p>\n<ul>\n<li><strong>Haute qualit\u00e9<\/strong> impression d'art sign\u00e9e par l'artiste<\/li>\n<li>Chaque impression est sign\u00e9e <strong>Certificat d'authenticit\u00e9<\/strong><\/li>\n<li><strong>Encres premium<\/strong> pour des couleurs audacieuses et vibrantes<\/li>\n<li>Personnalis\u00e9 avec garniture <strong>bordure blanche<\/strong> pour l'encadrement<\/li>\n<\/ul>","protected":false},"featured_media":2446,"comment_status":"closed","ping_status":"closed","template":"","meta":{"site-sidebar-layout":"default","site-content-layout":"","ast-site-content-layout":"default","site-content-style":"default","site-sidebar-style":"default","ast-global-header-display":"","ast-banner-title-visibility":"","ast-main-header-display":"","ast-hfb-above-header-display":"","ast-hfb-below-header-display":"","ast-hfb-mobile-header-display":"","site-post-title":"","ast-breadcrumbs-content":"","ast-featured-img":"","footer-sml-layout":"","ast-disable-related-posts":"","theme-transparent-header-meta":"default","adv-header-id-meta":"","stick-header-meta":"default","header-above-stick-meta":"","header-main-stick-meta":"","header-below-stick-meta":"","astra-migrate-meta-layouts":"set","ast-page-background-enabled":"default","ast-page-background-meta":{"desktop":{"background-color":"","background-image":"","background-repeat":"repeat","background-position":"center center","background-size":"auto","background-attachment":"scroll","background-type":"","background-media":"","overlay-type":"","overlay-color":"","overlay-opacity":"","overlay-gradient":""},"tablet":{"background-color":"","background-image":"","background-repeat":"repeat","background-position":"center center","background-size":"auto","background-attachment":"scroll","background-type":"","background-media":"","overlay-type":"","overlay-color":"","overlay-opacity":"","overlay-gradient":""},"mobile":{"background-color":"","background-image":"","background-repeat":"repeat","background-position":"center center","background-size":"auto","background-attachment":"scroll","background-type":"","background-media":"","overlay-type":"","overlay-color":"","overlay-opacity":"","overlay-gradient":""}},"ast-content-background-meta":{"desktop":{"background-color":"var(--ast-global-color-5)","background-image":"","background-repeat":"repeat","background-position":"center center","background-size":"auto","background-attachment":"scroll","background-type":"","background-media":"","overlay-type":"","overlay-color":"","overlay-opacity":"","overlay-gradient":""},"tablet":{"background-color":"var(--ast-global-color-5)","background-image":"","background-repeat":"repeat","background-position":"center center","background-size":"auto","background-attachment":"scroll","background-type":"","background-media":"","overlay-type":"","overlay-color":"","overlay-opacity":"","overlay-gradient":""},"mobile":{"background-color":"var(--ast-global-color-5)","background-image":"","background-repeat":"repeat","background-position":"center center","background-size":"auto","background-attachment":"scroll","background-type":"","background-media":"","overlay-type":"","overlay-color":"","overlay-opacity":"","overlay-gradient":""}}},"product_brand":[],"product_cat":[32],"product_tag":[40,41,42],"class_list":{"0":"post-2445","1":"product","2":"type-product","3":"status-publish","4":"has-post-thumbnail","6":"product_cat-prints-limited-edition","7":"product_tag-art-prints","8":"product_tag-limited-edition","9":"product_tag-museum-quality","10":"desktop-align-center","11":"tablet-align-center","12":"mobile-align-center","13":"ast-product-gallery-layout-horizontal","14":"ast-product-single-variable","15":"ast-product-tabs-layout-accordion","16":"ast-qv-on-image","18":"first","19":"instock","20":"shipping-taxable","21":"purchasable","22":"product-type-variable"},"yoast_head":"<!-- This site is optimized with the Yoast SEO plugin v27.4 - https:\/\/yoast.com\/product\/yoast-seo-wordpress\/ -->\n<title>NO.12 - JA Paunkovic<\/title>\n<meta name=\"robots\" content=\"index, follow, max-snippet:-1, max-image-preview:large, max-video-preview:-1\" \/>\n<link rel=\"canonical\" href=\"https:\/\/paunkovic.com\/fr\/product\/no-12\/\" \/>\n<meta property=\"og:locale\" content=\"fr_FR\" \/>\n<meta property=\"og:type\" content=\"article\" \/>\n<meta property=\"og:title\" content=\"NO.12 - JA Paunkovic\" \/>\n<meta property=\"og:description\" content=\"FREE SHIPPING  Delivery time: 3 to 10 working days  This Limited edition print is reproduced from the unique, one-of-a-kind painting created in J&amp;A Paunkovic art studio. The process of creating the original painting takes from 3 to 7 months.   High quality fine art print signed by artist  Each print has a signed Certificate of authenticity  Premium inks for bold and vibrant colours  Custom trimmed with white border for framing\" \/>\n<meta property=\"og:url\" content=\"https:\/\/paunkovic.com\/fr\/product\/no-12\/\" \/>\n<meta property=\"og:site_name\" content=\"JA Paunkovic\" \/>\n<meta property=\"article:publisher\" content=\"https:\/\/www.facebook.com\/people\/JA-Paunkovic-art-studio\/100035498963663\/\" \/>\n<meta property=\"article:modified_time\" content=\"2026-02-20T17:48:03+00:00\" \/>\n<meta property=\"og:image\" content=\"https:\/\/paunkovic.com\/wp-content\/uploads\/2024\/11\/DSC03233.jpg\" \/>\n\t<meta property=\"og:image:width\" content=\"2000\" \/>\n\t<meta property=\"og:image:height\" content=\"2000\" \/>\n\t<meta property=\"og:image:type\" content=\"image\/jpeg\" \/>\n<meta name=\"twitter:card\" content=\"summary_large_image\" \/>\n<meta name=\"twitter:label1\" content=\"Dur\u00e9e de lecture estim\u00e9e\" \/>\n\t<meta name=\"twitter:data1\" content=\"2 minutes\" \/>\n<script type=\"application\/ld+json\" class=\"yoast-schema-graph\">{\"@context\":\"https:\\\/\\\/schema.org\",\"@graph\":[{\"@type\":\"WebPage\",\"@id\":\"https:\\\/\\\/paunkovic.com\\\/product\\\/no-12\\\/\",\"url\":\"https:\\\/\\\/paunkovic.com\\\/product\\\/no-12\\\/\",\"name\":\"NO.12 - JA Paunkovic\",\"isPartOf\":{\"@id\":\"https:\\\/\\\/paunkovic.com\\\/#website\"},\"primaryImageOfPage\":{\"@id\":\"https:\\\/\\\/paunkovic.com\\\/product\\\/no-12\\\/#primaryimage\"},\"image\":{\"@id\":\"https:\\\/\\\/paunkovic.com\\\/product\\\/no-12\\\/#primaryimage\"},\"thumbnailUrl\":\"https:\\\/\\\/paunkovic.com\\\/wp-content\\\/uploads\\\/2024\\\/11\\\/DSC03233.jpg\",\"datePublished\":\"2024-11-03T21:01:05+00:00\",\"dateModified\":\"2026-02-20T17:48:03+00:00\",\"breadcrumb\":{\"@id\":\"https:\\\/\\\/paunkovic.com\\\/product\\\/no-12\\\/#breadcrumb\"},\"inLanguage\":\"fr-FR\",\"potentialAction\":[{\"@type\":\"ReadAction\",\"target\":[\"https:\\\/\\\/paunkovic.com\\\/product\\\/no-12\\\/\"]}]},{\"@type\":\"ImageObject\",\"inLanguage\":\"fr-FR\",\"@id\":\"https:\\\/\\\/paunkovic.com\\\/product\\\/no-12\\\/#primaryimage\",\"url\":\"https:\\\/\\\/paunkovic.com\\\/wp-content\\\/uploads\\\/2024\\\/11\\\/DSC03233.jpg\",\"contentUrl\":\"https:\\\/\\\/paunkovic.com\\\/wp-content\\\/uploads\\\/2024\\\/11\\\/DSC03233.jpg\",\"width\":2000,\"height\":2000},{\"@type\":\"BreadcrumbList\",\"@id\":\"https:\\\/\\\/paunkovic.com\\\/product\\\/no-12\\\/#breadcrumb\",\"itemListElement\":[{\"@type\":\"ListItem\",\"position\":1,\"name\":\"Home\",\"item\":\"https:\\\/\\\/paunkovic.com\\\/\"},{\"@type\":\"ListItem\",\"position\":2,\"name\":\"Shop\",\"item\":\"https:\\\/\\\/paunkovic.com\\\/shop\\\/\"},{\"@type\":\"ListItem\",\"position\":3,\"name\":\"NO.12\"}]},{\"@type\":\"WebSite\",\"@id\":\"https:\\\/\\\/paunkovic.com\\\/#website\",\"url\":\"https:\\\/\\\/paunkovic.com\\\/\",\"name\":\"JA Paunkovic\",\"description\":\"art inspired by nature\",\"publisher\":{\"@id\":\"https:\\\/\\\/paunkovic.com\\\/#organization\"},\"potentialAction\":[{\"@type\":\"SearchAction\",\"target\":{\"@type\":\"EntryPoint\",\"urlTemplate\":\"https:\\\/\\\/paunkovic.com\\\/?s={search_term_string}\"},\"query-input\":{\"@type\":\"PropertyValueSpecification\",\"valueRequired\":true,\"valueName\":\"search_term_string\"}}],\"inLanguage\":\"fr-FR\"},{\"@type\":\"Organization\",\"@id\":\"https:\\\/\\\/paunkovic.com\\\/#organization\",\"name\":\"JA Paunkovic art studio\",\"url\":\"https:\\\/\\\/paunkovic.com\\\/\",\"logo\":{\"@type\":\"ImageObject\",\"inLanguage\":\"fr-FR\",\"@id\":\"https:\\\/\\\/paunkovic.com\\\/#\\\/schema\\\/logo\\\/image\\\/\",\"url\":\"https:\\\/\\\/paunkovic.com\\\/wp-content\\\/uploads\\\/2024\\\/10\\\/cropped-favicon.png\",\"contentUrl\":\"https:\\\/\\\/paunkovic.com\\\/wp-content\\\/uploads\\\/2024\\\/10\\\/cropped-favicon.png\",\"width\":512,\"height\":512,\"caption\":\"JA Paunkovic art studio\"},\"image\":{\"@id\":\"https:\\\/\\\/paunkovic.com\\\/#\\\/schema\\\/logo\\\/image\\\/\"},\"sameAs\":[\"https:\\\/\\\/www.facebook.com\\\/people\\\/JA-Paunkovic-art-studio\\\/100035498963663\\\/\",\"https:\\\/\\\/www.instagram.com\\\/paunkovicart\\\/\",\"https:\\\/\\\/www.youtube.com\\\/channel\\\/UCU-Blld6rytSCTWTQzW6Unw\"]}]}<\/script>\n<!-- \/ Yoast SEO plugin. -->","yoast_head_json":{"title":"NO.12 - JA Paunkovic","robots":{"index":"index","follow":"follow","max-snippet":"max-snippet:-1","max-image-preview":"max-image-preview:large","max-video-preview":"max-video-preview:-1"},"canonical":"https:\/\/paunkovic.com\/fr\/product\/no-12\/","og_locale":"fr_FR","og_type":"article","og_title":"NO.12 - JA Paunkovic","og_description":"FREE SHIPPING  Delivery time: 3 to 10 working days  This Limited edition print is reproduced from the unique, one-of-a-kind painting created in J&amp;A Paunkovic art studio. The process of creating the original painting takes from 3 to 7 months.   High quality fine art print signed by artist  Each print has a signed Certificate of authenticity  Premium inks for bold and vibrant colours  Custom trimmed with white border for framing","og_url":"https:\/\/paunkovic.com\/fr\/product\/no-12\/","og_site_name":"JA Paunkovic","article_publisher":"https:\/\/www.facebook.com\/people\/JA-Paunkovic-art-studio\/100035498963663\/","article_modified_time":"2026-02-20T17:48:03+00:00","og_image":[{"width":2000,"height":2000,"url":"https:\/\/paunkovic.com\/wp-content\/uploads\/2024\/11\/DSC03233.jpg","type":"image\/jpeg"}],"twitter_card":"summary_large_image","twitter_misc":{"Dur\u00e9e de lecture estim\u00e9e":"2 minutes"},"schema":{"@context":"https:\/\/schema.org","@graph":[{"@type":"WebPage","@id":"https:\/\/paunkovic.com\/product\/no-12\/","url":"https:\/\/paunkovic.com\/product\/no-12\/","name":"NO.12 - JA Paunkovic","isPartOf":{"@id":"https:\/\/paunkovic.com\/#website"},"primaryImageOfPage":{"@id":"https:\/\/paunkovic.com\/product\/no-12\/#primaryimage"},"image":{"@id":"https:\/\/paunkovic.com\/product\/no-12\/#primaryimage"},"thumbnailUrl":"https:\/\/paunkovic.com\/wp-content\/uploads\/2024\/11\/DSC03233.jpg","datePublished":"2024-11-03T21:01:05+00:00","dateModified":"2026-02-20T17:48:03+00:00","breadcrumb":{"@id":"https:\/\/paunkovic.com\/product\/no-12\/#breadcrumb"},"inLanguage":"fr-FR","potentialAction":[{"@type":"ReadAction","target":["https:\/\/paunkovic.com\/product\/no-12\/"]}]},{"@type":"ImageObject","inLanguage":"fr-FR","@id":"https:\/\/paunkovic.com\/product\/no-12\/#primaryimage","url":"https:\/\/paunkovic.com\/wp-content\/uploads\/2024\/11\/DSC03233.jpg","contentUrl":"https:\/\/paunkovic.com\/wp-content\/uploads\/2024\/11\/DSC03233.jpg","width":2000,"height":2000},{"@type":"BreadcrumbList","@id":"https:\/\/paunkovic.com\/product\/no-12\/#breadcrumb","itemListElement":[{"@type":"ListItem","position":1,"name":"Home","item":"https:\/\/paunkovic.com\/"},{"@type":"ListItem","position":2,"name":"Shop","item":"https:\/\/paunkovic.com\/shop\/"},{"@type":"ListItem","position":3,"name":"NO.12"}]},{"@type":"WebSite","@id":"https:\/\/paunkovic.com\/#website","url":"https:\/\/paunkovic.com\/","name":"JA Paunkovic","description":"art inspir\u00e9 par la nature","publisher":{"@id":"https:\/\/paunkovic.com\/#organization"},"potentialAction":[{"@type":"SearchAction","target":{"@type":"EntryPoint","urlTemplate":"https:\/\/paunkovic.com\/?s={search_term_string}"},"query-input":{"@type":"PropertyValueSpecification","valueRequired":true,"valueName":"search_term_string"}}],"inLanguage":"fr-FR"},{"@type":"Organization","@id":"https:\/\/paunkovic.com\/#organization","name":"Atelier d'art JA Paunkovic","url":"https:\/\/paunkovic.com\/","logo":{"@type":"ImageObject","inLanguage":"fr-FR","@id":"https:\/\/paunkovic.com\/#\/schema\/logo\/image\/","url":"https:\/\/paunkovic.com\/wp-content\/uploads\/2024\/10\/cropped-favicon.png","contentUrl":"https:\/\/paunkovic.com\/wp-content\/uploads\/2024\/10\/cropped-favicon.png","width":512,"height":512,"caption":"JA Paunkovic art studio"},"image":{"@id":"https:\/\/paunkovic.com\/#\/schema\/logo\/image\/"},"sameAs":["https:\/\/www.facebook.com\/people\/JA-Paunkovic-art-studio\/100035498963663\/","https:\/\/www.instagram.com\/paunkovicart\/","https:\/\/www.youtube.com\/channel\/UCU-Blld6rytSCTWTQzW6Unw"]}]}},"_links":{"self":[{"href":"https:\/\/paunkovic.com\/fr\/wp-json\/wp\/v2\/product\/2445","targetHints":{"allow":["GET"]}}],"collection":[{"href":"https:\/\/paunkovic.com\/fr\/wp-json\/wp\/v2\/product"}],"about":[{"href":"https:\/\/paunkovic.com\/fr\/wp-json\/wp\/v2\/types\/product"}],"replies":[{"embeddable":true,"href":"https:\/\/paunkovic.com\/fr\/wp-json\/wp\/v2\/comments?post=2445"}],"wp:featuredmedia":[{"embeddable":true,"href":"https:\/\/paunkovic.com\/fr\/wp-json\/wp\/v2\/media\/2446"}],"wp:attachment":[{"href":"https:\/\/paunkovic.com\/fr\/wp-json\/wp\/v2\/media?parent=2445"}],"wp:term":[{"taxonomy":"product_brand","embeddable":true,"href":"https:\/\/paunkovic.com\/fr\/wp-json\/wp\/v2\/product_brand?post=2445"},{"taxonomy":"product_cat","embeddable":true,"href":"https:\/\/paunkovic.com\/fr\/wp-json\/wp\/v2\/product_cat?post=2445"},{"taxonomy":"product_tag","embeddable":true,"href":"https:\/\/paunkovic.com\/fr\/wp-json\/wp\/v2\/product_tag?post=2445"}],"curies":[{"name":"wp","href":"https:\/\/api.w.org\/{rel}","templated":true}]}}