{"id":3514,"date":"2026-03-04T18:31:05","date_gmt":"2026-03-04T18:31:05","guid":{"rendered":"https:\/\/paunkovic.com\/?post_type=product&#038;p=3514"},"modified":"2026-03-05T18:48:43","modified_gmt":"2026-03-05T18:48:43","slug":"peinture-a-lhuile-callas-blanc-10x10cm","status":"publish","type":"product","link":"https:\/\/paunkovic.com\/fr\/product\/white-calla-oil-painting-10x10cm\/","title":{"rendered":"Calla blanc 10x10cm, Peinture \u00e0 l'huile"},"content":{"rendered":"<p data-start=\"277\" data-end=\"360\"><strong data-start=\"304\" data-end=\"332\">Peinture \u00e0 l'huile de calla blanc<\/strong> \u2013 <span class=\"hero__primary-text\" data-testid=\"hero__primary-text\">Le Jardin de la Th\u00e9otokos <\/span><\/p>\n<p data-start=\"362\" data-end=\"818\">Cette peinture \u00e0 l'huile originale de Calla blanche de 10x10cm fait partie <span class=\"hero__primary-text\" data-testid=\"hero__primary-text\">Le Jardin de la Th\u00e9otokos <\/span>S\u00e9rie d'art, une collection \u00e9voluant de petites \u0153uvres florales inspir\u00e9es par le symbolisme des jardins sacr\u00e9s. L'\u00e9l\u00e9gante fleur de calla blanche est repr\u00e9sent\u00e9e avec de d\u00e9licates textures \u00e0 l'huile superpos\u00e9es, mettant en valeur ses courbes lisses, ses p\u00e9tales lumineux et sa pr\u00e9sence gracieuse. Le jeu doux de la lumi\u00e8re et de l'ombre donne vie \u00e0 la fleur, capturant sa beaut\u00e9 sereine et sa puret\u00e9 symbolique.<\/p>\n<p data-start=\"820\" data-end=\"1164\">Chaque tableau de cette s\u00e9rie, y compris le Calla blanc, est soigneusement encadr\u00e9 dans un cadre blanc fait sur mesure, con\u00e7u non seulement comme une bordure mais comme une extension de l'\u0153uvre dans l'espace. Le format 10x10 cm renforce l'intimit\u00e9, encourageant les spectateurs \u00e0 s'engager \u00e9troitement avec les d\u00e9tails complexes de la fleur et les textures subtiles de la peinture \u00e0 l'huile.<\/p>\n<p data-start=\"1166\" data-end=\"1555\">Les collectionneurs et les amateurs d'art peuvent explorer le complet <span class=\"hero__primary-text\" data-testid=\"hero__primary-text\">Le Jardin de la Th\u00e9otokos <\/span>\u00a0s\u00e9rie <a class=\"decorated-link\" href=\"https:\/\/paunkovic.com\/fr\/product-category\/jardin-de-la-series-artistiques-de-la-theotokos\/\" rel=\"noopener\" data-start=\"1255\" data-end=\"1264\">ici<\/a>, comprenant d'autres peintures florales de petit format telles que <a class=\"decorated-link\" href=\"https:\/\/paunkovic.com\/fr\/product\/cherry-blossom-oil-painting-10x10cm\/\" rel=\"noopener\" data-start=\"1320\" data-end=\"1347\">Fleur de cerisier 10x10 cm<\/a>, <a class=\"decorated-link\" href=\"https:\/\/paunkovic.com\/fr\/product\/chicory-oil-painting-10x10cm\/\" rel=\"noopener\" data-start=\"1349\" data-end=\"1369\">Chicor\u00e9e 10x10cm<\/a>, et <a class=\"decorated-link\" href=\"https:\/\/paunkovic.com\/fr\/product\/peinture-a-lhuile-de-cognassier-du-japon-10x10cm\/\" rel=\"noopener\" data-start=\"1375\" data-end=\"1403\">Cognassier du Japon 10x10cm<\/a>. La peinture \u00e0 l'huile Callas blanches est id\u00e9ale pour les collectionneurs \u00e0 la recherche d'\u0153uvres florales sereines et de petite taille, ou \u00e0 offrir \u00e0 des amateurs d'art d'inspiration botanique.<\/p>\n<p data-start=\"1557\" data-end=\"1879\">La peinture peut \u00eatre expos\u00e9e individuellement ou dans le cadre d'une s\u00e9rie organis\u00e9e de petites \u0153uvres florales, ajoutant une touche d'\u00e9l\u00e9gance, de calme et de beaut\u00e9 naturelle \u00e0 tout int\u00e9rieur. Les textures douces et les p\u00e9tales blancs lumineux en font une pi\u00e8ce parfaite pour une contemplation intime, la m\u00e9ditation ou pour cr\u00e9er un coin paisible dans votre espace de vie.<\/p>","protected":false},"excerpt":{"rendered":"<div class=\"wpforms-container \" id=\"wpforms-1448\">\n<form id=\"wpforms-form-1448\" class=\"wpforms-validate wpforms-form\" data-formid=\"1448\" method=\"post\" enctype=\"multipart\/form-data\" action=\"\/fr\/wp-json\/wp\/v2\/product\/3514\" data-token=\"0e4a1f11dca05477877b701c65d20f4e\" data-token-time=\"1778601082\">\n<div class=\"wpforms-head-container\">\n<div class=\"wpforms-title\">Contact Form<\/div>\n<\/div>\n<p><noscript class=\"wpforms-error-noscript\">Veuillez activer JavaScript dans votre navigateur pour remplir ce formulaire.<\/noscript><\/p>\n<div class=\"wpforms-field-container\">\n<div id=\"wpforms-1448-field_0-container\" class=\"wpforms-field wpforms-field-name\" data-field-id=\"0\"><label class=\"wpforms-field-label wpforms-label-hide\" for=\"wpforms-1448-field_0\">Your Name  <span class=\"wpforms-required-label\">*<\/span><\/label><input type=\"text\" id=\"wpforms-1448-field_0\" class=\"wpforms-field-large wpforms-field-required\" name=\"wpforms[fields][0]\" placeholder=\"Name\" required><\/div>\n<div id=\"wpforms-1448-field_1-container\" class=\"wpforms-field wpforms-field-email\" data-field-id=\"1\"><label class=\"wpforms-field-label wpforms-label-hide\" for=\"wpforms-1448-field_1\">Email <span class=\"wpforms-required-label\">*<\/span><\/label><input type=\"email\" id=\"wpforms-1448-field_1\" class=\"wpforms-field-large wpforms-field-required\" name=\"wpforms[fields][1]\" placeholder=\"Email\" spellcheck=\"false\" required><\/div>\n<div id=\"wpforms-1448-field_4-container\" class=\"wpforms-field wpforms-field-text\" data-field-id=\"4\"><label class=\"wpforms-field-label wpforms-label-hide\" for=\"wpforms-1448-field_4\">Subject <span class=\"wpforms-required-label\">*<\/span><\/label><input type=\"text\" id=\"wpforms-1448-field_4\" class=\"wpforms-field-large wpforms-field-required\" name=\"wpforms[fields][4]\" placeholder=\"Subject\" required><\/div>\n<div id=\"wpforms-1448-field_2-container\" class=\"wpforms-field wpforms-field-textarea\" data-field-id=\"2\"><label class=\"wpforms-field-label wpforms-label-hide\" for=\"wpforms-1448-field_2\">Your Message <span class=\"wpforms-required-label\">*<\/span><\/label><textarea id=\"wpforms-1448-field_2\" class=\"wpforms-field-medium wpforms-field-required\" name=\"wpforms[fields][2]\" placeholder=\"Message\" required><\/textarea><\/div>\n<\/div>\n<p><!-- .wpforms-field-container --><\/p>\n<div class=\"wpforms-field wpforms-field-hp\"><label for=\"wpforms-1448-field-hp\" class=\"wpforms-field-label\">Comment<\/label><input type=\"text\" name=\"wpforms[hp]\" id=\"wpforms-1448-field-hp\" class=\"wpforms-field-medium\"><\/div>\n<div class=\"wpforms-submit-container\" ><input type=\"hidden\" name=\"wpforms[id]\" value=\"1448\"><input type=\"hidden\" name=\"page_title\" value=\"\"><input type=\"hidden\" name=\"page_url\" value=\"https:\/\/paunkovic.com\/fr\/wp-json\/wp\/v2\/product\/3514\"><input type=\"hidden\" name=\"url_referer\" value=\"\"><button type=\"submit\" name=\"wpforms[submit]\" id=\"wpforms-submit-1448\" class=\"wpforms-submit\" data-alt-text=\"Sending...\" data-submit-text=\"Send Message\" aria-live=\"assertive\" value=\"wpforms-submit\">Send Message<\/button><\/div>\n<\/form>\n<\/div>\n<p>  <!-- .wpforms-container --><\/p>\n","protected":false},"featured_media":3515,"comment_status":"closed","ping_status":"closed","template":"","meta":{"site-sidebar-layout":"default","site-content-layout":"","ast-site-content-layout":"default","site-content-style":"default","site-sidebar-style":"default","ast-global-header-display":"","ast-banner-title-visibility":"","ast-main-header-display":"","ast-hfb-above-header-display":"","ast-hfb-below-header-display":"","ast-hfb-mobile-header-display":"","site-post-title":"","ast-breadcrumbs-content":"","ast-featured-img":"","footer-sml-layout":"","ast-disable-related-posts":"","theme-transparent-header-meta":"default","adv-header-id-meta":"","stick-header-meta":"default","header-above-stick-meta":"","header-main-stick-meta":"","header-below-stick-meta":"","astra-migrate-meta-layouts":"set","ast-page-background-enabled":"default","ast-page-background-meta":{"desktop":{"background-color":"","background-image":"","background-repeat":"repeat","background-position":"center center","background-size":"auto","background-attachment":"scroll","background-type":"","background-media":"","overlay-type":"","overlay-color":"","overlay-opacity":"","overlay-gradient":""},"tablet":{"background-color":"","background-image":"","background-repeat":"repeat","background-position":"center center","background-size":"auto","background-attachment":"scroll","background-type":"","background-media":"","overlay-type":"","overlay-color":"","overlay-opacity":"","overlay-gradient":""},"mobile":{"background-color":"","background-image":"","background-repeat":"repeat","background-position":"center center","background-size":"auto","background-attachment":"scroll","background-type":"","background-media":"","overlay-type":"","overlay-color":"","overlay-opacity":"","overlay-gradient":""}},"ast-content-background-meta":{"desktop":{"background-color":"var(--ast-global-color-5)","background-image":"","background-repeat":"repeat","background-position":"center center","background-size":"auto","background-attachment":"scroll","background-type":"","background-media":"","overlay-type":"","overlay-color":"","overlay-opacity":"","overlay-gradient":""},"tablet":{"background-color":"var(--ast-global-color-5)","background-image":"","background-repeat":"repeat","background-position":"center center","background-size":"auto","background-attachment":"scroll","background-type":"","background-media":"","overlay-type":"","overlay-color":"","overlay-opacity":"","overlay-gradient":""},"mobile":{"background-color":"var(--ast-global-color-5)","background-image":"","background-repeat":"repeat","background-position":"center center","background-size":"auto","background-attachment":"scroll","background-type":"","background-media":"","overlay-type":"","overlay-color":"","overlay-opacity":"","overlay-gradient":""}}},"product_brand":[],"product_cat":[46],"product_tag":[],"class_list":{"0":"post-3514","1":"product","2":"type-product","3":"status-publish","4":"has-post-thumbnail","6":"product_cat-garden-of-the-theotokos-art-series","7":"desktop-align-center","8":"tablet-align-center","9":"mobile-align-center","10":"ast-product-gallery-layout-horizontal","11":"ast-product-tabs-layout-accordion","12":"ast-qv-on-image","14":"first","15":"instock","16":"sold-individually","17":"shipping-taxable","18":"purchasable","19":"product-type-simple"},"yoast_head":"<!-- This site is optimized with the Yoast SEO plugin v27.5 - https:\/\/yoast.com\/product\/yoast-seo-wordpress\/ -->\n<title>White Calla Oil Painting 10x10cm<\/title>\n<meta name=\"description\" content=\"Original White Calla oil painting 10x10cm from the Garden of the Theotokos. Small framed floral artwork perfect for collectors and art lovers.\" \/>\n<meta name=\"robots\" content=\"index, follow, max-snippet:-1, max-image-preview:large, max-video-preview:-1\" \/>\n<link rel=\"canonical\" href=\"https:\/\/paunkovic.com\/fr\/product\/peinture-a-lhuile-callas-blanc-10x10cm\/\" \/>\n<meta property=\"og:locale\" content=\"fr_FR\" \/>\n<meta property=\"og:type\" content=\"article\" \/>\n<meta property=\"og:title\" content=\"White Calla Oil Painting 10x10cm\" \/>\n<meta property=\"og:description\" content=\"Original White Calla oil painting 10x10cm from the Garden of the Theotokos. Small framed floral artwork perfect for collectors and art lovers.\" \/>\n<meta property=\"og:url\" content=\"https:\/\/paunkovic.com\/fr\/product\/peinture-a-lhuile-callas-blanc-10x10cm\/\" \/>\n<meta property=\"og:site_name\" content=\"JA Paunkovic\" \/>\n<meta property=\"article:publisher\" content=\"https:\/\/www.facebook.com\/people\/JA-Paunkovic-art-studio\/100035498963663\/\" \/>\n<meta property=\"article:modified_time\" content=\"2026-03-05T18:48:43+00:00\" \/>\n<meta property=\"og:image\" content=\"https:\/\/paunkovic.com\/wp-content\/uploads\/2026\/03\/6-scaled.jpg\" \/>\n\t<meta property=\"og:image:width\" content=\"2560\" \/>\n\t<meta property=\"og:image:height\" content=\"2560\" \/>\n\t<meta property=\"og:image:type\" content=\"image\/jpeg\" \/>\n<meta name=\"twitter:card\" content=\"summary_large_image\" \/>\n<meta name=\"twitter:label1\" content=\"Dur\u00e9e de lecture estim\u00e9e\" \/>\n\t<meta name=\"twitter:data1\" content=\"2 minutes\" \/>\n<script type=\"application\/ld+json\" class=\"yoast-schema-graph\">{\"@context\":\"https:\\\/\\\/schema.org\",\"@graph\":[{\"@type\":\"WebPage\",\"@id\":\"https:\\\/\\\/paunkovic.com\\\/product\\\/white-calla-oil-painting-10x10cm\\\/\",\"url\":\"https:\\\/\\\/paunkovic.com\\\/product\\\/white-calla-oil-painting-10x10cm\\\/\",\"name\":\"White Calla Oil Painting 10x10cm\",\"isPartOf\":{\"@id\":\"https:\\\/\\\/paunkovic.com\\\/#website\"},\"primaryImageOfPage\":{\"@id\":\"https:\\\/\\\/paunkovic.com\\\/product\\\/white-calla-oil-painting-10x10cm\\\/#primaryimage\"},\"image\":{\"@id\":\"https:\\\/\\\/paunkovic.com\\\/product\\\/white-calla-oil-painting-10x10cm\\\/#primaryimage\"},\"thumbnailUrl\":\"https:\\\/\\\/paunkovic.com\\\/wp-content\\\/uploads\\\/2026\\\/03\\\/6-scaled.jpg\",\"datePublished\":\"2026-03-04T18:31:05+00:00\",\"dateModified\":\"2026-03-05T18:48:43+00:00\",\"description\":\"Original White Calla oil painting 10x10cm from the Garden of the Theotokos. Small framed floral artwork perfect for collectors and art lovers.\",\"breadcrumb\":{\"@id\":\"https:\\\/\\\/paunkovic.com\\\/product\\\/white-calla-oil-painting-10x10cm\\\/#breadcrumb\"},\"inLanguage\":\"fr-FR\",\"potentialAction\":[{\"@type\":\"ReadAction\",\"target\":[\"https:\\\/\\\/paunkovic.com\\\/product\\\/white-calla-oil-painting-10x10cm\\\/\"]}]},{\"@type\":\"ImageObject\",\"inLanguage\":\"fr-FR\",\"@id\":\"https:\\\/\\\/paunkovic.com\\\/product\\\/white-calla-oil-painting-10x10cm\\\/#primaryimage\",\"url\":\"https:\\\/\\\/paunkovic.com\\\/wp-content\\\/uploads\\\/2026\\\/03\\\/6-scaled.jpg\",\"contentUrl\":\"https:\\\/\\\/paunkovic.com\\\/wp-content\\\/uploads\\\/2026\\\/03\\\/6-scaled.jpg\",\"width\":2560,\"height\":2560,\"caption\":\"White Calla 10x10cm oil painting from the Garden of the Theotokos Art Series by Paunkovic, small framed floral artwork with luminous petals.\"},{\"@type\":\"BreadcrumbList\",\"@id\":\"https:\\\/\\\/paunkovic.com\\\/product\\\/white-calla-oil-painting-10x10cm\\\/#breadcrumb\",\"itemListElement\":[{\"@type\":\"ListItem\",\"position\":1,\"name\":\"Home\",\"item\":\"https:\\\/\\\/paunkovic.com\\\/\"},{\"@type\":\"ListItem\",\"position\":2,\"name\":\"Shop\",\"item\":\"https:\\\/\\\/paunkovic.com\\\/shop\\\/\"},{\"@type\":\"ListItem\",\"position\":3,\"name\":\"White Calla 10x10cm, Oil Painting\"}]},{\"@type\":\"WebSite\",\"@id\":\"https:\\\/\\\/paunkovic.com\\\/#website\",\"url\":\"https:\\\/\\\/paunkovic.com\\\/\",\"name\":\"JA Paunkovic\",\"description\":\"art inspired by nature\",\"publisher\":{\"@id\":\"https:\\\/\\\/paunkovic.com\\\/#organization\"},\"potentialAction\":[{\"@type\":\"SearchAction\",\"target\":{\"@type\":\"EntryPoint\",\"urlTemplate\":\"https:\\\/\\\/paunkovic.com\\\/?s={search_term_string}\"},\"query-input\":{\"@type\":\"PropertyValueSpecification\",\"valueRequired\":true,\"valueName\":\"search_term_string\"}}],\"inLanguage\":\"fr-FR\"},{\"@type\":\"Organization\",\"@id\":\"https:\\\/\\\/paunkovic.com\\\/#organization\",\"name\":\"JA Paunkovic art studio\",\"url\":\"https:\\\/\\\/paunkovic.com\\\/\",\"logo\":{\"@type\":\"ImageObject\",\"inLanguage\":\"fr-FR\",\"@id\":\"https:\\\/\\\/paunkovic.com\\\/#\\\/schema\\\/logo\\\/image\\\/\",\"url\":\"https:\\\/\\\/paunkovic.com\\\/wp-content\\\/uploads\\\/2024\\\/10\\\/cropped-favicon.png\",\"contentUrl\":\"https:\\\/\\\/paunkovic.com\\\/wp-content\\\/uploads\\\/2024\\\/10\\\/cropped-favicon.png\",\"width\":512,\"height\":512,\"caption\":\"JA Paunkovic art studio\"},\"image\":{\"@id\":\"https:\\\/\\\/paunkovic.com\\\/#\\\/schema\\\/logo\\\/image\\\/\"},\"sameAs\":[\"https:\\\/\\\/www.facebook.com\\\/people\\\/JA-Paunkovic-art-studio\\\/100035498963663\\\/\",\"https:\\\/\\\/www.instagram.com\\\/paunkovicart\\\/\",\"https:\\\/\\\/www.youtube.com\\\/channel\\\/UCU-Blld6rytSCTWTQzW6Unw\"]}]}<\/script>\n<!-- \/ Yoast SEO plugin. -->","yoast_head_json":{"title":"Peinture \u00e0 l'huile de Calla Blanc 10x10cm","description":"Peinture \u00e0 l'huile originale Calla Blanche 10x10cm du Jardin de la Th\u00e9otokos. Petite \u0153uvre d'art florale encadr\u00e9e parfaite pour les collectionneurs et les amateurs d'art.","robots":{"index":"index","follow":"follow","max-snippet":"max-snippet:-1","max-image-preview":"max-image-preview:large","max-video-preview":"max-video-preview:-1"},"canonical":"https:\/\/paunkovic.com\/fr\/product\/peinture-a-lhuile-callas-blanc-10x10cm\/","og_locale":"fr_FR","og_type":"article","og_title":"White Calla Oil Painting 10x10cm","og_description":"Original White Calla oil painting 10x10cm from the Garden of the Theotokos. Small framed floral artwork perfect for collectors and art lovers.","og_url":"https:\/\/paunkovic.com\/fr\/product\/peinture-a-lhuile-callas-blanc-10x10cm\/","og_site_name":"JA Paunkovic","article_publisher":"https:\/\/www.facebook.com\/people\/JA-Paunkovic-art-studio\/100035498963663\/","article_modified_time":"2026-03-05T18:48:43+00:00","og_image":[{"width":2560,"height":2560,"url":"https:\/\/paunkovic.com\/wp-content\/uploads\/2026\/03\/6-scaled.jpg","type":"image\/jpeg"}],"twitter_card":"summary_large_image","twitter_misc":{"Dur\u00e9e de lecture estim\u00e9e":"2 minutes"},"schema":{"@context":"https:\/\/schema.org","@graph":[{"@type":"WebPage","@id":"https:\/\/paunkovic.com\/product\/white-calla-oil-painting-10x10cm\/","url":"https:\/\/paunkovic.com\/product\/white-calla-oil-painting-10x10cm\/","name":"Peinture \u00e0 l'huile de Calla Blanc 10x10cm","isPartOf":{"@id":"https:\/\/paunkovic.com\/#website"},"primaryImageOfPage":{"@id":"https:\/\/paunkovic.com\/product\/white-calla-oil-painting-10x10cm\/#primaryimage"},"image":{"@id":"https:\/\/paunkovic.com\/product\/white-calla-oil-painting-10x10cm\/#primaryimage"},"thumbnailUrl":"https:\/\/paunkovic.com\/wp-content\/uploads\/2026\/03\/6-scaled.jpg","datePublished":"2026-03-04T18:31:05+00:00","dateModified":"2026-03-05T18:48:43+00:00","description":"Peinture \u00e0 l'huile originale Calla Blanche 10x10cm du Jardin de la Th\u00e9otokos. Petite \u0153uvre d'art florale encadr\u00e9e parfaite pour les collectionneurs et les amateurs d'art.","breadcrumb":{"@id":"https:\/\/paunkovic.com\/product\/white-calla-oil-painting-10x10cm\/#breadcrumb"},"inLanguage":"fr-FR","potentialAction":[{"@type":"ReadAction","target":["https:\/\/paunkovic.com\/product\/white-calla-oil-painting-10x10cm\/"]}]},{"@type":"ImageObject","inLanguage":"fr-FR","@id":"https:\/\/paunkovic.com\/product\/white-calla-oil-painting-10x10cm\/#primaryimage","url":"https:\/\/paunkovic.com\/wp-content\/uploads\/2026\/03\/6-scaled.jpg","contentUrl":"https:\/\/paunkovic.com\/wp-content\/uploads\/2026\/03\/6-scaled.jpg","width":2560,"height":2560,"caption":"White Calla 10x10cm oil painting from the Garden of the Theotokos Art Series by Paunkovic, small framed floral artwork with luminous petals."},{"@type":"BreadcrumbList","@id":"https:\/\/paunkovic.com\/product\/white-calla-oil-painting-10x10cm\/#breadcrumb","itemListElement":[{"@type":"ListItem","position":1,"name":"Home","item":"https:\/\/paunkovic.com\/"},{"@type":"ListItem","position":2,"name":"Shop","item":"https:\/\/paunkovic.com\/shop\/"},{"@type":"ListItem","position":3,"name":"White Calla 10x10cm, Oil Painting"}]},{"@type":"WebSite","@id":"https:\/\/paunkovic.com\/#website","url":"https:\/\/paunkovic.com\/","name":"JA Paunkovic","description":"art inspir\u00e9 par la nature","publisher":{"@id":"https:\/\/paunkovic.com\/#organization"},"potentialAction":[{"@type":"SearchAction","target":{"@type":"EntryPoint","urlTemplate":"https:\/\/paunkovic.com\/?s={search_term_string}"},"query-input":{"@type":"PropertyValueSpecification","valueRequired":true,"valueName":"search_term_string"}}],"inLanguage":"fr-FR"},{"@type":"Organization","@id":"https:\/\/paunkovic.com\/#organization","name":"Atelier d'art JA Paunkovic","url":"https:\/\/paunkovic.com\/","logo":{"@type":"ImageObject","inLanguage":"fr-FR","@id":"https:\/\/paunkovic.com\/#\/schema\/logo\/image\/","url":"https:\/\/paunkovic.com\/wp-content\/uploads\/2024\/10\/cropped-favicon.png","contentUrl":"https:\/\/paunkovic.com\/wp-content\/uploads\/2024\/10\/cropped-favicon.png","width":512,"height":512,"caption":"JA Paunkovic art studio"},"image":{"@id":"https:\/\/paunkovic.com\/#\/schema\/logo\/image\/"},"sameAs":["https:\/\/www.facebook.com\/people\/JA-Paunkovic-art-studio\/100035498963663\/","https:\/\/www.instagram.com\/paunkovicart\/","https:\/\/www.youtube.com\/channel\/UCU-Blld6rytSCTWTQzW6Unw"]}]}},"_links":{"self":[{"href":"https:\/\/paunkovic.com\/fr\/wp-json\/wp\/v2\/product\/3514","targetHints":{"allow":["GET"]}}],"collection":[{"href":"https:\/\/paunkovic.com\/fr\/wp-json\/wp\/v2\/product"}],"about":[{"href":"https:\/\/paunkovic.com\/fr\/wp-json\/wp\/v2\/types\/product"}],"replies":[{"embeddable":true,"href":"https:\/\/paunkovic.com\/fr\/wp-json\/wp\/v2\/comments?post=3514"}],"wp:featuredmedia":[{"embeddable":true,"href":"https:\/\/paunkovic.com\/fr\/wp-json\/wp\/v2\/media\/3515"}],"wp:attachment":[{"href":"https:\/\/paunkovic.com\/fr\/wp-json\/wp\/v2\/media?parent=3514"}],"wp:term":[{"taxonomy":"product_brand","embeddable":true,"href":"https:\/\/paunkovic.com\/fr\/wp-json\/wp\/v2\/product_brand?post=3514"},{"taxonomy":"product_cat","embeddable":true,"href":"https:\/\/paunkovic.com\/fr\/wp-json\/wp\/v2\/product_cat?post=3514"},{"taxonomy":"product_tag","embeddable":true,"href":"https:\/\/paunkovic.com\/fr\/wp-json\/wp\/v2\/product_tag?post=3514"}],"curies":[{"name":"wp","href":"https:\/\/api.w.org\/{rel}","templated":true}]}}