{"id":3526,"date":"2026-03-05T18:44:03","date_gmt":"2026-03-05T18:44:03","guid":{"rendered":"https:\/\/paunkovic.com\/?post_type=product&#038;p=3526"},"modified":"2026-03-05T19:13:11","modified_gmt":"2026-03-05T19:13:11","slug":"peinture-a-lhuile-de-sureau-10x10cm","status":"publish","type":"product","link":"https:\/\/paunkovic.com\/fr\/product\/elderflower-oil-painting-10x10cm\/","title":{"rendered":"Fleur de sureau 10x10cm, Peinture \u00e0 l'huile"},"content":{"rendered":"<p data-start=\"174\" data-end=\"257\"><strong data-start=\"201\" data-end=\"229\">Peinture \u00e0 l'huile de fleur de sureau<\/strong> \u2013 Jardin de la Theotokos<\/p>\n<p data-start=\"259\" data-end=\"613\">Cette peinture \u00e0 l'huile originale de fleur de sureau de 10x10cm fait partie de la <em data-start=\"321\" data-end=\"346\">Jardin de la Th\u00e9otokos<\/em> S\u00e9rie d'art, une collection \u00e9volutive d'\u0153uvres florales de petit format inspir\u00e9es par le symbolisme des jardins sacr\u00e9s. Les grappes d\u00e9licates de fleurs de sureau se d\u00e9ploient sur la toile dans des textures d'huile douces et superpos\u00e9es, capturant la l\u00e9g\u00e8ret\u00e9 et la structure complexe de la fleur.<\/p>\n<p data-start=\"615\" data-end=\"937\">Les fleurs de sureau sont connues pour leur pr\u00e9sence douce et leur beaut\u00e9 subtile. Dans ce tableau, les petites fleurs blanches sont rendues avec soin pour transmettre leur forme diaphane et leur luminosit\u00e9 tranquille. Le travail fin au pinceau et la technique \u00e0 l'huile en couches cr\u00e9ent de la profondeur et de la douceur, permettant \u00e0 la composition florale d'appara\u00eetre \u00e0 la fois vibrante et sereine.<\/p>\n<p data-start=\"939\" data-end=\"1209\">Chaque tableau du <em data-start=\"960\" data-end=\"985\">Jardin de la Th\u00e9otokos<\/em> s\u00e9ries, y compris le Sureau, est encadr\u00e9e dans un cadre blanc sur mesure. Le cadre est con\u00e7u non pas comme une simple limite, mais comme une extension de l'\u0153uvre dans l'espace, renfor\u00e7ant le caract\u00e8re contemplatif de la pi\u00e8ce.<\/p>\n<p data-start=\"1211\" data-end=\"1509\">Le petit format de 10x10 cm invite \u00e0 une observation rapproch\u00e9e et \u00e0 une interaction personnelle avec l'\u0153uvre. Les textures subtiles de la peinture \u00e0 l'huile, la structure d\u00e9licate des fleurs et l'\u00e9quilibre doux de la lumi\u00e8re et de la couleur rendent cette peinture id\u00e9ale pour les collectionneurs qui appr\u00e9cient les \u0153uvres florales intimes et \u00e0 petite \u00e9chelle.<\/p>\n<p data-start=\"1511\" data-end=\"1787\">Les collectionneurs et les amateurs d'art peuvent d\u00e9couvrir d'autres \u0153uvres de la <em data-start=\"1575\" data-end=\"1600\">Jardin de la Th\u00e9otokos<\/em> s\u00e9rie <a class=\"decorated-link\" href=\"https:\/\/paunkovic.com\/fr\/product-category\/jardin-de-la-series-artistiques-de-la-theotokos\/\" rel=\"noopener\" data-start=\"1608\" data-end=\"1617\">ici<\/a>, y compris des peintures telles que <a class=\"decorated-link\" href=\"https:\/\/paunkovic.com\/fr\/product\/cherry-blossom-oil-painting-10x10cm\/\" rel=\"noopener\" data-start=\"1647\" data-end=\"1674\">Fleur de cerisier 10x10 cm<\/a>, <a class=\"decorated-link\" href=\"https:\/\/paunkovic.com\/fr\/product\/chicory-oil-painting-10x10cm\/\" rel=\"noopener\" data-start=\"1676\" data-end=\"1696\">Chicor\u00e9e 10x10cm<\/a>, <a class=\"decorated-link\" href=\"https:\/\/paunkovic.com\/fr\/product\/peinture-a-lhuile-de-cognassier-du-japon-10x10cm\/\" rel=\"noopener\" data-start=\"1698\" data-end=\"1726\">Cognassier du Japon 10x10cm<\/a>, <a class=\"decorated-link\" href=\"https:\/\/paunkovic.com\/fr\/product\/peinture-a-lhuile-callas-blanc-10x10cm\/\" rel=\"noopener\" data-start=\"1728\" data-end=\"1752\">Calla Blanc 10x10cm<\/a>, et <a class=\"decorated-link\" href=\"https:\/\/paunkovic.com\/fr\/product\/peach-blossom-oil-painting-10x10cm\/\" rel=\"noopener\" data-start=\"1758\" data-end=\"1784\">Fleur de p\u00eacher 10x10cm<\/a>.<\/p>\n<p data-start=\"1789\" data-end=\"2010\">Le tableau Elderflower peut \u00eatre expos\u00e9 individuellement ou combin\u00e9 \u00e0 d'autres \u0153uvres de la s\u00e9rie, formant un jardin tranquille de petites images florales qui apportent \u00e9l\u00e9gance, calme et beaut\u00e9 naturelle dans tout espace int\u00e9rieur.<\/p>","protected":false},"excerpt":{"rendered":"<div class=\"wpforms-container \" id=\"wpforms-1448\">\n<form id=\"wpforms-form-1448\" class=\"wpforms-validate wpforms-form\" data-formid=\"1448\" method=\"post\" enctype=\"multipart\/form-data\" action=\"\/fr\/wp-json\/wp\/v2\/product\/3526\" data-token=\"0e4a1f11dca05477877b701c65d20f4e\" data-token-time=\"1778601074\">\n<div class=\"wpforms-head-container\">\n<div class=\"wpforms-title\">Contact Form<\/div>\n<\/div>\n<p><noscript class=\"wpforms-error-noscript\">Veuillez activer JavaScript dans votre navigateur pour remplir ce formulaire.<\/noscript><\/p>\n<div class=\"wpforms-field-container\">\n<div id=\"wpforms-1448-field_0-container\" class=\"wpforms-field wpforms-field-name\" data-field-id=\"0\"><label class=\"wpforms-field-label wpforms-label-hide\" for=\"wpforms-1448-field_0\">Your Name  <span class=\"wpforms-required-label\">*<\/span><\/label><input type=\"text\" id=\"wpforms-1448-field_0\" class=\"wpforms-field-large wpforms-field-required\" name=\"wpforms[fields][0]\" placeholder=\"Name\" required><\/div>\n<div id=\"wpforms-1448-field_1-container\" class=\"wpforms-field wpforms-field-email\" data-field-id=\"1\"><label class=\"wpforms-field-label wpforms-label-hide\" for=\"wpforms-1448-field_1\">Email <span class=\"wpforms-required-label\">*<\/span><\/label><input type=\"email\" id=\"wpforms-1448-field_1\" class=\"wpforms-field-large wpforms-field-required\" name=\"wpforms[fields][1]\" placeholder=\"Email\" spellcheck=\"false\" required><\/div>\n<div id=\"wpforms-1448-field_4-container\" class=\"wpforms-field wpforms-field-text\" data-field-id=\"4\"><label class=\"wpforms-field-label wpforms-label-hide\" for=\"wpforms-1448-field_4\">Subject <span class=\"wpforms-required-label\">*<\/span><\/label><input type=\"text\" id=\"wpforms-1448-field_4\" class=\"wpforms-field-large wpforms-field-required\" name=\"wpforms[fields][4]\" placeholder=\"Subject\" required><\/div>\n<div id=\"wpforms-1448-field_2-container\" class=\"wpforms-field wpforms-field-textarea\" data-field-id=\"2\"><label class=\"wpforms-field-label wpforms-label-hide\" for=\"wpforms-1448-field_2\">Your Message <span class=\"wpforms-required-label\">*<\/span><\/label><textarea id=\"wpforms-1448-field_2\" class=\"wpforms-field-medium wpforms-field-required\" name=\"wpforms[fields][2]\" placeholder=\"Message\" required><\/textarea><\/div>\n<\/div>\n<p><!-- .wpforms-field-container --><\/p>\n<div class=\"wpforms-field wpforms-field-hp\"><label for=\"wpforms-1448-field-hp\" class=\"wpforms-field-label\">Message<\/label><input type=\"text\" name=\"wpforms[hp]\" id=\"wpforms-1448-field-hp\" class=\"wpforms-field-medium\"><\/div>\n<div class=\"wpforms-submit-container\" ><input type=\"hidden\" name=\"wpforms[id]\" value=\"1448\"><input type=\"hidden\" name=\"page_title\" value=\"\"><input type=\"hidden\" name=\"page_url\" value=\"https:\/\/paunkovic.com\/fr\/wp-json\/wp\/v2\/product\/3526\"><input type=\"hidden\" name=\"url_referer\" value=\"\"><button type=\"submit\" name=\"wpforms[submit]\" id=\"wpforms-submit-1448\" class=\"wpforms-submit\" data-alt-text=\"Sending...\" data-submit-text=\"Send Message\" aria-live=\"assertive\" value=\"wpforms-submit\">Send Message<\/button><\/div>\n<\/form>\n<\/div>\n<p>  <!-- .wpforms-container --><\/p>\n","protected":false},"featured_media":3527,"comment_status":"closed","ping_status":"closed","template":"","meta":{"site-sidebar-layout":"default","site-content-layout":"","ast-site-content-layout":"default","site-content-style":"default","site-sidebar-style":"default","ast-global-header-display":"","ast-banner-title-visibility":"","ast-main-header-display":"","ast-hfb-above-header-display":"","ast-hfb-below-header-display":"","ast-hfb-mobile-header-display":"","site-post-title":"","ast-breadcrumbs-content":"","ast-featured-img":"","footer-sml-layout":"","ast-disable-related-posts":"","theme-transparent-header-meta":"default","adv-header-id-meta":"","stick-header-meta":"default","header-above-stick-meta":"","header-main-stick-meta":"","header-below-stick-meta":"","astra-migrate-meta-layouts":"set","ast-page-background-enabled":"default","ast-page-background-meta":{"desktop":{"background-color":"","background-image":"","background-repeat":"repeat","background-position":"center center","background-size":"auto","background-attachment":"scroll","background-type":"","background-media":"","overlay-type":"","overlay-color":"","overlay-opacity":"","overlay-gradient":""},"tablet":{"background-color":"","background-image":"","background-repeat":"repeat","background-position":"center center","background-size":"auto","background-attachment":"scroll","background-type":"","background-media":"","overlay-type":"","overlay-color":"","overlay-opacity":"","overlay-gradient":""},"mobile":{"background-color":"","background-image":"","background-repeat":"repeat","background-position":"center center","background-size":"auto","background-attachment":"scroll","background-type":"","background-media":"","overlay-type":"","overlay-color":"","overlay-opacity":"","overlay-gradient":""}},"ast-content-background-meta":{"desktop":{"background-color":"var(--ast-global-color-5)","background-image":"","background-repeat":"repeat","background-position":"center center","background-size":"auto","background-attachment":"scroll","background-type":"","background-media":"","overlay-type":"","overlay-color":"","overlay-opacity":"","overlay-gradient":""},"tablet":{"background-color":"var(--ast-global-color-5)","background-image":"","background-repeat":"repeat","background-position":"center center","background-size":"auto","background-attachment":"scroll","background-type":"","background-media":"","overlay-type":"","overlay-color":"","overlay-opacity":"","overlay-gradient":""},"mobile":{"background-color":"var(--ast-global-color-5)","background-image":"","background-repeat":"repeat","background-position":"center center","background-size":"auto","background-attachment":"scroll","background-type":"","background-media":"","overlay-type":"","overlay-color":"","overlay-opacity":"","overlay-gradient":""}}},"product_brand":[],"product_cat":[46],"product_tag":[],"class_list":{"0":"post-3526","1":"product","2":"type-product","3":"status-publish","4":"has-post-thumbnail","6":"product_cat-garden-of-the-theotokos-art-series","7":"desktop-align-center","8":"tablet-align-center","9":"mobile-align-center","10":"ast-product-gallery-layout-horizontal","11":"ast-product-tabs-layout-accordion","12":"ast-qv-on-image","14":"first","15":"instock","16":"sold-individually","17":"shipping-taxable","18":"purchasable","19":"product-type-simple"},"yoast_head":"<!-- This site is optimized with the Yoast SEO plugin v27.5 - https:\/\/yoast.com\/product\/yoast-seo-wordpress\/ -->\n<title>Elderflower Oil Painting 10x10cm<\/title>\n<meta name=\"description\" content=\"Original Elderflower oil painting 10x10cm from the Garden of the Theotokos. Small framed floral artwork for collectors and art lovers.\" \/>\n<meta name=\"robots\" content=\"index, follow, max-snippet:-1, max-image-preview:large, max-video-preview:-1\" \/>\n<link rel=\"canonical\" href=\"https:\/\/paunkovic.com\/fr\/product\/peinture-a-lhuile-de-sureau-10x10cm\/\" \/>\n<meta property=\"og:locale\" content=\"fr_FR\" \/>\n<meta property=\"og:type\" content=\"article\" \/>\n<meta property=\"og:title\" content=\"Elderflower Oil Painting 10x10cm\" \/>\n<meta property=\"og:description\" content=\"Original Elderflower oil painting 10x10cm from the Garden of the Theotokos. Small framed floral artwork for collectors and art lovers.\" \/>\n<meta property=\"og:url\" content=\"https:\/\/paunkovic.com\/fr\/product\/peinture-a-lhuile-de-sureau-10x10cm\/\" \/>\n<meta property=\"og:site_name\" content=\"JA Paunkovic\" \/>\n<meta property=\"article:publisher\" content=\"https:\/\/www.facebook.com\/people\/JA-Paunkovic-art-studio\/100035498963663\/\" \/>\n<meta property=\"article:modified_time\" content=\"2026-03-05T19:13:11+00:00\" \/>\n<meta property=\"og:image\" content=\"https:\/\/paunkovic.com\/wp-content\/uploads\/2026\/03\/8-scaled.jpg\" \/>\n\t<meta property=\"og:image:width\" content=\"2560\" \/>\n\t<meta property=\"og:image:height\" content=\"2560\" \/>\n\t<meta property=\"og:image:type\" content=\"image\/jpeg\" \/>\n<meta name=\"twitter:card\" content=\"summary_large_image\" \/>\n<meta name=\"twitter:label1\" content=\"Dur\u00e9e de lecture estim\u00e9e\" \/>\n\t<meta name=\"twitter:data1\" content=\"2 minutes\" \/>\n<script type=\"application\/ld+json\" class=\"yoast-schema-graph\">{\"@context\":\"https:\\\/\\\/schema.org\",\"@graph\":[{\"@type\":\"WebPage\",\"@id\":\"https:\\\/\\\/paunkovic.com\\\/product\\\/elderflower-oil-painting-10x10cm\\\/\",\"url\":\"https:\\\/\\\/paunkovic.com\\\/product\\\/elderflower-oil-painting-10x10cm\\\/\",\"name\":\"Elderflower Oil Painting 10x10cm\",\"isPartOf\":{\"@id\":\"https:\\\/\\\/paunkovic.com\\\/#website\"},\"primaryImageOfPage\":{\"@id\":\"https:\\\/\\\/paunkovic.com\\\/product\\\/elderflower-oil-painting-10x10cm\\\/#primaryimage\"},\"image\":{\"@id\":\"https:\\\/\\\/paunkovic.com\\\/product\\\/elderflower-oil-painting-10x10cm\\\/#primaryimage\"},\"thumbnailUrl\":\"https:\\\/\\\/paunkovic.com\\\/wp-content\\\/uploads\\\/2026\\\/03\\\/8-scaled.jpg\",\"datePublished\":\"2026-03-05T18:44:03+00:00\",\"dateModified\":\"2026-03-05T19:13:11+00:00\",\"description\":\"Original Elderflower oil painting 10x10cm from the Garden of the Theotokos. Small framed floral artwork for collectors and art lovers.\",\"breadcrumb\":{\"@id\":\"https:\\\/\\\/paunkovic.com\\\/product\\\/elderflower-oil-painting-10x10cm\\\/#breadcrumb\"},\"inLanguage\":\"fr-FR\",\"potentialAction\":[{\"@type\":\"ReadAction\",\"target\":[\"https:\\\/\\\/paunkovic.com\\\/product\\\/elderflower-oil-painting-10x10cm\\\/\"]}]},{\"@type\":\"ImageObject\",\"inLanguage\":\"fr-FR\",\"@id\":\"https:\\\/\\\/paunkovic.com\\\/product\\\/elderflower-oil-painting-10x10cm\\\/#primaryimage\",\"url\":\"https:\\\/\\\/paunkovic.com\\\/wp-content\\\/uploads\\\/2026\\\/03\\\/8-scaled.jpg\",\"contentUrl\":\"https:\\\/\\\/paunkovic.com\\\/wp-content\\\/uploads\\\/2026\\\/03\\\/8-scaled.jpg\",\"width\":2560,\"height\":2560,\"caption\":\"Elderflower 10x10cm oil painting from the Garden of the Theotokos Art Series by Paunkovic, small framed floral artwork with delicate white blossoms.\"},{\"@type\":\"BreadcrumbList\",\"@id\":\"https:\\\/\\\/paunkovic.com\\\/product\\\/elderflower-oil-painting-10x10cm\\\/#breadcrumb\",\"itemListElement\":[{\"@type\":\"ListItem\",\"position\":1,\"name\":\"Home\",\"item\":\"https:\\\/\\\/paunkovic.com\\\/\"},{\"@type\":\"ListItem\",\"position\":2,\"name\":\"Shop\",\"item\":\"https:\\\/\\\/paunkovic.com\\\/shop\\\/\"},{\"@type\":\"ListItem\",\"position\":3,\"name\":\"Elderflower 10x10cm, Oil Painting\"}]},{\"@type\":\"WebSite\",\"@id\":\"https:\\\/\\\/paunkovic.com\\\/#website\",\"url\":\"https:\\\/\\\/paunkovic.com\\\/\",\"name\":\"JA Paunkovic\",\"description\":\"art inspired by nature\",\"publisher\":{\"@id\":\"https:\\\/\\\/paunkovic.com\\\/#organization\"},\"potentialAction\":[{\"@type\":\"SearchAction\",\"target\":{\"@type\":\"EntryPoint\",\"urlTemplate\":\"https:\\\/\\\/paunkovic.com\\\/?s={search_term_string}\"},\"query-input\":{\"@type\":\"PropertyValueSpecification\",\"valueRequired\":true,\"valueName\":\"search_term_string\"}}],\"inLanguage\":\"fr-FR\"},{\"@type\":\"Organization\",\"@id\":\"https:\\\/\\\/paunkovic.com\\\/#organization\",\"name\":\"JA Paunkovic art studio\",\"url\":\"https:\\\/\\\/paunkovic.com\\\/\",\"logo\":{\"@type\":\"ImageObject\",\"inLanguage\":\"fr-FR\",\"@id\":\"https:\\\/\\\/paunkovic.com\\\/#\\\/schema\\\/logo\\\/image\\\/\",\"url\":\"https:\\\/\\\/paunkovic.com\\\/wp-content\\\/uploads\\\/2024\\\/10\\\/cropped-favicon.png\",\"contentUrl\":\"https:\\\/\\\/paunkovic.com\\\/wp-content\\\/uploads\\\/2024\\\/10\\\/cropped-favicon.png\",\"width\":512,\"height\":512,\"caption\":\"JA Paunkovic art studio\"},\"image\":{\"@id\":\"https:\\\/\\\/paunkovic.com\\\/#\\\/schema\\\/logo\\\/image\\\/\"},\"sameAs\":[\"https:\\\/\\\/www.facebook.com\\\/people\\\/JA-Paunkovic-art-studio\\\/100035498963663\\\/\",\"https:\\\/\\\/www.instagram.com\\\/paunkovicart\\\/\",\"https:\\\/\\\/www.youtube.com\\\/channel\\\/UCU-Blld6rytSCTWTQzW6Unw\"]}]}<\/script>\n<!-- \/ Yoast SEO plugin. -->","yoast_head_json":{"title":"Huile de sureau 10x10cm","description":"Peinture \u00e0 l'huile originale Fleur de sureau 10x10cm du Jardin de la Theotokos. Petite \u0153uvre d'art florale encadr\u00e9e pour collectionneurs et amateurs d'art.","robots":{"index":"index","follow":"follow","max-snippet":"max-snippet:-1","max-image-preview":"max-image-preview:large","max-video-preview":"max-video-preview:-1"},"canonical":"https:\/\/paunkovic.com\/fr\/product\/peinture-a-lhuile-de-sureau-10x10cm\/","og_locale":"fr_FR","og_type":"article","og_title":"Elderflower Oil Painting 10x10cm","og_description":"Original Elderflower oil painting 10x10cm from the Garden of the Theotokos. Small framed floral artwork for collectors and art lovers.","og_url":"https:\/\/paunkovic.com\/fr\/product\/peinture-a-lhuile-de-sureau-10x10cm\/","og_site_name":"JA Paunkovic","article_publisher":"https:\/\/www.facebook.com\/people\/JA-Paunkovic-art-studio\/100035498963663\/","article_modified_time":"2026-03-05T19:13:11+00:00","og_image":[{"width":2560,"height":2560,"url":"https:\/\/paunkovic.com\/wp-content\/uploads\/2026\/03\/8-scaled.jpg","type":"image\/jpeg"}],"twitter_card":"summary_large_image","twitter_misc":{"Dur\u00e9e de lecture estim\u00e9e":"2 minutes"},"schema":{"@context":"https:\/\/schema.org","@graph":[{"@type":"WebPage","@id":"https:\/\/paunkovic.com\/product\/elderflower-oil-painting-10x10cm\/","url":"https:\/\/paunkovic.com\/product\/elderflower-oil-painting-10x10cm\/","name":"Huile de sureau 10x10cm","isPartOf":{"@id":"https:\/\/paunkovic.com\/#website"},"primaryImageOfPage":{"@id":"https:\/\/paunkovic.com\/product\/elderflower-oil-painting-10x10cm\/#primaryimage"},"image":{"@id":"https:\/\/paunkovic.com\/product\/elderflower-oil-painting-10x10cm\/#primaryimage"},"thumbnailUrl":"https:\/\/paunkovic.com\/wp-content\/uploads\/2026\/03\/8-scaled.jpg","datePublished":"2026-03-05T18:44:03+00:00","dateModified":"2026-03-05T19:13:11+00:00","description":"Peinture \u00e0 l'huile originale Fleur de sureau 10x10cm du Jardin de la Theotokos. Petite \u0153uvre d'art florale encadr\u00e9e pour collectionneurs et amateurs d'art.","breadcrumb":{"@id":"https:\/\/paunkovic.com\/product\/elderflower-oil-painting-10x10cm\/#breadcrumb"},"inLanguage":"fr-FR","potentialAction":[{"@type":"ReadAction","target":["https:\/\/paunkovic.com\/product\/elderflower-oil-painting-10x10cm\/"]}]},{"@type":"ImageObject","inLanguage":"fr-FR","@id":"https:\/\/paunkovic.com\/product\/elderflower-oil-painting-10x10cm\/#primaryimage","url":"https:\/\/paunkovic.com\/wp-content\/uploads\/2026\/03\/8-scaled.jpg","contentUrl":"https:\/\/paunkovic.com\/wp-content\/uploads\/2026\/03\/8-scaled.jpg","width":2560,"height":2560,"caption":"Elderflower 10x10cm oil painting from the Garden of the Theotokos Art Series by Paunkovic, small framed floral artwork with delicate white blossoms."},{"@type":"BreadcrumbList","@id":"https:\/\/paunkovic.com\/product\/elderflower-oil-painting-10x10cm\/#breadcrumb","itemListElement":[{"@type":"ListItem","position":1,"name":"Home","item":"https:\/\/paunkovic.com\/"},{"@type":"ListItem","position":2,"name":"Shop","item":"https:\/\/paunkovic.com\/shop\/"},{"@type":"ListItem","position":3,"name":"Elderflower 10x10cm, Oil Painting"}]},{"@type":"WebSite","@id":"https:\/\/paunkovic.com\/#website","url":"https:\/\/paunkovic.com\/","name":"JA Paunkovic","description":"art inspir\u00e9 par la nature","publisher":{"@id":"https:\/\/paunkovic.com\/#organization"},"potentialAction":[{"@type":"SearchAction","target":{"@type":"EntryPoint","urlTemplate":"https:\/\/paunkovic.com\/?s={search_term_string}"},"query-input":{"@type":"PropertyValueSpecification","valueRequired":true,"valueName":"search_term_string"}}],"inLanguage":"fr-FR"},{"@type":"Organization","@id":"https:\/\/paunkovic.com\/#organization","name":"Atelier d'art JA Paunkovic","url":"https:\/\/paunkovic.com\/","logo":{"@type":"ImageObject","inLanguage":"fr-FR","@id":"https:\/\/paunkovic.com\/#\/schema\/logo\/image\/","url":"https:\/\/paunkovic.com\/wp-content\/uploads\/2024\/10\/cropped-favicon.png","contentUrl":"https:\/\/paunkovic.com\/wp-content\/uploads\/2024\/10\/cropped-favicon.png","width":512,"height":512,"caption":"JA Paunkovic art studio"},"image":{"@id":"https:\/\/paunkovic.com\/#\/schema\/logo\/image\/"},"sameAs":["https:\/\/www.facebook.com\/people\/JA-Paunkovic-art-studio\/100035498963663\/","https:\/\/www.instagram.com\/paunkovicart\/","https:\/\/www.youtube.com\/channel\/UCU-Blld6rytSCTWTQzW6Unw"]}]}},"_links":{"self":[{"href":"https:\/\/paunkovic.com\/fr\/wp-json\/wp\/v2\/product\/3526","targetHints":{"allow":["GET"]}}],"collection":[{"href":"https:\/\/paunkovic.com\/fr\/wp-json\/wp\/v2\/product"}],"about":[{"href":"https:\/\/paunkovic.com\/fr\/wp-json\/wp\/v2\/types\/product"}],"replies":[{"embeddable":true,"href":"https:\/\/paunkovic.com\/fr\/wp-json\/wp\/v2\/comments?post=3526"}],"wp:featuredmedia":[{"embeddable":true,"href":"https:\/\/paunkovic.com\/fr\/wp-json\/wp\/v2\/media\/3527"}],"wp:attachment":[{"href":"https:\/\/paunkovic.com\/fr\/wp-json\/wp\/v2\/media?parent=3526"}],"wp:term":[{"taxonomy":"product_brand","embeddable":true,"href":"https:\/\/paunkovic.com\/fr\/wp-json\/wp\/v2\/product_brand?post=3526"},{"taxonomy":"product_cat","embeddable":true,"href":"https:\/\/paunkovic.com\/fr\/wp-json\/wp\/v2\/product_cat?post=3526"},{"taxonomy":"product_tag","embeddable":true,"href":"https:\/\/paunkovic.com\/fr\/wp-json\/wp\/v2\/product_tag?post=3526"}],"curies":[{"name":"wp","href":"https:\/\/api.w.org\/{rel}","templated":true}]}}