{"id":3568,"date":"2026-03-11T21:38:28","date_gmt":"2026-03-11T21:38:28","guid":{"rendered":"https:\/\/paunkovic.com\/?post_type=product&#038;p=3568"},"modified":"2026-03-11T21:38:28","modified_gmt":"2026-03-11T21:38:28","slug":"huile-sur-toile-de-fleur-de-cerise-acidulee-10x10cm","status":"publish","type":"product","link":"https:\/\/paunkovic.com\/fr\/product\/sour-cherry-blossom-oil-painting-10x10cm\/","title":{"rendered":"Fleur de cerisier aigre 10x10cm, peinture \u00e0 l'huile"},"content":{"rendered":"<p data-start=\"355\" data-end=\"457\"><strong data-start=\"382\" data-end=\"418\">Huile sur toile de fleurs de cerisier aigre<\/strong> \u2013 La S\u00e9rie du Jardin de la Theotokos<\/p>\n<p data-start=\"459\" data-end=\"824\">Ceci est l'original <strong data-start=\"473\" data-end=\"517\">Peinture \u00e0 l'huile de fleur de cerisier sureau 10x10cm<\/strong> fait partie de <strong data-start=\"529\" data-end=\"567\">La S\u00e9rie du Jardin de la Th\u00e9otokos<\/strong>, une collection \u00e9volutive de petites \u0153uvres florales inspir\u00e9es par le symbolisme des jardins sacr\u00e9s. Les d\u00e9licates fleurs blanches du cerisier acidul\u00e9 sont repr\u00e9sent\u00e9es avec des textures \u00e0 l'huile douces et superpos\u00e9es, capturant \u00e0 la fois leur fragilit\u00e9 et leur vibrante \u00e9nergie printani\u00e8re.<\/p>\n<p data-start=\"826\" data-end=\"1245\">Les fleurs de cerisier aigre symbolisent le renouveau, l'espoir et la beaut\u00e9 simple des moments \u00e9ph\u00e9m\u00e8res de la nature. Dans ce tableau, les fleurs sont peintes avec une attention particuli\u00e8re \u00e0 la lumi\u00e8re, \u00e0 l'ombre et \u00e0 la profondeur, donnant \u00e0 chaque fleur une pr\u00e9sence lumineuse, presque \u00e9clatante. Les tons l\u00e9g\u00e8rement plus vifs la distinguent du doux Cerisier des vari\u00e9t\u00e9s ornementales, soulignant le charme sauvage et naturel du cerisier aigre.<\/p>\n<p data-start=\"1247\" data-end=\"1505\">Chaque tableau de <strong data-start=\"1264\" data-end=\"1302\">La S\u00e9rie du Jardin de la Th\u00e9otokos<\/strong>, y compris cette Fleur de cerisier aigre, est encadr\u00e9 dans un cadre blanc fait sur mesure. Le cadre met en valeur l'\u0153uvre d'art sans distraction, permettant \u00e0 la composition \u00e0 petite \u00e9chelle de conserver son intimit\u00e9 et son \u00e9l\u00e9gance.<\/p>\n<p data-start=\"1507\" data-end=\"1776\">Le compact <strong data-start=\"1519\" data-end=\"1537\">format 10x10cm<\/strong> invite un examen attentif, o\u00f9 les collectionneurs peuvent appr\u00e9cier le d\u00e9licat empilement, les textures fines et les subtils changements de couleur. Cela le rend parfait pour les amateurs de petits tableaux \u00e0 l'huile floraux intimes, au charme naturaliste et \u00e0 la signification symbolique.<\/p>\n<p data-start=\"1778\" data-end=\"2149\">Les collectionneurs peuvent explorer d'autres \u0153uvres de <strong data-start=\"1818\" data-end=\"1856\">La S\u00e9rie du Jardin de la Th\u00e9otokos<\/strong> <a class=\"decorated-link\" href=\"https:\/\/paunkovic.com\/fr\/product-category\/jardin-de-la-series-artistiques-de-la-theotokos\/\" rel=\"noopener\" data-start=\"1857\" data-end=\"1866\">ici<\/a>, y compris Fleur de cerisier, Chicor\u00e9e, Cognassier du Japon, Calla blanc, Fleur de p\u00eacher, Fleur de sureau, Pervenche, Rose, Fleur de poirier, Fleur de pommier sauvage, Kerria du Japon et Fleur de cognassier. Ensemble, ces \u0153uvres forment une collection harmonieuse de peintures florales intimes pour tout int\u00e9rieur.<\/p>\n<p data-start=\"2151\" data-end=\"2321\">La <strong data-start=\"2155\" data-end=\"2191\">Peinture \u00e0 l'huile de fleur de cerisier aigre<\/strong> peut \u00eatre expos\u00e9 individuellement ou aux c\u00f4t\u00e9s d'autres tableaux de la s\u00e9rie, cr\u00e9ant une collection florale coh\u00e9rente et d\u00e9licate.<\/p>","protected":false},"excerpt":{"rendered":"<div class=\"wpforms-container \" id=\"wpforms-1448\">\n<form id=\"wpforms-form-1448\" class=\"wpforms-validate wpforms-form\" data-formid=\"1448\" method=\"post\" enctype=\"multipart\/form-data\" action=\"\/fr\/wp-json\/wp\/v2\/product\/3568\" data-token=\"0e4a1f11dca05477877b701c65d20f4e\" data-token-time=\"1778602024\">\n<div class=\"wpforms-head-container\">\n<div class=\"wpforms-title\">Contact Form<\/div>\n<\/div>\n<p><noscript class=\"wpforms-error-noscript\">Veuillez activer JavaScript dans votre navigateur pour remplir ce formulaire.<\/noscript><\/p>\n<div class=\"wpforms-field-container\">\n<div id=\"wpforms-1448-field_0-container\" class=\"wpforms-field wpforms-field-name\" data-field-id=\"0\"><label class=\"wpforms-field-label wpforms-label-hide\" for=\"wpforms-1448-field_0\">Your Name  <span class=\"wpforms-required-label\">*<\/span><\/label><input type=\"text\" id=\"wpforms-1448-field_0\" class=\"wpforms-field-large wpforms-field-required\" name=\"wpforms[fields][0]\" placeholder=\"Name\" required><\/div>\n<div id=\"wpforms-1448-field_1-container\" class=\"wpforms-field wpforms-field-email\" data-field-id=\"1\"><label class=\"wpforms-field-label wpforms-label-hide\" for=\"wpforms-1448-field_1\">Email <span class=\"wpforms-required-label\">*<\/span><\/label><input type=\"email\" id=\"wpforms-1448-field_1\" class=\"wpforms-field-large wpforms-field-required\" name=\"wpforms[fields][1]\" placeholder=\"Email\" spellcheck=\"false\" required><\/div>\n<div id=\"wpforms-1448-field_4-container\" class=\"wpforms-field wpforms-field-text\" data-field-id=\"4\"><label class=\"wpforms-field-label wpforms-label-hide\" for=\"wpforms-1448-field_4\">Subject <span class=\"wpforms-required-label\">*<\/span><\/label><input type=\"text\" id=\"wpforms-1448-field_4\" class=\"wpforms-field-large wpforms-field-required\" name=\"wpforms[fields][4]\" placeholder=\"Subject\" required><\/div>\n<div id=\"wpforms-1448-field_2-container\" class=\"wpforms-field wpforms-field-textarea\" data-field-id=\"2\"><label class=\"wpforms-field-label wpforms-label-hide\" for=\"wpforms-1448-field_2\">Your Message <span class=\"wpforms-required-label\">*<\/span><\/label><textarea id=\"wpforms-1448-field_2\" class=\"wpforms-field-medium wpforms-field-required\" name=\"wpforms[fields][2]\" placeholder=\"Message\" required><\/textarea><\/div>\n<\/div>\n<p><!-- .wpforms-field-container --><\/p>\n<div class=\"wpforms-field wpforms-field-hp\"><label for=\"wpforms-1448-field-hp\" class=\"wpforms-field-label\">Email<\/label><input type=\"text\" name=\"wpforms[hp]\" id=\"wpforms-1448-field-hp\" class=\"wpforms-field-medium\"><\/div>\n<div class=\"wpforms-submit-container\" ><input type=\"hidden\" name=\"wpforms[id]\" value=\"1448\"><input type=\"hidden\" name=\"page_title\" value=\"\"><input type=\"hidden\" name=\"page_url\" value=\"https:\/\/paunkovic.com\/fr\/wp-json\/wp\/v2\/product\/3568\"><input type=\"hidden\" name=\"url_referer\" value=\"\"><button type=\"submit\" name=\"wpforms[submit]\" id=\"wpforms-submit-1448\" class=\"wpforms-submit\" data-alt-text=\"Sending...\" data-submit-text=\"Send Message\" aria-live=\"assertive\" value=\"wpforms-submit\">Send Message<\/button><\/div>\n<\/form>\n<\/div>\n<p>  <!-- .wpforms-container --><\/p>\n","protected":false},"featured_media":3569,"comment_status":"closed","ping_status":"closed","template":"","meta":{"site-sidebar-layout":"default","site-content-layout":"","ast-site-content-layout":"default","site-content-style":"default","site-sidebar-style":"default","ast-global-header-display":"","ast-banner-title-visibility":"","ast-main-header-display":"","ast-hfb-above-header-display":"","ast-hfb-below-header-display":"","ast-hfb-mobile-header-display":"","site-post-title":"","ast-breadcrumbs-content":"","ast-featured-img":"","footer-sml-layout":"","ast-disable-related-posts":"","theme-transparent-header-meta":"default","adv-header-id-meta":"","stick-header-meta":"default","header-above-stick-meta":"","header-main-stick-meta":"","header-below-stick-meta":"","astra-migrate-meta-layouts":"set","ast-page-background-enabled":"default","ast-page-background-meta":{"desktop":{"background-color":"","background-image":"","background-repeat":"repeat","background-position":"center center","background-size":"auto","background-attachment":"scroll","background-type":"","background-media":"","overlay-type":"","overlay-color":"","overlay-opacity":"","overlay-gradient":""},"tablet":{"background-color":"","background-image":"","background-repeat":"repeat","background-position":"center center","background-size":"auto","background-attachment":"scroll","background-type":"","background-media":"","overlay-type":"","overlay-color":"","overlay-opacity":"","overlay-gradient":""},"mobile":{"background-color":"","background-image":"","background-repeat":"repeat","background-position":"center center","background-size":"auto","background-attachment":"scroll","background-type":"","background-media":"","overlay-type":"","overlay-color":"","overlay-opacity":"","overlay-gradient":""}},"ast-content-background-meta":{"desktop":{"background-color":"var(--ast-global-color-5)","background-image":"","background-repeat":"repeat","background-position":"center center","background-size":"auto","background-attachment":"scroll","background-type":"","background-media":"","overlay-type":"","overlay-color":"","overlay-opacity":"","overlay-gradient":""},"tablet":{"background-color":"var(--ast-global-color-5)","background-image":"","background-repeat":"repeat","background-position":"center center","background-size":"auto","background-attachment":"scroll","background-type":"","background-media":"","overlay-type":"","overlay-color":"","overlay-opacity":"","overlay-gradient":""},"mobile":{"background-color":"var(--ast-global-color-5)","background-image":"","background-repeat":"repeat","background-position":"center center","background-size":"auto","background-attachment":"scroll","background-type":"","background-media":"","overlay-type":"","overlay-color":"","overlay-opacity":"","overlay-gradient":""}}},"product_brand":[],"product_cat":[46],"product_tag":[],"class_list":{"0":"post-3568","1":"product","2":"type-product","3":"status-publish","4":"has-post-thumbnail","6":"product_cat-garden-of-the-theotokos-art-series","7":"desktop-align-center","8":"tablet-align-center","9":"mobile-align-center","10":"ast-product-gallery-layout-horizontal","11":"ast-product-tabs-layout-accordion","12":"ast-qv-on-image","14":"first","15":"instock","16":"sold-individually","17":"shipping-taxable","18":"purchasable","19":"product-type-simple"},"yoast_head":"<!-- This site is optimized with the Yoast SEO plugin v27.5 - https:\/\/yoast.com\/product\/yoast-seo-wordpress\/ -->\n<title>Sour Cherry Blossom Oil Painting 10x10cm<\/title>\n<meta name=\"description\" content=\"Original Sour Cherry Blossom oil painting 10x10cm from The Garden of the Theotokos Series. Small framed floral artwork capturing white blossoms.\" \/>\n<meta name=\"robots\" content=\"index, follow, max-snippet:-1, max-image-preview:large, max-video-preview:-1\" \/>\n<link rel=\"canonical\" href=\"https:\/\/paunkovic.com\/fr\/product\/huile-sur-toile-de-fleur-de-cerise-acidulee-10x10cm\/\" \/>\n<meta property=\"og:locale\" content=\"fr_FR\" \/>\n<meta property=\"og:type\" content=\"article\" \/>\n<meta property=\"og:title\" content=\"Sour Cherry Blossom Oil Painting 10x10cm\" \/>\n<meta property=\"og:description\" content=\"Original Sour Cherry Blossom oil painting 10x10cm from The Garden of the Theotokos Series. Small framed floral artwork capturing white blossoms.\" \/>\n<meta property=\"og:url\" content=\"https:\/\/paunkovic.com\/fr\/product\/huile-sur-toile-de-fleur-de-cerise-acidulee-10x10cm\/\" \/>\n<meta property=\"og:site_name\" content=\"JA Paunkovic\" \/>\n<meta property=\"article:publisher\" content=\"https:\/\/www.facebook.com\/people\/JA-Paunkovic-art-studio\/100035498963663\/\" \/>\n<meta property=\"og:image\" content=\"https:\/\/paunkovic.com\/wp-content\/uploads\/2026\/03\/15-scaled.jpg\" \/>\n\t<meta property=\"og:image:width\" content=\"2560\" \/>\n\t<meta property=\"og:image:height\" content=\"2560\" \/>\n\t<meta property=\"og:image:type\" content=\"image\/jpeg\" \/>\n<meta name=\"twitter:card\" content=\"summary_large_image\" \/>\n<meta name=\"twitter:label1\" content=\"Dur\u00e9e de lecture estim\u00e9e\" \/>\n\t<meta name=\"twitter:data1\" content=\"2 minutes\" \/>\n<script type=\"application\/ld+json\" class=\"yoast-schema-graph\">{\"@context\":\"https:\\\/\\\/schema.org\",\"@graph\":[{\"@type\":\"WebPage\",\"@id\":\"https:\\\/\\\/paunkovic.com\\\/product\\\/sour-cherry-blossom-oil-painting-10x10cm\\\/\",\"url\":\"https:\\\/\\\/paunkovic.com\\\/product\\\/sour-cherry-blossom-oil-painting-10x10cm\\\/\",\"name\":\"Sour Cherry Blossom Oil Painting 10x10cm\",\"isPartOf\":{\"@id\":\"https:\\\/\\\/paunkovic.com\\\/#website\"},\"primaryImageOfPage\":{\"@id\":\"https:\\\/\\\/paunkovic.com\\\/product\\\/sour-cherry-blossom-oil-painting-10x10cm\\\/#primaryimage\"},\"image\":{\"@id\":\"https:\\\/\\\/paunkovic.com\\\/product\\\/sour-cherry-blossom-oil-painting-10x10cm\\\/#primaryimage\"},\"thumbnailUrl\":\"https:\\\/\\\/paunkovic.com\\\/wp-content\\\/uploads\\\/2026\\\/03\\\/15-scaled.jpg\",\"datePublished\":\"2026-03-11T21:38:28+00:00\",\"description\":\"Original Sour Cherry Blossom oil painting 10x10cm from The Garden of the Theotokos Series. Small framed floral artwork capturing white blossoms.\",\"breadcrumb\":{\"@id\":\"https:\\\/\\\/paunkovic.com\\\/product\\\/sour-cherry-blossom-oil-painting-10x10cm\\\/#breadcrumb\"},\"inLanguage\":\"fr-FR\",\"potentialAction\":[{\"@type\":\"ReadAction\",\"target\":[\"https:\\\/\\\/paunkovic.com\\\/product\\\/sour-cherry-blossom-oil-painting-10x10cm\\\/\"]}]},{\"@type\":\"ImageObject\",\"inLanguage\":\"fr-FR\",\"@id\":\"https:\\\/\\\/paunkovic.com\\\/product\\\/sour-cherry-blossom-oil-painting-10x10cm\\\/#primaryimage\",\"url\":\"https:\\\/\\\/paunkovic.com\\\/wp-content\\\/uploads\\\/2026\\\/03\\\/15-scaled.jpg\",\"contentUrl\":\"https:\\\/\\\/paunkovic.com\\\/wp-content\\\/uploads\\\/2026\\\/03\\\/15-scaled.jpg\",\"width\":2560,\"height\":2560,\"caption\":\"Sour Cherry Blossom 10x10cm oil painting from The Garden of the Theotokos Series by Paunkovic, small framed artwork with delicate pink and white blossoms.\"},{\"@type\":\"BreadcrumbList\",\"@id\":\"https:\\\/\\\/paunkovic.com\\\/product\\\/sour-cherry-blossom-oil-painting-10x10cm\\\/#breadcrumb\",\"itemListElement\":[{\"@type\":\"ListItem\",\"position\":1,\"name\":\"Home\",\"item\":\"https:\\\/\\\/paunkovic.com\\\/\"},{\"@type\":\"ListItem\",\"position\":2,\"name\":\"Shop\",\"item\":\"https:\\\/\\\/paunkovic.com\\\/shop\\\/\"},{\"@type\":\"ListItem\",\"position\":3,\"name\":\"Sour Cherry Blossom 10x10cm, Oil Painting\"}]},{\"@type\":\"WebSite\",\"@id\":\"https:\\\/\\\/paunkovic.com\\\/#website\",\"url\":\"https:\\\/\\\/paunkovic.com\\\/\",\"name\":\"JA Paunkovic\",\"description\":\"art inspired by nature\",\"publisher\":{\"@id\":\"https:\\\/\\\/paunkovic.com\\\/#organization\"},\"potentialAction\":[{\"@type\":\"SearchAction\",\"target\":{\"@type\":\"EntryPoint\",\"urlTemplate\":\"https:\\\/\\\/paunkovic.com\\\/?s={search_term_string}\"},\"query-input\":{\"@type\":\"PropertyValueSpecification\",\"valueRequired\":true,\"valueName\":\"search_term_string\"}}],\"inLanguage\":\"fr-FR\"},{\"@type\":\"Organization\",\"@id\":\"https:\\\/\\\/paunkovic.com\\\/#organization\",\"name\":\"JA Paunkovic art studio\",\"url\":\"https:\\\/\\\/paunkovic.com\\\/\",\"logo\":{\"@type\":\"ImageObject\",\"inLanguage\":\"fr-FR\",\"@id\":\"https:\\\/\\\/paunkovic.com\\\/#\\\/schema\\\/logo\\\/image\\\/\",\"url\":\"https:\\\/\\\/paunkovic.com\\\/wp-content\\\/uploads\\\/2024\\\/10\\\/cropped-favicon.png\",\"contentUrl\":\"https:\\\/\\\/paunkovic.com\\\/wp-content\\\/uploads\\\/2024\\\/10\\\/cropped-favicon.png\",\"width\":512,\"height\":512,\"caption\":\"JA Paunkovic art studio\"},\"image\":{\"@id\":\"https:\\\/\\\/paunkovic.com\\\/#\\\/schema\\\/logo\\\/image\\\/\"},\"sameAs\":[\"https:\\\/\\\/www.facebook.com\\\/people\\\/JA-Paunkovic-art-studio\\\/100035498963663\\\/\",\"https:\\\/\\\/www.instagram.com\\\/paunkovicart\\\/\",\"https:\\\/\\\/www.youtube.com\\\/channel\\\/UCU-Blld6rytSCTWTQzW6Unw\"]}]}<\/script>\n<!-- \/ Yoast SEO plugin. -->","yoast_head_json":{"title":"Peinture \u00e0 l'huile de fleur de cerisier cerise 10x10cm","description":"Peinture \u00e0 l'huile originale Fleur de cerisier aigre 10x10cm de la s\u00e9rie Le Jardin de la Th\u00e9otokos. Petite \u0153uvre florale encadr\u00e9e capturant des fleurs blanches.","robots":{"index":"index","follow":"follow","max-snippet":"max-snippet:-1","max-image-preview":"max-image-preview:large","max-video-preview":"max-video-preview:-1"},"canonical":"https:\/\/paunkovic.com\/fr\/product\/huile-sur-toile-de-fleur-de-cerise-acidulee-10x10cm\/","og_locale":"fr_FR","og_type":"article","og_title":"Sour Cherry Blossom Oil Painting 10x10cm","og_description":"Original Sour Cherry Blossom oil painting 10x10cm from The Garden of the Theotokos Series. Small framed floral artwork capturing white blossoms.","og_url":"https:\/\/paunkovic.com\/fr\/product\/huile-sur-toile-de-fleur-de-cerise-acidulee-10x10cm\/","og_site_name":"JA Paunkovic","article_publisher":"https:\/\/www.facebook.com\/people\/JA-Paunkovic-art-studio\/100035498963663\/","og_image":[{"width":2560,"height":2560,"url":"https:\/\/paunkovic.com\/wp-content\/uploads\/2026\/03\/15-scaled.jpg","type":"image\/jpeg"}],"twitter_card":"summary_large_image","twitter_misc":{"Dur\u00e9e de lecture estim\u00e9e":"2 minutes"},"schema":{"@context":"https:\/\/schema.org","@graph":[{"@type":"WebPage","@id":"https:\/\/paunkovic.com\/product\/sour-cherry-blossom-oil-painting-10x10cm\/","url":"https:\/\/paunkovic.com\/product\/sour-cherry-blossom-oil-painting-10x10cm\/","name":"Peinture \u00e0 l'huile de fleur de cerisier cerise 10x10cm","isPartOf":{"@id":"https:\/\/paunkovic.com\/#website"},"primaryImageOfPage":{"@id":"https:\/\/paunkovic.com\/product\/sour-cherry-blossom-oil-painting-10x10cm\/#primaryimage"},"image":{"@id":"https:\/\/paunkovic.com\/product\/sour-cherry-blossom-oil-painting-10x10cm\/#primaryimage"},"thumbnailUrl":"https:\/\/paunkovic.com\/wp-content\/uploads\/2026\/03\/15-scaled.jpg","datePublished":"2026-03-11T21:38:28+00:00","description":"Peinture \u00e0 l'huile originale Fleur de cerisier aigre 10x10cm de la s\u00e9rie Le Jardin de la Th\u00e9otokos. Petite \u0153uvre florale encadr\u00e9e capturant des fleurs blanches.","breadcrumb":{"@id":"https:\/\/paunkovic.com\/product\/sour-cherry-blossom-oil-painting-10x10cm\/#breadcrumb"},"inLanguage":"fr-FR","potentialAction":[{"@type":"ReadAction","target":["https:\/\/paunkovic.com\/product\/sour-cherry-blossom-oil-painting-10x10cm\/"]}]},{"@type":"ImageObject","inLanguage":"fr-FR","@id":"https:\/\/paunkovic.com\/product\/sour-cherry-blossom-oil-painting-10x10cm\/#primaryimage","url":"https:\/\/paunkovic.com\/wp-content\/uploads\/2026\/03\/15-scaled.jpg","contentUrl":"https:\/\/paunkovic.com\/wp-content\/uploads\/2026\/03\/15-scaled.jpg","width":2560,"height":2560,"caption":"Sour Cherry Blossom 10x10cm oil painting from The Garden of the Theotokos Series by Paunkovic, small framed artwork with delicate pink and white blossoms."},{"@type":"BreadcrumbList","@id":"https:\/\/paunkovic.com\/product\/sour-cherry-blossom-oil-painting-10x10cm\/#breadcrumb","itemListElement":[{"@type":"ListItem","position":1,"name":"Home","item":"https:\/\/paunkovic.com\/"},{"@type":"ListItem","position":2,"name":"Shop","item":"https:\/\/paunkovic.com\/shop\/"},{"@type":"ListItem","position":3,"name":"Sour Cherry Blossom 10x10cm, Oil Painting"}]},{"@type":"WebSite","@id":"https:\/\/paunkovic.com\/#website","url":"https:\/\/paunkovic.com\/","name":"JA Paunkovic","description":"art inspir\u00e9 par la nature","publisher":{"@id":"https:\/\/paunkovic.com\/#organization"},"potentialAction":[{"@type":"SearchAction","target":{"@type":"EntryPoint","urlTemplate":"https:\/\/paunkovic.com\/?s={search_term_string}"},"query-input":{"@type":"PropertyValueSpecification","valueRequired":true,"valueName":"search_term_string"}}],"inLanguage":"fr-FR"},{"@type":"Organization","@id":"https:\/\/paunkovic.com\/#organization","name":"Atelier d'art JA Paunkovic","url":"https:\/\/paunkovic.com\/","logo":{"@type":"ImageObject","inLanguage":"fr-FR","@id":"https:\/\/paunkovic.com\/#\/schema\/logo\/image\/","url":"https:\/\/paunkovic.com\/wp-content\/uploads\/2024\/10\/cropped-favicon.png","contentUrl":"https:\/\/paunkovic.com\/wp-content\/uploads\/2024\/10\/cropped-favicon.png","width":512,"height":512,"caption":"JA Paunkovic art studio"},"image":{"@id":"https:\/\/paunkovic.com\/#\/schema\/logo\/image\/"},"sameAs":["https:\/\/www.facebook.com\/people\/JA-Paunkovic-art-studio\/100035498963663\/","https:\/\/www.instagram.com\/paunkovicart\/","https:\/\/www.youtube.com\/channel\/UCU-Blld6rytSCTWTQzW6Unw"]}]}},"_links":{"self":[{"href":"https:\/\/paunkovic.com\/fr\/wp-json\/wp\/v2\/product\/3568","targetHints":{"allow":["GET"]}}],"collection":[{"href":"https:\/\/paunkovic.com\/fr\/wp-json\/wp\/v2\/product"}],"about":[{"href":"https:\/\/paunkovic.com\/fr\/wp-json\/wp\/v2\/types\/product"}],"replies":[{"embeddable":true,"href":"https:\/\/paunkovic.com\/fr\/wp-json\/wp\/v2\/comments?post=3568"}],"wp:featuredmedia":[{"embeddable":true,"href":"https:\/\/paunkovic.com\/fr\/wp-json\/wp\/v2\/media\/3569"}],"wp:attachment":[{"href":"https:\/\/paunkovic.com\/fr\/wp-json\/wp\/v2\/media?parent=3568"}],"wp:term":[{"taxonomy":"product_brand","embeddable":true,"href":"https:\/\/paunkovic.com\/fr\/wp-json\/wp\/v2\/product_brand?post=3568"},{"taxonomy":"product_cat","embeddable":true,"href":"https:\/\/paunkovic.com\/fr\/wp-json\/wp\/v2\/product_cat?post=3568"},{"taxonomy":"product_tag","embeddable":true,"href":"https:\/\/paunkovic.com\/fr\/wp-json\/wp\/v2\/product_tag?post=3568"}],"curies":[{"name":"wp","href":"https:\/\/api.w.org\/{rel}","templated":true}]}}