{"id":2385,"date":"2024-11-03T19:35:24","date_gmt":"2024-11-03T19:35:24","guid":{"rendered":"https:\/\/paunkovic.com\/?post_type=product&#038;p=2385"},"modified":"2024-11-08T14:07:21","modified_gmt":"2024-11-08T14:07:21","slug":"no-21-2","status":"publish","type":"product","link":"https:\/\/paunkovic.com\/it\/product\/no-21-2\/","title":{"rendered":"N. 21"},"content":{"rendered":"<p><strong>L &#8211; Digital print on canvas\/paper, size: 61 x 83.4 cm (24.015 x 32.83 in)<\/strong><\/p>\n<p>La stampa in edizione limitata di belle arti \u00e8 realizzata su carta di cotone 100% priva di acidi Canon da 320 g\/m2 o su tela Canon da 320 g\/m2, utilizzando inchiostro originale a pigmenti Canon archival LUCIA PRO che produce un'eccezionale vivacit\u00e0 del colore e neri profondi, per una grafica e una stampa di belle arti di grande impatto. Ogni stampa ha il proprio certificato di autenticit\u00e0 con numero di serie e firma dell'artista.<\/p>\n<p>La stampa viene accuratamente arrotolata in un tubo di cartone. Le dimensioni indicate si riferiscono alle dimensioni della carta o della tela.<\/p>\n<p><strong>M \u2013 Digital print on canvas\/paper, size: 61 x 45 cm (24.015 x 17.71 in)<\/strong><\/p>\n<p>La stampa in edizione limitata di belle arti \u00e8 realizzata su carta di cotone 100% priva di acidi Canon da 320 g\/m2 o su tela Canon da 320 g\/m2, utilizzando inchiostro originale a pigmenti Canon archival LUCIA PRO che produce un'eccezionale vivacit\u00e0 del colore e neri profondi, per una grafica e una stampa di belle arti di grande impatto. Ogni stampa ha il proprio certificato di autenticit\u00e0 con numero di serie e firma dell'artista.<\/p>\n<p>La stampa viene accuratamente arrotolata in un tubo di cartone. Le dimensioni indicate si riferiscono alle dimensioni della carta o della tela.<\/p>\n<p><strong>S \u2013 Digital print canvas\/paper, size: 45 x 33.57 cm (17.71 x 13.21 in)<\/strong><\/p>\n<p>EDIZIONE REGALO \u2013 Queste stampe non differiscono per qualit\u00e0 dall'edizione limitata, ma la loro serie non \u00e8 limitata, sono di formato pi\u00f9 piccolo e contengono la firma dell'artista. Inoltre, non hanno ricevuto un certificato di autenticit\u00e0.<\/p>\n<p>La stampa viene accuratamente arrotolata in un tubo di cartone. Le dimensioni indicate si riferiscono alle dimensioni della carta o della tela.<\/p>\n<p>&nbsp;<\/p>\n<p>Le stampe d'arte J&amp;A Paunkovic sono<strong> confezionato in tubi di cartone robusto.<\/strong><\/p>\n<p>Le stampe d'arte J&amp;A Paunkovic sono spedite <strong>via FedEx<\/strong> , con cui noi<strong> Ho un contratto.<\/strong><\/p>\n<p>Il <strong>scadenza<\/strong> per la consegna <strong>tra 3 e 10 giorni lavorativi<\/strong> <strong>giorni<\/strong> dalla data dell'ordine.<\/p>\n<p>Quando il tuo ordine sar\u00e0 stato spedito, riceverai una<strong> email di conferma<\/strong> e puoi <strong>traccia il tuo ordine sul sito web di FedEx<\/strong>.<\/p>\n<p>Per garantire che il tuo pacco sia <strong>consegnato correttamente<\/strong> e ricevi la spedizione entro i tempi di consegna che pubblicizziamo, assicurati che il tuo indirizzo sia <strong>completamente inserito e corretto<\/strong>. Facciamo <strong>non prendere<\/strong> responsabilit\u00e0 di <strong>informazioni errate<\/strong>. Se il tuo pacco \u00e8 <strong>ritornato a noi<\/strong> a causa di<strong> indirizzo errato<\/strong> informazioni, tu sarai <strong>caricato<\/strong> la tariffa di rispedizione se desideri ancora ricevere il tuo articolo.<\/p>\n<p>&nbsp;<\/p>\n<p><strong>Resi e rimborsi<\/strong><\/p>\n<p>A causa della natura collettiva dell'arte e dei prodotti artistici, non accettiamo rimborsi, resi o cambi a meno che l'articolo ricevuto non sia danneggiato.<\/p>\n<p>Se ricevi un articolo difettoso, ti preghiamo di contattarci entro 72 ore con una fotografia che mostri chiaramente il danno e ti invieremo uno nuovo a nostre spese.<\/p>\n<p>Una volta esaminata completamente la tua richiesta, ti informeremo se avrai diritto a un rimborso o a una sostituzione a seguito del danno. Se avrai diritto a una sostituzione o a un rimborso, sostituiremo il prodotto o rimborseremo il prezzo di acquisto, utilizzando il metodo di pagamento originale.<\/p>\n<p>A seconda del paese da cui ordini, potresti essere soggetto a determinate tasse e dazi non inclusi nel prezzo, e ci\u00f2 \u00e8 al di fuori del controllo dello studio d'arte J&amp;A Paunkovic.<\/p>\n<p>Se il pacco non dovesse arrivare entro il tempo stabilito, vi preghiamo di inviare un'email a paunkovicart@gmail.com e faremo del nostro meglio per scoprire il motivo del ritardo o vi invieremo un altro pacco a nostre spese.<\/p>","protected":false},"excerpt":{"rendered":"<p><strong>SPEDIZIONE GRATUITA<\/strong><\/p>\n<p>Tempo di consegna: <strong>da 3 a 10 giorni lavorativi<\/strong><\/p>\n<p>Questo <strong>Stampa in edizione limitata<\/strong> \u00e8 riprodotto dall'unico,<strong> dipinto unico nel suo genere<\/strong> creato nello studio d'arte J&amp;A Paunkovic. Il <strong>processo di creazione<\/strong> il dipinto originale prende da <strong>da 3 a 7 mesi.<\/strong><\/p>\n<ul>\n<li><strong>Alta qualit\u00e0<\/strong> stampa d'arte firmata dall'artista<\/li>\n<li>Ogni stampa \u00e8 firmata <strong>Certificato di autenticit\u00e0<\/strong><\/li>\n<li><strong>Inchiostri Premium<\/strong> per colori audaci e vivaci<\/li>\n<li>Rifinito su misura con <strong>controrno bianco<\/strong> per incorniciare<\/li>\n<li>Disponibile in 3 misure:<strong> L, M, S (carta\/tela)<\/strong><\/li>\n<\/ul>","protected":false},"featured_media":2393,"comment_status":"closed","ping_status":"closed","template":"","meta":{"site-sidebar-layout":"default","site-content-layout":"","ast-site-content-layout":"default","site-content-style":"default","site-sidebar-style":"default","ast-global-header-display":"","ast-banner-title-visibility":"","ast-main-header-display":"","ast-hfb-above-header-display":"","ast-hfb-below-header-display":"","ast-hfb-mobile-header-display":"","site-post-title":"","ast-breadcrumbs-content":"","ast-featured-img":"","footer-sml-layout":"","ast-disable-related-posts":"","theme-transparent-header-meta":"default","adv-header-id-meta":"","stick-header-meta":"default","header-above-stick-meta":"","header-main-stick-meta":"","header-below-stick-meta":"","astra-migrate-meta-layouts":"set","ast-page-background-enabled":"default","ast-page-background-meta":{"desktop":{"background-color":"","background-image":"","background-repeat":"repeat","background-position":"center center","background-size":"auto","background-attachment":"scroll","background-type":"","background-media":"","overlay-type":"","overlay-color":"","overlay-opacity":"","overlay-gradient":""},"tablet":{"background-color":"","background-image":"","background-repeat":"repeat","background-position":"center center","background-size":"auto","background-attachment":"scroll","background-type":"","background-media":"","overlay-type":"","overlay-color":"","overlay-opacity":"","overlay-gradient":""},"mobile":{"background-color":"","background-image":"","background-repeat":"repeat","background-position":"center center","background-size":"auto","background-attachment":"scroll","background-type":"","background-media":"","overlay-type":"","overlay-color":"","overlay-opacity":"","overlay-gradient":""}},"ast-content-background-meta":{"desktop":{"background-color":"var(--ast-global-color-5)","background-image":"","background-repeat":"repeat","background-position":"center center","background-size":"auto","background-attachment":"scroll","background-type":"","background-media":"","overlay-type":"","overlay-color":"","overlay-opacity":"","overlay-gradient":""},"tablet":{"background-color":"var(--ast-global-color-5)","background-image":"","background-repeat":"repeat","background-position":"center center","background-size":"auto","background-attachment":"scroll","background-type":"","background-media":"","overlay-type":"","overlay-color":"","overlay-opacity":"","overlay-gradient":""},"mobile":{"background-color":"var(--ast-global-color-5)","background-image":"","background-repeat":"repeat","background-position":"center center","background-size":"auto","background-attachment":"scroll","background-type":"","background-media":"","overlay-type":"","overlay-color":"","overlay-opacity":"","overlay-gradient":""}}},"product_brand":[],"product_cat":[32],"product_tag":[40,41,42],"class_list":{"0":"post-2385","1":"product","2":"type-product","3":"status-publish","4":"has-post-thumbnail","6":"product_cat-prints-limited-edition","7":"product_tag-art-prints","8":"product_tag-limited-edition","9":"product_tag-museum-quality","10":"pa_size-l","11":"pa_size-m","12":"pa_size-s","13":"desktop-align-center","14":"tablet-align-center","15":"mobile-align-center","16":"ast-product-gallery-layout-horizontal","17":"ast-product-single-variable","18":"ast-product-tabs-layout-accordion","19":"ast-qv-on-image","21":"first","22":"instock","23":"shipping-taxable","24":"purchasable","25":"product-type-variable"},"yoast_head":"<!-- This site is optimized with the Yoast SEO plugin v27.5 - https:\/\/yoast.com\/product\/yoast-seo-wordpress\/ -->\n<title>NO.21 - JA Paunkovic<\/title>\n<meta name=\"robots\" content=\"index, follow, max-snippet:-1, max-image-preview:large, max-video-preview:-1\" \/>\n<link rel=\"canonical\" href=\"https:\/\/paunkovic.com\/it\/product\/no-21-2\/\" \/>\n<meta property=\"og:locale\" content=\"it_IT\" \/>\n<meta property=\"og:type\" content=\"article\" \/>\n<meta property=\"og:title\" content=\"NO.21 - JA Paunkovic\" \/>\n<meta property=\"og:description\" content=\"FREE SHIPPING  Delivery time: 3 to 10 working days  This Limited edition print is reproduced from the unique, one-of-a-kind painting created in J&amp;A Paunkovic art studio. The process of creating the original painting takes from 3 to 7 months.   High quality fine art print signed by artist  Each print has a signed Certificate of authenticity  Premium inks for bold and vibrant colours  Custom trimmed with white border for framing  Available in 3 sizes: L , M , S (paper\/canvas)\" \/>\n<meta property=\"og:url\" content=\"https:\/\/paunkovic.com\/it\/product\/no-21-2\/\" \/>\n<meta property=\"og:site_name\" content=\"JA Paunkovic\" \/>\n<meta property=\"article:publisher\" content=\"https:\/\/www.facebook.com\/people\/JA-Paunkovic-art-studio\/100035498963663\/\" \/>\n<meta property=\"article:modified_time\" content=\"2024-11-08T14:07:21+00:00\" \/>\n<meta property=\"og:image\" content=\"https:\/\/paunkovic.com\/wp-content\/uploads\/2024\/11\/Original-painting.jpg\" \/>\n\t<meta property=\"og:image:width\" content=\"2000\" \/>\n\t<meta property=\"og:image:height\" content=\"2000\" \/>\n\t<meta property=\"og:image:type\" content=\"image\/jpeg\" \/>\n<meta name=\"twitter:card\" content=\"summary_large_image\" \/>\n<meta name=\"twitter:label1\" content=\"Tempo di lettura stimato\" \/>\n\t<meta name=\"twitter:data1\" content=\"3 minuti\" \/>\n<script type=\"application\/ld+json\" class=\"yoast-schema-graph\">{\"@context\":\"https:\\\/\\\/schema.org\",\"@graph\":[{\"@type\":\"WebPage\",\"@id\":\"https:\\\/\\\/paunkovic.com\\\/product\\\/no-21-2\\\/\",\"url\":\"https:\\\/\\\/paunkovic.com\\\/product\\\/no-21-2\\\/\",\"name\":\"NO.21 - JA Paunkovic\",\"isPartOf\":{\"@id\":\"https:\\\/\\\/paunkovic.com\\\/#website\"},\"primaryImageOfPage\":{\"@id\":\"https:\\\/\\\/paunkovic.com\\\/product\\\/no-21-2\\\/#primaryimage\"},\"image\":{\"@id\":\"https:\\\/\\\/paunkovic.com\\\/product\\\/no-21-2\\\/#primaryimage\"},\"thumbnailUrl\":\"https:\\\/\\\/paunkovic.com\\\/wp-content\\\/uploads\\\/2024\\\/11\\\/Original-painting.jpg\",\"datePublished\":\"2024-11-03T19:35:24+00:00\",\"dateModified\":\"2024-11-08T14:07:21+00:00\",\"breadcrumb\":{\"@id\":\"https:\\\/\\\/paunkovic.com\\\/product\\\/no-21-2\\\/#breadcrumb\"},\"inLanguage\":\"it-IT\",\"potentialAction\":[{\"@type\":\"ReadAction\",\"target\":[\"https:\\\/\\\/paunkovic.com\\\/product\\\/no-21-2\\\/\"]}]},{\"@type\":\"ImageObject\",\"inLanguage\":\"it-IT\",\"@id\":\"https:\\\/\\\/paunkovic.com\\\/product\\\/no-21-2\\\/#primaryimage\",\"url\":\"https:\\\/\\\/paunkovic.com\\\/wp-content\\\/uploads\\\/2024\\\/11\\\/Original-painting.jpg\",\"contentUrl\":\"https:\\\/\\\/paunkovic.com\\\/wp-content\\\/uploads\\\/2024\\\/11\\\/Original-painting.jpg\",\"width\":2000,\"height\":2000},{\"@type\":\"BreadcrumbList\",\"@id\":\"https:\\\/\\\/paunkovic.com\\\/product\\\/no-21-2\\\/#breadcrumb\",\"itemListElement\":[{\"@type\":\"ListItem\",\"position\":1,\"name\":\"Home\",\"item\":\"https:\\\/\\\/paunkovic.com\\\/\"},{\"@type\":\"ListItem\",\"position\":2,\"name\":\"Shop\",\"item\":\"https:\\\/\\\/paunkovic.com\\\/shop\\\/\"},{\"@type\":\"ListItem\",\"position\":3,\"name\":\"NO.21\"}]},{\"@type\":\"WebSite\",\"@id\":\"https:\\\/\\\/paunkovic.com\\\/#website\",\"url\":\"https:\\\/\\\/paunkovic.com\\\/\",\"name\":\"JA Paunkovic\",\"description\":\"art inspired by nature\",\"publisher\":{\"@id\":\"https:\\\/\\\/paunkovic.com\\\/#organization\"},\"potentialAction\":[{\"@type\":\"SearchAction\",\"target\":{\"@type\":\"EntryPoint\",\"urlTemplate\":\"https:\\\/\\\/paunkovic.com\\\/?s={search_term_string}\"},\"query-input\":{\"@type\":\"PropertyValueSpecification\",\"valueRequired\":true,\"valueName\":\"search_term_string\"}}],\"inLanguage\":\"it-IT\"},{\"@type\":\"Organization\",\"@id\":\"https:\\\/\\\/paunkovic.com\\\/#organization\",\"name\":\"JA Paunkovic art studio\",\"url\":\"https:\\\/\\\/paunkovic.com\\\/\",\"logo\":{\"@type\":\"ImageObject\",\"inLanguage\":\"it-IT\",\"@id\":\"https:\\\/\\\/paunkovic.com\\\/#\\\/schema\\\/logo\\\/image\\\/\",\"url\":\"https:\\\/\\\/paunkovic.com\\\/wp-content\\\/uploads\\\/2024\\\/10\\\/cropped-favicon.png\",\"contentUrl\":\"https:\\\/\\\/paunkovic.com\\\/wp-content\\\/uploads\\\/2024\\\/10\\\/cropped-favicon.png\",\"width\":512,\"height\":512,\"caption\":\"JA Paunkovic art studio\"},\"image\":{\"@id\":\"https:\\\/\\\/paunkovic.com\\\/#\\\/schema\\\/logo\\\/image\\\/\"},\"sameAs\":[\"https:\\\/\\\/www.facebook.com\\\/people\\\/JA-Paunkovic-art-studio\\\/100035498963663\\\/\",\"https:\\\/\\\/www.instagram.com\\\/paunkovicart\\\/\",\"https:\\\/\\\/www.youtube.com\\\/channel\\\/UCU-Blld6rytSCTWTQzW6Unw\"]}]}<\/script>\n<!-- \/ Yoast SEO plugin. -->","yoast_head_json":{"title":"NO.21 - JA Paunkovic","robots":{"index":"index","follow":"follow","max-snippet":"max-snippet:-1","max-image-preview":"max-image-preview:large","max-video-preview":"max-video-preview:-1"},"canonical":"https:\/\/paunkovic.com\/it\/product\/no-21-2\/","og_locale":"it_IT","og_type":"article","og_title":"NO.21 - JA Paunkovic","og_description":"FREE SHIPPING  Delivery time: 3 to 10 working days  This Limited edition print is reproduced from the unique, one-of-a-kind painting created in J&amp;A Paunkovic art studio. The process of creating the original painting takes from 3 to 7 months.   High quality fine art print signed by artist  Each print has a signed Certificate of authenticity  Premium inks for bold and vibrant colours  Custom trimmed with white border for framing  Available in 3 sizes: L , M , S (paper\/canvas)","og_url":"https:\/\/paunkovic.com\/it\/product\/no-21-2\/","og_site_name":"JA Paunkovic","article_publisher":"https:\/\/www.facebook.com\/people\/JA-Paunkovic-art-studio\/100035498963663\/","article_modified_time":"2024-11-08T14:07:21+00:00","og_image":[{"width":2000,"height":2000,"url":"https:\/\/paunkovic.com\/wp-content\/uploads\/2024\/11\/Original-painting.jpg","type":"image\/jpeg"}],"twitter_card":"summary_large_image","twitter_misc":{"Tempo di lettura stimato":"3 minuti"},"schema":{"@context":"https:\/\/schema.org","@graph":[{"@type":"WebPage","@id":"https:\/\/paunkovic.com\/product\/no-21-2\/","url":"https:\/\/paunkovic.com\/product\/no-21-2\/","name":"NO.21 - JA Paunkovic","isPartOf":{"@id":"https:\/\/paunkovic.com\/#website"},"primaryImageOfPage":{"@id":"https:\/\/paunkovic.com\/product\/no-21-2\/#primaryimage"},"image":{"@id":"https:\/\/paunkovic.com\/product\/no-21-2\/#primaryimage"},"thumbnailUrl":"https:\/\/paunkovic.com\/wp-content\/uploads\/2024\/11\/Original-painting.jpg","datePublished":"2024-11-03T19:35:24+00:00","dateModified":"2024-11-08T14:07:21+00:00","breadcrumb":{"@id":"https:\/\/paunkovic.com\/product\/no-21-2\/#breadcrumb"},"inLanguage":"it-IT","potentialAction":[{"@type":"ReadAction","target":["https:\/\/paunkovic.com\/product\/no-21-2\/"]}]},{"@type":"ImageObject","inLanguage":"it-IT","@id":"https:\/\/paunkovic.com\/product\/no-21-2\/#primaryimage","url":"https:\/\/paunkovic.com\/wp-content\/uploads\/2024\/11\/Original-painting.jpg","contentUrl":"https:\/\/paunkovic.com\/wp-content\/uploads\/2024\/11\/Original-painting.jpg","width":2000,"height":2000},{"@type":"BreadcrumbList","@id":"https:\/\/paunkovic.com\/product\/no-21-2\/#breadcrumb","itemListElement":[{"@type":"ListItem","position":1,"name":"Home","item":"https:\/\/paunkovic.com\/"},{"@type":"ListItem","position":2,"name":"Shop","item":"https:\/\/paunkovic.com\/shop\/"},{"@type":"ListItem","position":3,"name":"NO.21"}]},{"@type":"WebSite","@id":"https:\/\/paunkovic.com\/#website","url":"https:\/\/paunkovic.com\/","name":"JA Paunkovic","description":"arte ispirata dalla natura","publisher":{"@id":"https:\/\/paunkovic.com\/#organization"},"potentialAction":[{"@type":"SearchAction","target":{"@type":"EntryPoint","urlTemplate":"https:\/\/paunkovic.com\/?s={search_term_string}"},"query-input":{"@type":"PropertyValueSpecification","valueRequired":true,"valueName":"search_term_string"}}],"inLanguage":"it-IT"},{"@type":"Organization","@id":"https:\/\/paunkovic.com\/#organization","name":"Studio d'arte JA Paunkovic","url":"https:\/\/paunkovic.com\/","logo":{"@type":"ImageObject","inLanguage":"it-IT","@id":"https:\/\/paunkovic.com\/#\/schema\/logo\/image\/","url":"https:\/\/paunkovic.com\/wp-content\/uploads\/2024\/10\/cropped-favicon.png","contentUrl":"https:\/\/paunkovic.com\/wp-content\/uploads\/2024\/10\/cropped-favicon.png","width":512,"height":512,"caption":"JA Paunkovic art studio"},"image":{"@id":"https:\/\/paunkovic.com\/#\/schema\/logo\/image\/"},"sameAs":["https:\/\/www.facebook.com\/people\/JA-Paunkovic-art-studio\/100035498963663\/","https:\/\/www.instagram.com\/paunkovicart\/","https:\/\/www.youtube.com\/channel\/UCU-Blld6rytSCTWTQzW6Unw"]}]}},"_links":{"self":[{"href":"https:\/\/paunkovic.com\/it\/wp-json\/wp\/v2\/product\/2385","targetHints":{"allow":["GET"]}}],"collection":[{"href":"https:\/\/paunkovic.com\/it\/wp-json\/wp\/v2\/product"}],"about":[{"href":"https:\/\/paunkovic.com\/it\/wp-json\/wp\/v2\/types\/product"}],"replies":[{"embeddable":true,"href":"https:\/\/paunkovic.com\/it\/wp-json\/wp\/v2\/comments?post=2385"}],"wp:featuredmedia":[{"embeddable":true,"href":"https:\/\/paunkovic.com\/it\/wp-json\/wp\/v2\/media\/2393"}],"wp:attachment":[{"href":"https:\/\/paunkovic.com\/it\/wp-json\/wp\/v2\/media?parent=2385"}],"wp:term":[{"taxonomy":"product_brand","embeddable":true,"href":"https:\/\/paunkovic.com\/it\/wp-json\/wp\/v2\/product_brand?post=2385"},{"taxonomy":"product_cat","embeddable":true,"href":"https:\/\/paunkovic.com\/it\/wp-json\/wp\/v2\/product_cat?post=2385"},{"taxonomy":"product_tag","embeddable":true,"href":"https:\/\/paunkovic.com\/it\/wp-json\/wp\/v2\/product_tag?post=2385"}],"curies":[{"name":"wp","href":"https:\/\/api.w.org\/{rel}","templated":true}]}}